{"id":4100,"date":"2025-09-04T15:43:11","date_gmt":"2025-09-04T15:43:11","guid":{"rendered":"https:\/\/ictrainer.de\/cgv\/"},"modified":"2025-09-04T15:43:15","modified_gmt":"2025-09-04T15:43:15","slug":"cgv","status":"publish","type":"page","link":"https:\/\/ictrainer.de\/fr\/cgv\/","title":{"rendered":"CGV"},"content":{"rendered":"\n<p><strong>\u00a71 Validit\u00e9 vis-\u00e0-vis des entrepreneurs et d\u00e9finition des termes<\/strong><\/p>\n\n<p>(1) Les conditions g\u00e9n\u00e9rales de vente suivantes s&rsquo;appliquent \u00e0 toutes les livraisons entre nous et un consommateur, dans leur version en vigueur au moment de la commande.<\/p>\n\n<p>Le consommateur est toute personne physique qui conclut un acte juridique \u00e0 des fins qui, pour la plupart, ne peuvent \u00eatre attribu\u00e9es ni \u00e0 son activit\u00e9 commerciale ni \u00e0 son activit\u00e9 professionnelle ind\u00e9pendante (\u00a7 13 BGB).<\/p>\n\n<p><strong>\u00a72 R\u00e9alisation d&rsquo;un contrat, enregistrement du texte du contrat<\/strong><\/p>\n\n<p>(1) Les r\u00e8gles suivantes relatives \u00e0 la conclusion du contrat s&rsquo;appliquent aux commandes pass\u00e9es via l&rsquo;application icTrainer.<\/p>\n\n<p>(2) En cas de conclusion du contrat, le contrat est conclu avec<\/p>\n\n<p>Indoor Training UG<br\/>Luhnenstr.12<br\/>D-30559 Hanovre<\/p>\n\n<p>se r\u00e9alise.<\/p>\n\n<p>(3) La pr\u00e9sentation des t\u00e9l\u00e9chargements et des cl\u00e9s de licence dans notre application icTrainer ne constitue pas une offre de contrat juridiquement contraignante de notre part, mais seulement une invitation non contraignante pour le consommateur \u00e0 commander des t\u00e9l\u00e9chargements ou la cl\u00e9 de licence. En commandant le t\u00e9l\u00e9chargement\/la cl\u00e9 de licence souhait\u00e9(e), le consommateur fait une offre qui l&rsquo;engage \u00e0 conclure un contrat d&rsquo;achat. <\/p>\n\n<p>(4) Lorsqu&rsquo;une commande est re\u00e7ue dans notre application icTrainer, les r\u00e8gles suivantes s&rsquo;appliquent : Le consommateur fait une offre de contrat ferme en suivant avec succ\u00e8s la proc\u00e9dure de commande pr\u00e9vue dans notre boutique Internet.<\/p>\n\n<p>La commande se fait en suivant les \u00e9tapes suivantes :<\/p>\n\n<p>1) S\u00e9lectionner le t\u00e9l\u00e9chargement\/la cl\u00e9 de licence souhait\u00e9e en cliquant sur le bouton avec le prix affich\u00e9.<\/p>\n\n<p>2) Confirmer le paiement dans les dialogues PayPal\/AppStore<\/p>\n\n<p>Le consommateur peut \u00e0 tout moment annuler le processus de paiement et donc la commande dans les bo\u00eetes de dialogue PayPal\/AppStore ou fermer la bo\u00eete de dialogue PayPal\/AppStore pour corriger des erreurs de saisie ou annuler le processus de commande. Nous confirmons imm\u00e9diatement la r\u00e9ception de la commande par une information dans l&rsquo;application o\u00f9 le t\u00e9l\u00e9chargement ou la cl\u00e9 de licence est alors activ\u00e9(e). <\/p>\n\n<p>(5) Sauvegarde du texte du contrat pour les commandes pass\u00e9es via notre application icTrainer : tu peux aussi consulter les CGV \u00e0 tout moment sur<br\/>https:\/\/www.ictrainer.de\/pdf\/icTrainer_Geschaeftsbedingungen_DE.pdf<br\/>. Pour des raisons de s\u00e9curit\u00e9, les donn\u00e9es de ta commande ne sont plus accessibles sur Internet. Les d\u00e9tails de la commande sont toutefois visibles dans ton compte PayPal\/AppStore (si disponible).  <\/p>\n\n<p><strong>\u00a73 Prix, frais d&rsquo;exp\u00e9dition, paiement, \u00e9ch\u00e9ance<\/strong><\/p>\n\n<p>(1) Les prix indiqu\u00e9s comprennent la taxe sur la valeur ajout\u00e9e l\u00e9gale et d&rsquo;autres \u00e9l\u00e9ments de prix. Il n&rsquo;y a pas de frais d&rsquo;exp\u00e9dition. <\/p>\n\n<p>(2) Le consommateur a la possibilit\u00e9 de payer par pr\u00e9l\u00e8vement automatique, PayPal, carte de cr\u00e9dit( Visa, Mastercard, American Express ) .<\/p>\n\n<p>(3) L&rsquo;application icTrainer peut \u00eatre ex\u00e9cut\u00e9e gratuitement, mais elle ne prend alors en charge que les s\u00e9ances d&rsquo;entra\u00eenement de 30 minutes maximum. Si tu veux faire des s\u00e9ances d&rsquo;entra\u00eenement plus longues, tu dois activer cette fonction en payant un abonnement annuel. <\/p>\n\n<p>(4) La cotisation annuelle pour les nouveaux membres n&rsquo;est que de 23,49 euros au mois de septembre 2022.<\/p>\n\n<p>(5) Tu peux renouveler ta licence \u00e0 tout moment, de sorte qu&rsquo;il te reste 365 jours \u00e0 disposition, et les jours restants dans l&rsquo;abonnement annuel seront d\u00e9duits du prix. C&rsquo;est pourquoi l&rsquo;application affiche toujours le prix actuel pour un renouvellement de la licence pour les 365 jours suivants. <\/p>\n\n<p><strong>\u00a74 Livraison<\/strong><\/p>\n\n<p>(1) Sauf si nous l&rsquo;avons clairement indiqu\u00e9 dans la description du produit, tous les articles que nous proposons sont imm\u00e9diatement activ\u00e9s\/t\u00e9l\u00e9chargeables dans l&rsquo;application icTrainer.<\/p>\n\n<p>(2) M\u00eame en cas de vente par correspondance, le risque de perte ou de d\u00e9t\u00e9rioration accidentelle de la chose vendue n&rsquo;est transf\u00e9r\u00e9 \u00e0 l&rsquo;acheteur qu&rsquo;au moment de la remise de la chose \u00e0 ce dernier.<\/p>\n\n<p><strong>\u00a75 R\u00e9serve de propri\u00e9t\u00e9<\/strong><\/p>\n\n<p>Nous nous r\u00e9servons la propri\u00e9t\u00e9 de la marchandise jusqu&rsquo;au paiement int\u00e9gral du prix d&rsquo;achat.<\/p>\n\n<p><strong>\u00a76 Droit de r\u00e9tractation du client en tant que consommateur :<\/strong><\/p>\n\n<p>Droit de r\u00e9tractation pour les consommateurs<\/p>\n\n<p>Les consommateurs disposent d&rsquo;un droit de r\u00e9tractation conform\u00e9ment aux dispositions suivantes, le consommateur \u00e9tant toute personne physique qui conclut un acte juridique \u00e0 des fins qui, pour l&rsquo;essentiel, ne peuvent \u00eatre attribu\u00e9es ni \u00e0 son activit\u00e9 commerciale ni \u00e0 son activit\u00e9 professionnelle ind\u00e9pendante :<\/p>\n\n<p>Tu as le droit de te r\u00e9tracter de ce contrat dans un d\u00e9lai de quatorze jours sans donner de raisons.<\/p>\n\n<p>Le d\u00e9lai de r\u00e9tractation est de quatorze jours \u00e0 compter de la date \u00e0 laquelle le t\u00e9l\u00e9chargement\/la cl\u00e9 de licence a \u00e9t\u00e9 activ\u00e9(e) dans l&rsquo;application icTrainer, ce qui se produit directement apr\u00e8s le paiement r\u00e9ussi.<\/p>\n\n<p>Pour exercer ton droit de r\u00e9tractation, tu dois nous envoyer<\/p>\n\n<p>Indoor Training UG<br\/>Luhnenstr.12<br\/>D-30559 Hannover <br\/>E-mail : objection@ictrainer.com<\/p>\n\n<p>au moyen d&rsquo;une d\u00e9claration claire (par exemple une lettre envoy\u00e9e par la poste, un fax ou un e-mail) de ta d\u00e9cision de te r\u00e9tracter de ce contrat. Pour ce faire, tu peux utiliser le mod\u00e8le de formulaire de r\u00e9tractation ci-joint, qui n&rsquo;est toutefois pas obligatoire. <\/p>\n\n<p>Cons\u00e9quences de la r\u00e9tractation<\/p>\n\n<p>Si tu r\u00e9voques ce contrat, nous te rembourserons tous les paiements que nous avons re\u00e7us de ta part sans d\u00e9lai et au plus tard dans les quatorze jours \u00e0 compter de la date \u00e0 laquelle nous avons re\u00e7u la communication de ta r\u00e9vocation de ce contrat. Pour ce remboursement, nous utiliserons le m\u00eame moyen de paiement que celui que tu as utilis\u00e9 lors de la transaction initiale, sauf accord contraire avec toi ; si le paiement a \u00e9t\u00e9 effectu\u00e9 via une boutique d&rsquo;applications externe, nous nous r\u00e9servons le droit de d\u00e9duire les frais externes du remboursement.   <\/p>\n\n<p>Nous pouvons refuser le remboursement s&rsquo;ils n&rsquo;ont pas confirm\u00e9 la d\u00e9sactivation de leur cl\u00e9 de licence\/t\u00e9l\u00e9chargement.<\/p>\n\n<p>Fin de l&rsquo;information sur la r\u00e9tractation<\/p>\n\n<p><strong>\u00a77 Formulaire de r\u00e9tractation<\/strong><\/p>\n\n<p>Mod\u00e8le de formulaire de r\u00e9tractation<\/p>\n\n<p>(Si tu veux annuler le contrat, remplis ce formulaire et renvoie-le).<\/p>\n\n<p>A :<\/p>\n\n<p>Indoor Training UG<br\/>Luhnenstr.12<br\/>D-30559 Hannover <br\/>E-mail : objection@ictrainer.com<\/p>\n\n<p>Par la pr\u00e9sente, je\/nous (*) annule(ons) le contrat que j&rsquo;ai\/nous avons (*) conclu pour l&rsquo;achat des marchandises suivantes (*)\/la fourniture du service suivant (*)<\/p>\n\n<p>_____________________________________________________<\/p>\n\n<p>Command\u00e9 le<\/p>\n\n<p>__________________<\/p>\n\n<p>Nom du\/des consommateur(s)<\/p>\n\n<p>_____________________________________________________<\/p>\n\n<p>Adresse du\/des consommateur(s)<\/p>\n\n<p>_____________________________________________________<\/p>\n\n<p>Signature du\/des consommateur(s) (uniquement en cas de communication sur papier)<\/p>\n\n<p>__________________<\/p>\n\n<p>Date<\/p>\n\n<p>__________________<\/p>\n\n<p>(*) Biffer la mention inutile.<\/p>\n\n<p><strong>\u00a78 Garantie<\/strong><\/p>\n\n<p>Les r\u00e8gles de garantie l\u00e9gales s&rsquo;appliquent.<\/p>\n\n<p><strong>\u00a79 Langue du contrat<\/strong><\/p>\n\n<p>La langue du contrat est exclusivement l&rsquo;allemand.<\/p>\n\n<p>CGV gratuites cr\u00e9\u00e9es par agb.fr<\/p>\n","protected":false},"excerpt":{"rendered":"<p>\u00a71 Validit\u00e9 vis-\u00e0-vis des entrepreneurs et d\u00e9finition des termes (1) Les conditions g\u00e9n\u00e9rales de vente suivantes s&rsquo;appliquent \u00e0 toutes les livraisons entre nous et un consommateur, dans leur version en vigueur au moment de la commande. Le consommateur est toute personne physique qui conclut un acte juridique \u00e0 des fins qui, pour la plupart, ne [&hellip;]<\/p>\n","protected":false},"author":1,"featured_media":0,"parent":0,"menu_order":0,"comment_status":"closed","ping_status":"closed","template":"","meta":{"_uag_custom_page_level_css":"","site-sidebar-layout":"default","site-content-layout":"","ast-site-content-layout":"default","site-content-style":"default","site-sidebar-style":"default","ast-global-header-display":"","ast-banner-title-visibility":"","ast-main-header-display":"","ast-hfb-above-header-display":"","ast-hfb-below-header-display":"","ast-hfb-mobile-header-display":"","site-post-title":"","ast-breadcrumbs-content":"","ast-featured-img":"","footer-sml-layout":"","ast-disable-related-posts":"","theme-transparent-header-meta":"","adv-header-id-meta":"","stick-header-meta":"","header-above-stick-meta":"","header-main-stick-meta":"","header-below-stick-meta":"","astra-migrate-meta-layouts":"default","ast-page-background-enabled":"default","ast-page-background-meta":{"desktop":{"background-color":"var(--ast-global-color-4)","background-image":"","background-repeat":"repeat","background-position":"center center","background-size":"auto","background-attachment":"scroll","background-type":"","background-media":"","overlay-type":"","overlay-color":"","overlay-opacity":"","overlay-gradient":""},"tablet":{"background-color":"","background-image":"","background-repeat":"repeat","background-position":"center center","background-size":"auto","background-attachment":"scroll","background-type":"","background-media":"","overlay-type":"","overlay-color":"","overlay-opacity":"","overlay-gradient":""},"mobile":{"background-color":"","background-image":"","background-repeat":"repeat","background-position":"center center","background-size":"auto","background-attachment":"scroll","background-type":"","background-media":"","overlay-type":"","overlay-color":"","overlay-opacity":"","overlay-gradient":""}},"ast-content-background-meta":{"desktop":{"background-color":"var(--ast-global-color-5)","background-image":"","background-repeat":"repeat","background-position":"center center","background-size":"auto","background-attachment":"scroll","background-type":"","background-media":"","overlay-type":"","overlay-color":"","overlay-opacity":"","overlay-gradient":""},"tablet":{"background-color":"var(--ast-global-color-5)","background-image":"","background-repeat":"repeat","background-position":"center center","background-size":"auto","background-attachment":"scroll","background-type":"","background-media":"","overlay-type":"","overlay-color":"","overlay-opacity":"","overlay-gradient":""},"mobile":{"background-color":"var(--ast-global-color-5)","background-image":"","background-repeat":"repeat","background-position":"center center","background-size":"auto","background-attachment":"scroll","background-type":"","background-media":"","overlay-type":"","overlay-color":"","overlay-opacity":"","overlay-gradient":""}},"footnotes":""},"class_list":["post-4100","page","type-page","status-publish","hentry"],"yoast_head":"<!-- This site is optimized with the Yoast SEO Premium plugin v27.3 (Yoast SEO v27.4) - https:\/\/yoast.com\/product\/yoast-seo-premium-wordpress\/ -->\n<title>Just Train - No Game<\/title>\n<meta name=\"robots\" content=\"index, follow, max-snippet:-1, max-image-preview:large, max-video-preview:-1\" \/>\n<link rel=\"canonical\" href=\"https:\/\/ictrainer.de\/fr\/cgv\/\" \/>\n<meta property=\"og:locale\" content=\"fr_FR\" \/>\n<meta property=\"og:type\" content=\"article\" \/>\n<meta property=\"og:title\" content=\"CGV\" \/>\n<meta property=\"og:description\" content=\"\u00a71 Validit\u00e9 vis-\u00e0-vis des entrepreneurs et d\u00e9finition des termes (1) Les conditions g\u00e9n\u00e9rales de vente suivantes s&rsquo;appliquent \u00e0 toutes les livraisons entre nous et un consommateur, dans leur version en vigueur au moment de la commande. Le consommateur est toute personne physique qui conclut un acte juridique \u00e0 des fins qui, pour la plupart, ne [&hellip;]\" \/>\n<meta property=\"og:url\" content=\"https:\/\/ictrainer.de\/fr\/cgv\/\" \/>\n<meta property=\"og:site_name\" content=\"icTrainer\" \/>\n<meta property=\"article:publisher\" content=\"https:\/\/www.facebook.com\/icTrainer-2225105191083880\" \/>\n<meta property=\"article:modified_time\" content=\"2025-09-04T15:43:15+00:00\" \/>\n<meta property=\"og:image\" content=\"https:\/\/ictrainer.de\/wp-content\/uploads\/2022\/01\/iStock-1220886096.jpg\" \/>\n\t<meta property=\"og:image:width\" content=\"1254\" \/>\n\t<meta property=\"og:image:height\" content=\"836\" \/>\n\t<meta property=\"og:image:type\" content=\"image\/jpeg\" \/>\n<meta name=\"twitter:card\" content=\"summary_large_image\" \/>\n<meta name=\"twitter:label1\" content=\"Dur\u00e9e de lecture estim\u00e9e\" \/>\n\t<meta name=\"twitter:data1\" content=\"5 minutes\" \/>\n<script type=\"application\/ld+json\" class=\"yoast-schema-graph\">{\"@context\":\"https:\\\/\\\/schema.org\",\"@graph\":[{\"@type\":\"WebPage\",\"@id\":\"https:\\\/\\\/ictrainer.de\\\/fr\\\/cgv\\\/\",\"url\":\"https:\\\/\\\/ictrainer.de\\\/fr\\\/cgv\\\/\",\"name\":\"Just Train - No Game\",\"isPartOf\":{\"@id\":\"https:\\\/\\\/ictrainer.de\\\/fr\\\/#website\"},\"datePublished\":\"2025-09-04T15:43:11+00:00\",\"dateModified\":\"2025-09-04T15:43:15+00:00\",\"breadcrumb\":{\"@id\":\"https:\\\/\\\/ictrainer.de\\\/fr\\\/cgv\\\/#breadcrumb\"},\"inLanguage\":\"fr-FR\",\"potentialAction\":[{\"@type\":\"ReadAction\",\"target\":[\"https:\\\/\\\/ictrainer.de\\\/fr\\\/cgv\\\/\"]}]},{\"@type\":\"BreadcrumbList\",\"@id\":\"https:\\\/\\\/ictrainer.de\\\/fr\\\/cgv\\\/#breadcrumb\",\"itemListElement\":[{\"@type\":\"ListItem\",\"position\":1,\"name\":\"Startseite\",\"item\":\"https:\\\/\\\/ictrainer.de\\\/fr\\\/\"},{\"@type\":\"ListItem\",\"position\":2,\"name\":\"CGV\"}]},{\"@type\":\"WebSite\",\"@id\":\"https:\\\/\\\/ictrainer.de\\\/fr\\\/#website\",\"url\":\"https:\\\/\\\/ictrainer.de\\\/fr\\\/\",\"name\":\"icTrainer\",\"description\":\"Just Train - No Game\",\"publisher\":{\"@id\":\"https:\\\/\\\/ictrainer.de\\\/fr\\\/#organization\"},\"potentialAction\":[{\"@type\":\"SearchAction\",\"target\":{\"@type\":\"EntryPoint\",\"urlTemplate\":\"https:\\\/\\\/ictrainer.de\\\/fr\\\/?s={search_term_string}\"},\"query-input\":{\"@type\":\"PropertyValueSpecification\",\"valueRequired\":true,\"valueName\":\"search_term_string\"}}],\"inLanguage\":\"fr-FR\"},{\"@type\":\"Organization\",\"@id\":\"https:\\\/\\\/ictrainer.de\\\/fr\\\/#organization\",\"name\":\"icTrainer\",\"url\":\"https:\\\/\\\/ictrainer.de\\\/fr\\\/\",\"logo\":{\"@type\":\"ImageObject\",\"inLanguage\":\"fr-FR\",\"@id\":\"https:\\\/\\\/ictrainer.de\\\/fr\\\/#\\\/schema\\\/logo\\\/image\\\/\",\"url\":\"\",\"contentUrl\":\"\",\"caption\":\"icTrainer\"},\"image\":{\"@id\":\"https:\\\/\\\/ictrainer.de\\\/fr\\\/#\\\/schema\\\/logo\\\/image\\\/\"},\"sameAs\":[\"https:\\\/\\\/www.facebook.com\\\/icTrainer-2225105191083880\",\"https:\\\/\\\/www.youtube.com\\\/channel\\\/UCA8JtIJrsuwIuYdXJupFuHQ\\\/videos\"]}]}<\/script>\n<!-- \/ Yoast SEO Premium plugin. -->","yoast_head_json":{"title":"Just Train - No Game","robots":{"index":"index","follow":"follow","max-snippet":"max-snippet:-1","max-image-preview":"max-image-preview:large","max-video-preview":"max-video-preview:-1"},"canonical":"https:\/\/ictrainer.de\/fr\/cgv\/","og_locale":"fr_FR","og_type":"article","og_title":"CGV","og_description":"\u00a71 Validit\u00e9 vis-\u00e0-vis des entrepreneurs et d\u00e9finition des termes (1) Les conditions g\u00e9n\u00e9rales de vente suivantes s&rsquo;appliquent \u00e0 toutes les livraisons entre nous et un consommateur, dans leur version en vigueur au moment de la commande. Le consommateur est toute personne physique qui conclut un acte juridique \u00e0 des fins qui, pour la plupart, ne [&hellip;]","og_url":"https:\/\/ictrainer.de\/fr\/cgv\/","og_site_name":"icTrainer","article_publisher":"https:\/\/www.facebook.com\/icTrainer-2225105191083880","article_modified_time":"2025-09-04T15:43:15+00:00","og_image":[{"width":1254,"height":836,"url":"https:\/\/ictrainer.de\/wp-content\/uploads\/2022\/01\/iStock-1220886096.jpg","type":"image\/jpeg"}],"twitter_card":"summary_large_image","twitter_misc":{"Dur\u00e9e de lecture estim\u00e9e":"5 minutes"},"schema":{"@context":"https:\/\/schema.org","@graph":[{"@type":"WebPage","@id":"https:\/\/ictrainer.de\/fr\/cgv\/","url":"https:\/\/ictrainer.de\/fr\/cgv\/","name":"Just Train - No Game","isPartOf":{"@id":"https:\/\/ictrainer.de\/fr\/#website"},"datePublished":"2025-09-04T15:43:11+00:00","dateModified":"2025-09-04T15:43:15+00:00","breadcrumb":{"@id":"https:\/\/ictrainer.de\/fr\/cgv\/#breadcrumb"},"inLanguage":"fr-FR","potentialAction":[{"@type":"ReadAction","target":["https:\/\/ictrainer.de\/fr\/cgv\/"]}]},{"@type":"BreadcrumbList","@id":"https:\/\/ictrainer.de\/fr\/cgv\/#breadcrumb","itemListElement":[{"@type":"ListItem","position":1,"name":"Startseite","item":"https:\/\/ictrainer.de\/fr\/"},{"@type":"ListItem","position":2,"name":"CGV"}]},{"@type":"WebSite","@id":"https:\/\/ictrainer.de\/fr\/#website","url":"https:\/\/ictrainer.de\/fr\/","name":"icTrainer","description":"Just Train - No Game","publisher":{"@id":"https:\/\/ictrainer.de\/fr\/#organization"},"potentialAction":[{"@type":"SearchAction","target":{"@type":"EntryPoint","urlTemplate":"https:\/\/ictrainer.de\/fr\/?s={search_term_string}"},"query-input":{"@type":"PropertyValueSpecification","valueRequired":true,"valueName":"search_term_string"}}],"inLanguage":"fr-FR"},{"@type":"Organization","@id":"https:\/\/ictrainer.de\/fr\/#organization","name":"icTrainer","url":"https:\/\/ictrainer.de\/fr\/","logo":{"@type":"ImageObject","inLanguage":"fr-FR","@id":"https:\/\/ictrainer.de\/fr\/#\/schema\/logo\/image\/","url":"","contentUrl":"","caption":"icTrainer"},"image":{"@id":"https:\/\/ictrainer.de\/fr\/#\/schema\/logo\/image\/"},"sameAs":["https:\/\/www.facebook.com\/icTrainer-2225105191083880","https:\/\/www.youtube.com\/channel\/UCA8JtIJrsuwIuYdXJupFuHQ\/videos"]}]}},"uagb_featured_image_src":{"full":false,"thumbnail":false,"medium":false,"medium_large":false,"large":false,"1536x1536":false,"2048x2048":false},"uagb_author_info":{"display_name":"Nicolas","author_link":"https:\/\/ictrainer.de\/fr\/author\/admin\/"},"uagb_comment_info":0,"uagb_excerpt":"\u00a71 Validit\u00e9 vis-\u00e0-vis des entrepreneurs et d\u00e9finition des termes (1) Les conditions g\u00e9n\u00e9rales de vente suivantes s&rsquo;appliquent \u00e0 toutes les livraisons entre nous et un consommateur, dans leur version en vigueur au moment de la commande. Le consommateur est toute personne physique qui conclut un acte juridique \u00e0 des fins qui, pour la plupart, ne...","_links":{"self":[{"href":"https:\/\/ictrainer.de\/fr\/wp-json\/wp\/v2\/pages\/4100","targetHints":{"allow":["GET"]}}],"collection":[{"href":"https:\/\/ictrainer.de\/fr\/wp-json\/wp\/v2\/pages"}],"about":[{"href":"https:\/\/ictrainer.de\/fr\/wp-json\/wp\/v2\/types\/page"}],"author":[{"embeddable":true,"href":"https:\/\/ictrainer.de\/fr\/wp-json\/wp\/v2\/users\/1"}],"replies":[{"embeddable":true,"href":"https:\/\/ictrainer.de\/fr\/wp-json\/wp\/v2\/comments?post=4100"}],"version-history":[{"count":1,"href":"https:\/\/ictrainer.de\/fr\/wp-json\/wp\/v2\/pages\/4100\/revisions"}],"predecessor-version":[{"id":4101,"href":"https:\/\/ictrainer.de\/fr\/wp-json\/wp\/v2\/pages\/4100\/revisions\/4101"}],"wp:attachment":[{"href":"https:\/\/ictrainer.de\/fr\/wp-json\/wp\/v2\/media?parent=4100"}],"curies":[{"name":"wp","href":"https:\/\/api.w.org\/{rel}","templated":true}]}}