{"id":4082,"date":"2025-09-04T15:42:57","date_gmt":"2025-09-04T15:42:57","guid":{"rendered":"https:\/\/ictrainer.de\/presse\/"},"modified":"2025-12-02T13:32:32","modified_gmt":"2025-12-02T13:32:32","slug":"presse","status":"publish","type":"page","link":"https:\/\/ictrainer.de\/fr\/presse\/","title":{"rendered":"Presse"},"content":{"rendered":"\n<h2 class=\"wp-block-heading\" id=\"h-presseanfragen\">Demandes de presse<\/h2>\n\n<p>Pour toute demande ou pour obtenir l\u2019acc\u00e8s \u00e0 nos m\u00e9dias, supports visuels, etc., merci de nous contacter directement \u00e0 l\u2019adresse\u00a0: <a href=\"mailto:info@icTrainer.de\" rel=\"nofollow\">info@icTrainer.de<\/a><\/p>\n\n<p><\/p>\n\n<h2 class=\"wp-block-heading\" id=\"h-presseschau\">Communiqu\u00e9s de presse<\/h2>\n\n<p>Aper\u00e7u de quelques communiqu\u00e9s de presse<\/p>\n\n<div class=\"wp-block-stackable-carousel stk-block-carousel stk--is-slide stk--arrows-justify-space-between stk--arrows-align-center stk-block stk-6dd9b32\" data-slides-to-show=\"2\" data-block-id=\"6dd9b32\"><style>.stk-6dd9b32 {--slides-to-show:2 !important;--gap:25px !important;}.stk-6dd9b32 .stk-block-carousel__button{border-radius:40px !important;}<\/style><div class=\"stk-block-carousel__content-wrapper\"><div class=\"stk-row stk-inner-blocks has-text-align-center stk-block-content stk-block-carousel__slider-wrapper stk-content-align stk-6dd9b32-column\"><div class=\"stk-block-carousel__slider\" role=\"list\" data-autoplay=\"4000\" data-label-slide-of=\"Slide %%d of %%d\">\n<div class=\"wp-block-stackable-column stk-block-column stk-column stk-block stk-61b39be\" data-v=\"4\" data-block-id=\"61b39be\"><div class=\"stk-column-wrapper stk-block-column__content stk-container stk-61b39be-container stk--no-background stk--no-padding\"><div class=\"stk-block-content stk-inner-blocks stk-61b39be-inner-blocks\">\n<figure class=\"wp-block-image size-full\"><img decoding=\"async\" width=\"622\" height=\"900\" src=\"https:\/\/ictrainer.de\/wp-content\/uploads\/2023\/07\/Eurobike2023.jpg\" alt=\"\" class=\"wp-image-2044\" srcset=\"https:\/\/ictrainer.de\/wp-content\/uploads\/2023\/07\/Eurobike2023.jpg 622w, https:\/\/ictrainer.de\/wp-content\/uploads\/2023\/07\/Eurobike2023-207x300.jpg 207w\" sizes=\"(max-width: 622px) 100vw, 622px\" \/><\/figure>\n<\/div><\/div><\/div>\n\n\n\n<div class=\"wp-block-stackable-column stk-block-column stk-column stk-block stk-00196dd\" data-v=\"4\" data-block-id=\"00196dd\"><div class=\"stk-column-wrapper stk-block-column__content stk-container stk-00196dd-container stk--no-background stk--no-padding\"><div class=\"stk-block-content stk-inner-blocks stk-00196dd-inner-blocks\">\n<figure class=\"wp-block-image size-large\"><img decoding=\"async\" width=\"645\" height=\"1024\" src=\"https:\/\/ictrainer.de\/wp-content\/uploads\/2023\/10\/triathlon-645x1024.jpg\" alt=\"\" class=\"wp-image-2201\" srcset=\"https:\/\/ictrainer.de\/wp-content\/uploads\/2023\/10\/triathlon-645x1024.jpg 645w, https:\/\/ictrainer.de\/wp-content\/uploads\/2023\/10\/triathlon-189x300.jpg 189w, https:\/\/ictrainer.de\/wp-content\/uploads\/2023\/10\/triathlon.jpg 680w\" sizes=\"(max-width: 645px) 100vw, 645px\" \/><\/figure>\n<\/div><\/div><\/div>\n\n\n\n<div class=\"wp-block-stackable-column stk-block-column stk-column stk-block stk-61fea80\" data-v=\"4\" data-block-id=\"61fea80\"><div class=\"stk-column-wrapper stk-block-column__content stk-container stk-61fea80-container stk--no-background stk--no-padding\"><div class=\"stk-block-content stk-inner-blocks stk-61fea80-inner-blocks\">\n<figure class=\"wp-block-image size-full\"><img decoding=\"async\" width=\"674\" height=\"992\" src=\"https:\/\/ictrainer.de\/wp-content\/uploads\/2023\/07\/20221027_PR_RennRad.jpg\" alt=\"\" class=\"wp-image-2046\" srcset=\"https:\/\/ictrainer.de\/wp-content\/uploads\/2023\/07\/20221027_PR_RennRad.jpg 674w, https:\/\/ictrainer.de\/wp-content\/uploads\/2023\/07\/20221027_PR_RennRad-204x300.jpg 204w\" sizes=\"(max-width: 674px) 100vw, 674px\" \/><\/figure>\n<\/div><\/div><\/div>\n\n\n\n<div class=\"wp-block-stackable-column stk-block-column stk-column stk-block stk-f6da121\" data-v=\"4\" data-block-id=\"f6da121\"><div class=\"stk-column-wrapper stk-block-column__content stk-container stk-f6da121-container stk--no-background stk--no-padding\"><div class=\"stk-block-content stk-inner-blocks stk-f6da121-inner-blocks\">\n<figure class=\"wp-block-image size-large\"><img decoding=\"async\" width=\"757\" height=\"1024\" src=\"https:\/\/ictrainer.de\/wp-content\/uploads\/2023\/07\/20221015_PR_Kajak-757x1024.jpg\" alt=\"\" class=\"wp-image-2048\" srcset=\"https:\/\/ictrainer.de\/wp-content\/uploads\/2023\/07\/20221015_PR_Kajak-757x1024.jpg 757w, https:\/\/ictrainer.de\/wp-content\/uploads\/2023\/07\/20221015_PR_Kajak-222x300.jpg 222w, https:\/\/ictrainer.de\/wp-content\/uploads\/2023\/07\/20221015_PR_Kajak-768x1039.jpg 768w, https:\/\/ictrainer.de\/wp-content\/uploads\/2023\/07\/20221015_PR_Kajak.jpg 798w\" sizes=\"(max-width: 757px) 100vw, 757px\" \/><\/figure>\n<\/div><\/div><\/div>\n\n\n\n<div class=\"wp-block-stackable-column stk-block-column stk-column stk-block stk-cdf3b54\" data-v=\"4\" data-block-id=\"cdf3b54\"><div class=\"stk-column-wrapper stk-block-column__content stk-container stk-cdf3b54-container stk--no-background stk--no-padding\"><div class=\"stk-block-content stk-inner-blocks stk-cdf3b54-inner-blocks\">\n<div class=\"wp-block-uagb-image uagb-block-e1b69c92 wp-block-uagb-image--layout-default wp-block-uagb-image--effect-static wp-block-uagb-image--align-none\"><figure class=\"wp-block-uagb-image__figure\"><img decoding=\"async\" srcset=\"https:\/\/ictrainer.de\/wp-content\/uploads\/2023\/07\/tritime.jpg \" sizes=\"auto, (max-width: 480px) 150px\" src=\"https:\/\/ictrainer.de\/wp-content\/uploads\/2023\/07\/tritime.jpg\" alt=\"\" class=\"uag-image-2052\" width=\"601\" height=\"769\" title=\"\" loading=\"lazy\" role=\"img\"\/><\/figure><\/div>\n<\/div><\/div><\/div>\n\n\n\n<div class=\"wp-block-stackable-column stk-block-column stk-column stk-block stk-7d892ee\" data-v=\"4\" data-block-id=\"7d892ee\"><div class=\"stk-column-wrapper stk-block-column__content stk-container stk-7d892ee-container stk--no-background stk--no-padding\"><div class=\"stk-block-content stk-inner-blocks stk-7d892ee-inner-blocks\">\n<figure class=\"wp-block-image size-large\"><img decoding=\"async\" width=\"395\" height=\"1024\" src=\"https:\/\/ictrainer.de\/wp-content\/uploads\/2024\/07\/Eurobike25-395x1024.jpg\" alt=\"\" class=\"wp-image-2899\" srcset=\"https:\/\/ictrainer.de\/wp-content\/uploads\/2024\/07\/Eurobike25-395x1024.jpg 395w, https:\/\/ictrainer.de\/wp-content\/uploads\/2024\/07\/Eurobike25-116x300.jpg 116w, https:\/\/ictrainer.de\/wp-content\/uploads\/2024\/07\/Eurobike25.jpg 417w\" sizes=\"(max-width: 395px) 100vw, 395px\" \/><\/figure>\n<\/div><\/div><\/div>\n\n\n\n<div class=\"wp-block-stackable-column stk-block-column stk-column stk-block stk-0c6e409\" data-v=\"4\" data-block-id=\"0c6e409\"><div class=\"stk-column-wrapper stk-block-column__content stk-container stk-0c6e409-container stk--no-background stk--no-padding\"><div class=\"stk-block-content stk-inner-blocks stk-0c6e409-inner-blocks\">\n<figure class=\"wp-block-image size-large\"><img decoding=\"async\" width=\"1024\" height=\"981\" src=\"https:\/\/ictrainer.de\/wp-content\/uploads\/2023\/07\/20221023_PR_Tour-Magazin-1024x981.jpg\" alt=\"Tour Magazin\" class=\"wp-image-2050\" srcset=\"https:\/\/ictrainer.de\/wp-content\/uploads\/2023\/07\/20221023_PR_Tour-Magazin-1024x981.jpg 1024w, https:\/\/ictrainer.de\/wp-content\/uploads\/2023\/07\/20221023_PR_Tour-Magazin-300x287.jpg 300w, https:\/\/ictrainer.de\/wp-content\/uploads\/2023\/07\/20221023_PR_Tour-Magazin-768x736.jpg 768w, https:\/\/ictrainer.de\/wp-content\/uploads\/2023\/07\/20221023_PR_Tour-Magazin.jpg 1127w\" sizes=\"(max-width: 1024px) 100vw, 1024px\" \/><\/figure>\n<\/div><\/div><\/div>\n<\/div><div class=\"stk-block-carousel__buttons\"><button class=\"stk-block-carousel__button stk-block-carousel__button__prev\" aria-label=\"Previous slide\"><svg aria-hidden=\"true\" focusable=\"false\" data-prefix=\"fas\" data-icon=\"chevron-left\" class=\"svg-inline--fa fa-chevron-left\" xmlns=\"http:\/\/www.w3.org\/2000\/svg\" viewBox=\"0 0 320 512\" width=\"32\" height=\"32\"><path fill=\"currentColor\" d=\"M34.52 239.03L228.87 44.69c9.37-9.37 24.57-9.37 33.94 0l22.67 22.67c9.36 9.36 9.37 24.52.04 33.9L131.49 256l154.02 154.75c9.34 9.38 9.32 24.54-.04 33.9l-22.67 22.67c-9.37 9.37-24.57 9.37-33.94 0L34.52 272.97c-9.37-9.37-9.37-24.57 0-33.94z\"><\/path><\/svg><\/button><button class=\"stk-block-carousel__button stk-block-carousel__button__next\" aria-label=\"Next slide\"><svg aria-hidden=\"true\" focusable=\"false\" data-prefix=\"fas\" data-icon=\"chevron-right\" class=\"svg-inline--fa fa-chevron-right\" xmlns=\"http:\/\/www.w3.org\/2000\/svg\" viewBox=\"0 0 320 512\" width=\"32\" height=\"32\"><path fill=\"currentColor\" d=\"M285.476 272.971L91.132 467.314c-9.373 9.373-24.569 9.373-33.941 0l-22.667-22.667c-9.357-9.357-9.375-24.522-.04-33.901L188.505 256 34.484 101.255c-9.335-9.379-9.317-24.544.04-33.901l22.667-22.667c9.373-9.373 24.569-9.373 33.941 0L285.475 239.03c9.373 9.372 9.373 24.568.001 33.941z\"><\/path><\/svg><\/button><\/div><\/div><div class=\"stk-block-carousel__dots\" role=\"list\" data-label=\"Slide %%d\"><\/div><\/div><\/div>\n\n<h2 class=\"wp-block-heading\" id=\"h-media-clipping\">Clipping m\u00e9dias<\/h2>\n\n<p>Aper\u00e7u de quelques vid\u00e9o<\/p>\n\n<div class=\"wp-block-columns is-layout-flex wp-container-core-columns-is-layout-28f84493 wp-block-columns-is-layout-flex\">\n<div class=\"wp-block-column is-layout-flow wp-block-column-is-layout-flow\">\n<figure class=\"wp-block-embed is-type-video is-provider-youtube wp-block-embed-youtube wp-embed-aspect-16-9 wp-has-aspect-ratio\"><div class=\"wp-block-embed__wrapper\">\n<iframe loading=\"lazy\" hcb-fetch-image-from=\"https:\/\/www.youtube.com\/watch?v=jP-oeZdLOZY\" title=\"Indoor-Trainer Apps im Test - Zwift, Rouvy und Co.\" width=\"500\" height=\"281\" src=\"https:\/\/www.youtube.com\/embed\/jP-oeZdLOZY?feature=oembed\" frameborder=\"0\" allow=\"accelerometer; autoplay; clipboard-write; encrypted-media; gyroscope; picture-in-picture; web-share\" referrerpolicy=\"strict-origin-when-cross-origin\" allowfullscreen><\/iframe>\n<\/div><\/figure>\n<\/div>\n\n\n\n<div class=\"wp-block-column is-layout-flow wp-block-column-is-layout-flow\">\n<figure class=\"wp-block-embed is-type-video is-provider-youtube wp-block-embed-youtube wp-embed-aspect-16-9 wp-has-aspect-ratio\"><div class=\"wp-block-embed__wrapper\">\n<iframe loading=\"lazy\" hcb-fetch-image-from=\"https:\/\/www.youtube.com\/watch?v=AGRsL8BnW-w\" title=\"Indoor-Training mit icTrainer: Eine g\u00fcnstige Alternative\" width=\"500\" height=\"281\" src=\"https:\/\/www.youtube.com\/embed\/AGRsL8BnW-w?feature=oembed\" frameborder=\"0\" allow=\"accelerometer; autoplay; clipboard-write; encrypted-media; gyroscope; picture-in-picture; web-share\" referrerpolicy=\"strict-origin-when-cross-origin\" allowfullscreen><\/iframe>\n<\/div><\/figure>\n<\/div>\n\n\n\n<div class=\"wp-block-column is-layout-flow wp-block-column-is-layout-flow\">\n<figure class=\"wp-block-embed is-type-video is-provider-youtube wp-block-embed-youtube wp-embed-aspect-16-9 wp-has-aspect-ratio\"><div class=\"wp-block-embed__wrapper\">\n<iframe loading=\"lazy\" hcb-fetch-image-from=\"https:\/\/www.youtube.com\/watch?v=2nQ1hdaD6Z0\" title=\"The Cheapest Indoor Cycling App\" width=\"500\" height=\"281\" src=\"https:\/\/www.youtube.com\/embed\/2nQ1hdaD6Z0?feature=oembed\" frameborder=\"0\" allow=\"accelerometer; autoplay; clipboard-write; encrypted-media; gyroscope; picture-in-picture; web-share\" referrerpolicy=\"strict-origin-when-cross-origin\" allowfullscreen><\/iframe>\n<\/div><\/figure>\n<\/div>\n\n\n\n<div class=\"wp-block-column is-layout-flow wp-block-column-is-layout-flow\">\n<figure class=\"wp-block-embed alignfull is-type-video is-provider-youtube wp-block-embed-youtube wp-embed-aspect-16-9 wp-has-aspect-ratio\"><div class=\"wp-block-embed__wrapper\">\n<iframe loading=\"lazy\" hcb-fetch-image-from=\"https:\/\/www.youtube.com\/watch?v=q1C60QV8AoY\" title=\"Small Cost, BIG Features | Is This Indoor Training Platform Worth The Switch?\" width=\"500\" height=\"281\" src=\"https:\/\/www.youtube.com\/embed\/q1C60QV8AoY?feature=oembed\" frameborder=\"0\" allow=\"accelerometer; autoplay; clipboard-write; encrypted-media; gyroscope; picture-in-picture; web-share\" referrerpolicy=\"strict-origin-when-cross-origin\" allowfullscreen><\/iframe>\n<\/div><\/figure>\n<\/div>\n<\/div>\n\n<div style=\"height:30px\" aria-hidden=\"true\" class=\"wp-block-spacer\"><\/div>\n","protected":false},"excerpt":{"rendered":"<p>Demandes de presse Pour toute demande ou pour obtenir l\u2019acc\u00e8s \u00e0 nos m\u00e9dias, supports visuels, etc., merci de nous contacter directement \u00e0 l\u2019adresse\u00a0: info@icTrainer.de Communiqu\u00e9s de presse Aper\u00e7u de quelques communiqu\u00e9s de presse Clipping m\u00e9dias Aper\u00e7u de quelques vid\u00e9o<\/p>\n","protected":false},"author":1,"featured_media":0,"parent":0,"menu_order":0,"comment_status":"closed","ping_status":"closed","template":"","meta":{"_uag_custom_page_level_css":"","site-sidebar-layout":"default","site-content-layout":"","ast-site-content-layout":"default","site-content-style":"default","site-sidebar-style":"default","ast-global-header-display":"","ast-banner-title-visibility":"","ast-main-header-display":"","ast-hfb-above-header-display":"","ast-hfb-below-header-display":"","ast-hfb-mobile-header-display":"","site-post-title":"disabled","ast-breadcrumbs-content":"","ast-featured-img":"","footer-sml-layout":"","ast-disable-related-posts":"","theme-transparent-header-meta":"","adv-header-id-meta":"","stick-header-meta":"","header-above-stick-meta":"","header-main-stick-meta":"","header-below-stick-meta":"","astra-migrate-meta-layouts":"default","ast-page-background-enabled":"default","ast-page-background-meta":{"desktop":{"background-color":"var(--ast-global-color-4)","background-image":"","background-repeat":"repeat","background-position":"center center","background-size":"auto","background-attachment":"scroll","background-type":"","background-media":"","overlay-type":"","overlay-color":"","overlay-opacity":"","overlay-gradient":""},"tablet":{"background-color":"","background-image":"","background-repeat":"repeat","background-position":"center center","background-size":"auto","background-attachment":"scroll","background-type":"","background-media":"","overlay-type":"","overlay-color":"","overlay-opacity":"","overlay-gradient":""},"mobile":{"background-color":"","background-image":"","background-repeat":"repeat","background-position":"center center","background-size":"auto","background-attachment":"scroll","background-type":"","background-media":"","overlay-type":"","overlay-color":"","overlay-opacity":"","overlay-gradient":""}},"ast-content-background-meta":{"desktop":{"background-color":"var(--ast-global-color-5)","background-image":"","background-repeat":"repeat","background-position":"center center","background-size":"auto","background-attachment":"scroll","background-type":"","background-media":"","overlay-type":"","overlay-color":"","overlay-opacity":"","overlay-gradient":""},"tablet":{"background-color":"var(--ast-global-color-5)","background-image":"","background-repeat":"repeat","background-position":"center center","background-size":"auto","background-attachment":"scroll","background-type":"","background-media":"","overlay-type":"","overlay-color":"","overlay-opacity":"","overlay-gradient":""},"mobile":{"background-color":"var(--ast-global-color-5)","background-image":"","background-repeat":"repeat","background-position":"center center","background-size":"auto","background-attachment":"scroll","background-type":"","background-media":"","overlay-type":"","overlay-color":"","overlay-opacity":"","overlay-gradient":""}},"footnotes":""},"class_list":["post-4082","page","type-page","status-publish","hentry"],"yoast_head":"<!-- This site is optimized with the Yoast SEO Premium plugin v27.3 (Yoast SEO v27.3) - https:\/\/yoast.com\/product\/yoast-seo-premium-wordpress\/ -->\n<title>Just Train - No Game<\/title>\n<meta name=\"robots\" content=\"index, follow, max-snippet:-1, max-image-preview:large, max-video-preview:-1\" \/>\n<link rel=\"canonical\" href=\"https:\/\/ictrainer.de\/fr\/presse\/\" \/>\n<meta property=\"og:locale\" content=\"fr_FR\" \/>\n<meta property=\"og:type\" content=\"article\" \/>\n<meta property=\"og:title\" content=\"Presse\" \/>\n<meta property=\"og:description\" content=\"Demandes de presse Pour toute demande ou pour obtenir l\u2019acc\u00e8s \u00e0 nos m\u00e9dias, supports visuels, etc., merci de nous contacter directement \u00e0 l\u2019adresse\u00a0: info@icTrainer.de Communiqu\u00e9s de presse Aper\u00e7u de quelques communiqu\u00e9s de presse Clipping m\u00e9dias Aper\u00e7u de quelques vid\u00e9o\" \/>\n<meta property=\"og:url\" content=\"https:\/\/ictrainer.de\/fr\/presse\/\" \/>\n<meta property=\"og:site_name\" content=\"icTrainer\" \/>\n<meta property=\"article:publisher\" content=\"https:\/\/www.facebook.com\/icTrainer-2225105191083880\" \/>\n<meta property=\"article:modified_time\" content=\"2025-12-02T13:32:32+00:00\" \/>\n<meta property=\"og:image\" content=\"https:\/\/ictrainer.de\/wp-content\/uploads\/2023\/07\/Eurobike2023.jpg\" \/>\n\t<meta property=\"og:image:width\" content=\"622\" \/>\n\t<meta property=\"og:image:height\" content=\"900\" \/>\n\t<meta property=\"og:image:type\" content=\"image\/jpeg\" \/>\n<meta name=\"twitter:card\" content=\"summary_large_image\" \/>\n<script type=\"application\/ld+json\" class=\"yoast-schema-graph\">{\"@context\":\"https:\\\/\\\/schema.org\",\"@graph\":[{\"@type\":\"WebPage\",\"@id\":\"https:\\\/\\\/ictrainer.de\\\/fr\\\/presse\\\/\",\"url\":\"https:\\\/\\\/ictrainer.de\\\/fr\\\/presse\\\/\",\"name\":\"Just Train - No Game\",\"isPartOf\":{\"@id\":\"https:\\\/\\\/ictrainer.de\\\/fr\\\/#website\"},\"primaryImageOfPage\":{\"@id\":\"https:\\\/\\\/ictrainer.de\\\/fr\\\/presse\\\/#primaryimage\"},\"image\":{\"@id\":\"https:\\\/\\\/ictrainer.de\\\/fr\\\/presse\\\/#primaryimage\"},\"thumbnailUrl\":\"https:\\\/\\\/ictrainer.de\\\/wp-content\\\/uploads\\\/2023\\\/07\\\/Eurobike2023.jpg\",\"datePublished\":\"2025-09-04T15:42:57+00:00\",\"dateModified\":\"2025-12-02T13:32:32+00:00\",\"breadcrumb\":{\"@id\":\"https:\\\/\\\/ictrainer.de\\\/fr\\\/presse\\\/#breadcrumb\"},\"inLanguage\":\"fr-FR\",\"potentialAction\":[{\"@type\":\"ReadAction\",\"target\":[\"https:\\\/\\\/ictrainer.de\\\/fr\\\/presse\\\/\"]}]},{\"@type\":\"ImageObject\",\"inLanguage\":\"fr-FR\",\"@id\":\"https:\\\/\\\/ictrainer.de\\\/fr\\\/presse\\\/#primaryimage\",\"url\":\"https:\\\/\\\/ictrainer.de\\\/wp-content\\\/uploads\\\/2023\\\/07\\\/Eurobike2023.jpg\",\"contentUrl\":\"https:\\\/\\\/ictrainer.de\\\/wp-content\\\/uploads\\\/2023\\\/07\\\/Eurobike2023.jpg\"},{\"@type\":\"BreadcrumbList\",\"@id\":\"https:\\\/\\\/ictrainer.de\\\/fr\\\/presse\\\/#breadcrumb\",\"itemListElement\":[{\"@type\":\"ListItem\",\"position\":1,\"name\":\"Startseite\",\"item\":\"https:\\\/\\\/ictrainer.de\\\/fr\\\/\"},{\"@type\":\"ListItem\",\"position\":2,\"name\":\"Presse\"}]},{\"@type\":\"WebSite\",\"@id\":\"https:\\\/\\\/ictrainer.de\\\/fr\\\/#website\",\"url\":\"https:\\\/\\\/ictrainer.de\\\/fr\\\/\",\"name\":\"icTrainer\",\"description\":\"Just Train - No Game\",\"publisher\":{\"@id\":\"https:\\\/\\\/ictrainer.de\\\/fr\\\/#organization\"},\"potentialAction\":[{\"@type\":\"SearchAction\",\"target\":{\"@type\":\"EntryPoint\",\"urlTemplate\":\"https:\\\/\\\/ictrainer.de\\\/fr\\\/?s={search_term_string}\"},\"query-input\":{\"@type\":\"PropertyValueSpecification\",\"valueRequired\":true,\"valueName\":\"search_term_string\"}}],\"inLanguage\":\"fr-FR\"},{\"@type\":\"Organization\",\"@id\":\"https:\\\/\\\/ictrainer.de\\\/fr\\\/#organization\",\"name\":\"icTrainer\",\"url\":\"https:\\\/\\\/ictrainer.de\\\/fr\\\/\",\"logo\":{\"@type\":\"ImageObject\",\"inLanguage\":\"fr-FR\",\"@id\":\"https:\\\/\\\/ictrainer.de\\\/fr\\\/#\\\/schema\\\/logo\\\/image\\\/\",\"url\":\"\",\"contentUrl\":\"\",\"caption\":\"icTrainer\"},\"image\":{\"@id\":\"https:\\\/\\\/ictrainer.de\\\/fr\\\/#\\\/schema\\\/logo\\\/image\\\/\"},\"sameAs\":[\"https:\\\/\\\/www.facebook.com\\\/icTrainer-2225105191083880\",\"https:\\\/\\\/www.youtube.com\\\/channel\\\/UCA8JtIJrsuwIuYdXJupFuHQ\\\/videos\"]}]}<\/script>\n<!-- \/ Yoast SEO Premium plugin. -->","yoast_head_json":{"title":"Just Train - No Game","robots":{"index":"index","follow":"follow","max-snippet":"max-snippet:-1","max-image-preview":"max-image-preview:large","max-video-preview":"max-video-preview:-1"},"canonical":"https:\/\/ictrainer.de\/fr\/presse\/","og_locale":"fr_FR","og_type":"article","og_title":"Presse","og_description":"Demandes de presse Pour toute demande ou pour obtenir l\u2019acc\u00e8s \u00e0 nos m\u00e9dias, supports visuels, etc., merci de nous contacter directement \u00e0 l\u2019adresse\u00a0: info@icTrainer.de Communiqu\u00e9s de presse Aper\u00e7u de quelques communiqu\u00e9s de presse Clipping m\u00e9dias Aper\u00e7u de quelques vid\u00e9o","og_url":"https:\/\/ictrainer.de\/fr\/presse\/","og_site_name":"icTrainer","article_publisher":"https:\/\/www.facebook.com\/icTrainer-2225105191083880","article_modified_time":"2025-12-02T13:32:32+00:00","og_image":[{"width":622,"height":900,"url":"https:\/\/ictrainer.de\/wp-content\/uploads\/2023\/07\/Eurobike2023.jpg","type":"image\/jpeg"}],"twitter_card":"summary_large_image","schema":{"@context":"https:\/\/schema.org","@graph":[{"@type":"WebPage","@id":"https:\/\/ictrainer.de\/fr\/presse\/","url":"https:\/\/ictrainer.de\/fr\/presse\/","name":"Just Train - No Game","isPartOf":{"@id":"https:\/\/ictrainer.de\/fr\/#website"},"primaryImageOfPage":{"@id":"https:\/\/ictrainer.de\/fr\/presse\/#primaryimage"},"image":{"@id":"https:\/\/ictrainer.de\/fr\/presse\/#primaryimage"},"thumbnailUrl":"https:\/\/ictrainer.de\/wp-content\/uploads\/2023\/07\/Eurobike2023.jpg","datePublished":"2025-09-04T15:42:57+00:00","dateModified":"2025-12-02T13:32:32+00:00","breadcrumb":{"@id":"https:\/\/ictrainer.de\/fr\/presse\/#breadcrumb"},"inLanguage":"fr-FR","potentialAction":[{"@type":"ReadAction","target":["https:\/\/ictrainer.de\/fr\/presse\/"]}]},{"@type":"ImageObject","inLanguage":"fr-FR","@id":"https:\/\/ictrainer.de\/fr\/presse\/#primaryimage","url":"https:\/\/ictrainer.de\/wp-content\/uploads\/2023\/07\/Eurobike2023.jpg","contentUrl":"https:\/\/ictrainer.de\/wp-content\/uploads\/2023\/07\/Eurobike2023.jpg"},{"@type":"BreadcrumbList","@id":"https:\/\/ictrainer.de\/fr\/presse\/#breadcrumb","itemListElement":[{"@type":"ListItem","position":1,"name":"Startseite","item":"https:\/\/ictrainer.de\/fr\/"},{"@type":"ListItem","position":2,"name":"Presse"}]},{"@type":"WebSite","@id":"https:\/\/ictrainer.de\/fr\/#website","url":"https:\/\/ictrainer.de\/fr\/","name":"icTrainer","description":"Just Train - No Game","publisher":{"@id":"https:\/\/ictrainer.de\/fr\/#organization"},"potentialAction":[{"@type":"SearchAction","target":{"@type":"EntryPoint","urlTemplate":"https:\/\/ictrainer.de\/fr\/?s={search_term_string}"},"query-input":{"@type":"PropertyValueSpecification","valueRequired":true,"valueName":"search_term_string"}}],"inLanguage":"fr-FR"},{"@type":"Organization","@id":"https:\/\/ictrainer.de\/fr\/#organization","name":"icTrainer","url":"https:\/\/ictrainer.de\/fr\/","logo":{"@type":"ImageObject","inLanguage":"fr-FR","@id":"https:\/\/ictrainer.de\/fr\/#\/schema\/logo\/image\/","url":"","contentUrl":"","caption":"icTrainer"},"image":{"@id":"https:\/\/ictrainer.de\/fr\/#\/schema\/logo\/image\/"},"sameAs":["https:\/\/www.facebook.com\/icTrainer-2225105191083880","https:\/\/www.youtube.com\/channel\/UCA8JtIJrsuwIuYdXJupFuHQ\/videos"]}]}},"uagb_featured_image_src":{"full":false,"thumbnail":false,"medium":false,"medium_large":false,"large":false,"1536x1536":false,"2048x2048":false},"uagb_author_info":{"display_name":"Nicolas","author_link":"https:\/\/ictrainer.de\/fr\/author\/admin\/"},"uagb_comment_info":0,"uagb_excerpt":"Demandes de presse Pour toute demande ou pour obtenir l\u2019acc\u00e8s \u00e0 nos m\u00e9dias, supports visuels, etc., merci de nous contacter directement \u00e0 l\u2019adresse\u00a0: info@icTrainer.de Communiqu\u00e9s de presse Aper\u00e7u de quelques communiqu\u00e9s de presse Clipping m\u00e9dias Aper\u00e7u de quelques vid\u00e9o","_links":{"self":[{"href":"https:\/\/ictrainer.de\/fr\/wp-json\/wp\/v2\/pages\/4082","targetHints":{"allow":["GET"]}}],"collection":[{"href":"https:\/\/ictrainer.de\/fr\/wp-json\/wp\/v2\/pages"}],"about":[{"href":"https:\/\/ictrainer.de\/fr\/wp-json\/wp\/v2\/types\/page"}],"author":[{"embeddable":true,"href":"https:\/\/ictrainer.de\/fr\/wp-json\/wp\/v2\/users\/1"}],"replies":[{"embeddable":true,"href":"https:\/\/ictrainer.de\/fr\/wp-json\/wp\/v2\/comments?post=4082"}],"version-history":[{"count":8,"href":"https:\/\/ictrainer.de\/fr\/wp-json\/wp\/v2\/pages\/4082\/revisions"}],"predecessor-version":[{"id":5064,"href":"https:\/\/ictrainer.de\/fr\/wp-json\/wp\/v2\/pages\/4082\/revisions\/5064"}],"wp:attachment":[{"href":"https:\/\/ictrainer.de\/fr\/wp-json\/wp\/v2\/media?parent=4082"}],"curies":[{"name":"wp","href":"https:\/\/api.w.org\/{rel}","templated":true}]}}