{"id":4062,"date":"2025-09-04T15:42:54","date_gmt":"2025-09-04T15:42:54","guid":{"rendered":"https:\/\/ictrainer.de\/shimano-connected-partners\/"},"modified":"2025-12-02T13:23:45","modified_gmt":"2025-12-02T13:23:45","slug":"shimano-connected-partners","status":"publish","type":"page","link":"https:\/\/ictrainer.de\/fr\/shimano-connected-partners\/","title":{"rendered":"SHIMANO CONNECTED PARTNERS"},"content":{"rendered":"\n<div class=\"wp-block-columns is-layout-flex wp-container-core-columns-is-layout-28f84493 wp-block-columns-is-layout-flex\">\n<div class=\"wp-block-column is-layout-flow wp-block-column-is-layout-flow\">\n<figure class=\"wp-block-image size-full\"><img decoding=\"async\" width=\"139\" height=\"50\" src=\"https:\/\/ictrainer.de\/wp-content\/uploads\/2024\/03\/shimano.jpg\" alt=\"Shimano Di2\" class=\"wp-image-2719\"\/><\/figure>\n<\/div>\n\n\n\n<div class=\"wp-block-column is-layout-flow wp-block-column-is-layout-flow\"><\/div>\n\n\n\n<div class=\"wp-block-column is-layout-flow wp-block-column-is-layout-flow\">\n<figure class=\"wp-block-image size-large\"><img decoding=\"async\" width=\"1024\" height=\"216\" src=\"https:\/\/ictrainer.de\/wp-content\/uploads\/2024\/05\/SHIMANO-CONNECTED-PARTNERS-1024x216.png\" alt=\"\" class=\"wp-image-2784\" srcset=\"https:\/\/ictrainer.de\/wp-content\/uploads\/2024\/05\/SHIMANO-CONNECTED-PARTNERS-1024x216.png 1024w, https:\/\/ictrainer.de\/wp-content\/uploads\/2024\/05\/SHIMANO-CONNECTED-PARTNERS-300x63.png 300w, https:\/\/ictrainer.de\/wp-content\/uploads\/2024\/05\/SHIMANO-CONNECTED-PARTNERS-768x162.png 768w, https:\/\/ictrainer.de\/wp-content\/uploads\/2024\/05\/SHIMANO-CONNECTED-PARTNERS.png 1246w\" sizes=\"(max-width: 1024px) 100vw, 1024px\" \/><\/figure>\n<\/div>\n<\/div>\n\n<div style=\"height:25px\" aria-hidden=\"true\" class=\"wp-block-spacer\"><\/div>\n\n<p>Pour les propri\u00e9taires d\u2019un nouveau groupe Shimano Di2, il est possible de le connecter \u00e0 notre application pour conserver les informations les plus int\u00e9ressantes \u00e0 port\u00e9e de main.<\/p>\n\n<div class=\"wp-block-stackable-icon stk-block-icon stk-block stk-c218c25\" data-block-id=\"c218c25\"><style>.stk-c218c25{margin-bottom:0px !important}<\/style><span class=\"stk--svg-wrapper\"><div class=\"stk--inner-svg\"><svg style=\"height:0;width:0\"><defs><lineargradient id=\"linear-gradient-c218c25\" x1=\"0\" x2=\"100%\" y1=\"0\" y2=\"0\"><stop offset=\"0%\" style=\"stop-opacity:1;stop-color:var(--linear-gradient-c-218-c-25-color-1)\"><\/stop><stop offset=\"100%\" style=\"stop-opacity:1;stop-color:var(--linear-gradient-c-218-c-25-color-2)\"><\/stop><\/lineargradient><\/defs><\/svg><svg xmlns=\"http:\/\/www.w3.org\/2000\/svg\" viewbox=\"0 0 448 512\" aria-hidden=\"true\" width=\"32\" height=\"32\"><path d=\"M292.6 171.1L249.7 214l-.3-86 43.2 43.1m-43.2 219.8l43.1-43.1-42.9-42.9-.2 86zM416 259.4C416 465 344.1 512 230.9 512S32 465 32 259.4 115.4 0 228.6 0 416 53.9 416 259.4zm-158.5 0l79.4-88.6L211.8 36.5v176.9L138 139.6l-27 26.9 92.7 93-92.7 93 26.9 26.9 73.8-73.8 2.3 170 127.4-127.5-83.9-88.7z\"><\/path><\/svg><\/div><\/span><\/div>\n\n<p>Pour la connexion d\u2019autres capteurs, il est possible de connecter exclusivement les composants Shimano Di2 via Bluetooth \u00e0 l\u2019application icTrainer\u00a0:<\/p>\n\n<figure class=\"wp-block-image size-full\"><img decoding=\"async\" width=\"728\" height=\"240\" src=\"https:\/\/ictrainer.de\/wp-content\/uploads\/2024\/01\/grafik.png\" alt=\"\" class=\"wp-image-2560\" srcset=\"https:\/\/ictrainer.de\/wp-content\/uploads\/2024\/01\/grafik.png 728w, https:\/\/ictrainer.de\/wp-content\/uploads\/2024\/01\/grafik-300x99.png 300w\" sizes=\"(max-width: 728px) 100vw, 728px\" \/><\/figure>\n\n<div style=\"height:20px\" aria-hidden=\"true\" class=\"wp-block-spacer\"><\/div>\n\n<div class=\"wp-block-stackable-icon stk-block-icon stk-block stk-da3a0c1\" data-block-id=\"da3a0c1\"><style>.stk-da3a0c1{margin-bottom:0px !important}<\/style><span class=\"stk--svg-wrapper\"><div class=\"stk--inner-svg\"><svg style=\"height:0;width:0\"><defs><lineargradient id=\"linear-gradient-da3a0c1\" x1=\"0\" x2=\"100%\" y1=\"0\" y2=\"0\"><stop offset=\"0%\" style=\"stop-opacity:1;stop-color:var(--linear-gradient-da-3-a-0-c-1-color-1)\"><\/stop><stop offset=\"100%\" style=\"stop-opacity:1;stop-color:var(--linear-gradient-da-3-a-0-c-1-color-2)\"><\/stop><\/lineargradient><\/defs><\/svg><svg xmlns=\"http:\/\/www.w3.org\/2000\/svg\" viewbox=\"0 0 640 512\" aria-hidden=\"true\" width=\"32\" height=\"32\"><path d=\"M544 160v64h32v64h-32v64H64V160h480m16-64H48c-26.51 0-48 21.49-48 48v224c0 26.51 21.49 48 48 48h512c26.51 0 48-21.49 48-48v-16h8c13.255 0 24-10.745 24-24V184c0-13.255-10.745-24-24-24h-8v-16c0-26.51-21.49-48-48-48zm-240 96H96v128h224V192z\"><\/path><\/svg><\/div><\/span><\/div>\n\n<p>Le niveau de batterie de ton groupe Shimano Di2 peut \u00eatre affich\u00e9 dans l\u2019application\u00a0:<\/p>\n\n<figure class=\"wp-block-image size-full\"><img decoding=\"async\" width=\"733\" height=\"210\" src=\"https:\/\/ictrainer.de\/wp-content\/uploads\/2024\/01\/grafik-1.png\" alt=\"\" class=\"wp-image-2563\" srcset=\"https:\/\/ictrainer.de\/wp-content\/uploads\/2024\/01\/grafik-1.png 733w, https:\/\/ictrainer.de\/wp-content\/uploads\/2024\/01\/grafik-1-300x86.png 300w\" sizes=\"(max-width: 733px) 100vw, 733px\" \/><\/figure>\n\n<div style=\"height:20px\" aria-hidden=\"true\" class=\"wp-block-spacer\"><\/div>\n\n<div class=\"wp-block-stackable-icon stk-block-icon stk-block stk-35f0a82\" data-block-id=\"35f0a82\"><style>.stk-35f0a82{margin-bottom:0px !important}<\/style><span class=\"stk--svg-wrapper\"><div class=\"stk--inner-svg\"><svg style=\"height:0;width:0\"><defs><lineargradient id=\"linear-gradient-35f0a82\" x1=\"0\" x2=\"100%\" y1=\"0\" y2=\"0\"><stop offset=\"0%\" style=\"stop-opacity:1;stop-color:var(--linear-gradient-35-f-0-a-82-color-1)\"><\/stop><stop offset=\"100%\" style=\"stop-opacity:1;stop-color:var(--linear-gradient-35-f-0-a-82-color-2)\"><\/stop><\/lineargradient><\/defs><\/svg><svg xmlns=\"http:\/\/www.w3.org\/2000\/svg\" viewbox=\"0 0 512 512\" aria-hidden=\"true\" width=\"32\" height=\"32\"><path d=\"M487.4 315.7l-42.6-24.6c4.3-23.2 4.3-47 0-70.2l42.6-24.6c4.9-2.8 7.1-8.6 5.5-14-11.1-35.6-30-67.8-54.7-94.6-3.8-4.1-10-5.1-14.8-2.3L380.8 110c-17.9-15.4-38.5-27.3-60.8-35.1V25.8c0-5.6-3.9-10.5-9.4-11.7-36.7-8.2-74.3-7.8-109.2 0-5.5 1.2-9.4 6.1-9.4 11.7V75c-22.2 7.9-42.8 19.8-60.8 35.1L88.7 85.5c-4.9-2.8-11-1.9-14.8 2.3-24.7 26.7-43.6 58.9-54.7 94.6-1.7 5.4.6 11.2 5.5 14L67.3 221c-4.3 23.2-4.3 47 0 70.2l-42.6 24.6c-4.9 2.8-7.1 8.6-5.5 14 11.1 35.6 30 67.8 54.7 94.6 3.8 4.1 10 5.1 14.8 2.3l42.6-24.6c17.9 15.4 38.5 27.3 60.8 35.1v49.2c0 5.6 3.9 10.5 9.4 11.7 36.7 8.2 74.3 7.8 109.2 0 5.5-1.2 9.4-6.1 9.4-11.7v-49.2c22.2-7.9 42.8-19.8 60.8-35.1l42.6 24.6c4.9 2.8 11 1.9 14.8-2.3 24.7-26.7 43.6-58.9 54.7-94.6 1.5-5.5-.7-11.3-5.6-14.1zM256 336c-44.1 0-80-35.9-80-80s35.9-80 80-80 80 35.9 80 80-35.9 80-80 80z\"><\/path><\/svg><\/div><\/span><\/div>\n\n<p>Les changements de vitesse de ton groupe Shimano Di2 sont affich\u00e9s dans l\u2019application icTrainer (nombre de plateaux\/pignons et position)\u00a0:<\/p>\n\n<figure class=\"wp-block-image size-full\"><img decoding=\"async\" width=\"736\" height=\"79\" src=\"https:\/\/ictrainer.de\/wp-content\/uploads\/2024\/01\/grafik-2.png\" alt=\"\" class=\"wp-image-2566\" srcset=\"https:\/\/ictrainer.de\/wp-content\/uploads\/2024\/01\/grafik-2.png 736w, https:\/\/ictrainer.de\/wp-content\/uploads\/2024\/01\/grafik-2-300x32.png 300w\" sizes=\"(max-width: 736px) 100vw, 736px\" \/><\/figure>\n\n<div style=\"height:20px\" aria-hidden=\"true\" class=\"wp-block-spacer\"><\/div>\n\n<div class=\"wp-block-stackable-icon stk-block-icon stk-block stk-1384ab1\" data-block-id=\"1384ab1\"><style>.stk-1384ab1{margin-bottom:0px !important}<\/style><span class=\"stk--svg-wrapper\"><div class=\"stk--inner-svg\"><svg style=\"height:0;width:0\"><defs><lineargradient id=\"linear-gradient-1384ab1\" x1=\"0\" x2=\"100%\" y1=\"0\" y2=\"0\"><stop offset=\"0%\" style=\"stop-opacity:1;stop-color:var(--linear-gradient-1384-ab-1-color-1)\"><\/stop><stop offset=\"100%\" style=\"stop-opacity:1;stop-color:var(--linear-gradient-1384-ab-1-color-2)\"><\/stop><\/lineargradient><\/defs><\/svg><svg xmlns=\"http:\/\/www.w3.org\/2000\/svg\" viewbox=\"0 0 640 512\" aria-hidden=\"true\" width=\"32\" height=\"32\"><path d=\"M629.657 343.598L528.971 444.284c-9.373 9.372-24.568 9.372-33.941 0L394.343 343.598c-9.373-9.373-9.373-24.569 0-33.941l10.823-10.823c9.562-9.562 25.133-9.34 34.419.492L480 342.118V160H292.451a24.005 24.005 0 0 1-16.971-7.029l-16-16C244.361 121.851 255.069 96 276.451 96H520c13.255 0 24 10.745 24 24v222.118l40.416-42.792c9.285-9.831 24.856-10.054 34.419-.492l10.823 10.823c9.372 9.372 9.372 24.569-.001 33.941zm-265.138 15.431A23.999 23.999 0 0 0 347.548 352H160V169.881l40.416 42.792c9.286 9.831 24.856 10.054 34.419.491l10.822-10.822c9.373-9.373 9.373-24.569 0-33.941L144.971 67.716c-9.373-9.373-24.569-9.373-33.941 0L10.343 168.402c-9.373 9.373-9.373 24.569 0 33.941l10.822 10.822c9.562 9.562 25.133 9.34 34.419-.491L96 169.881V392c0 13.255 10.745 24 24 24h243.549c21.382 0 32.09-25.851 16.971-40.971l-16.001-16z\"><\/path><\/svg><\/div><\/span><\/div>\n\n<p>Tu peux faire d\u00e9filer la section de contenu en appuyant sur les boutons des leviers\u00a0:<\/p>\n\n<figure class=\"wp-block-image size-full\"><img decoding=\"async\" width=\"735\" height=\"97\" src=\"https:\/\/ictrainer.de\/wp-content\/uploads\/2024\/01\/grafik-3.png\" alt=\"\" class=\"wp-image-2569\" srcset=\"https:\/\/ictrainer.de\/wp-content\/uploads\/2024\/01\/grafik-3.png 735w, https:\/\/ictrainer.de\/wp-content\/uploads\/2024\/01\/grafik-3-300x40.png 300w\" sizes=\"(max-width: 735px) 100vw, 735px\" \/><\/figure>\n\n<div style=\"height:40px\" aria-hidden=\"true\" class=\"wp-block-spacer\"><\/div>\n","protected":false},"excerpt":{"rendered":"<p>Pour les propri\u00e9taires d\u2019un nouveau groupe Shimano Di2, il est possible de le connecter \u00e0 notre application pour conserver les informations les plus int\u00e9ressantes \u00e0 port\u00e9e de main. Pour la connexion d\u2019autres capteurs, il est possible de connecter exclusivement les composants Shimano Di2 via Bluetooth \u00e0 l\u2019application icTrainer\u00a0: Le niveau de batterie de ton groupe [&hellip;]<\/p>\n","protected":false},"author":1,"featured_media":0,"parent":0,"menu_order":0,"comment_status":"closed","ping_status":"closed","template":"","meta":{"_uag_custom_page_level_css":"","site-sidebar-layout":"default","site-content-layout":"","ast-site-content-layout":"default","site-content-style":"default","site-sidebar-style":"default","ast-global-header-display":"","ast-banner-title-visibility":"","ast-main-header-display":"","ast-hfb-above-header-display":"","ast-hfb-below-header-display":"","ast-hfb-mobile-header-display":"","site-post-title":"","ast-breadcrumbs-content":"","ast-featured-img":"","footer-sml-layout":"","ast-disable-related-posts":"","theme-transparent-header-meta":"","adv-header-id-meta":"","stick-header-meta":"","header-above-stick-meta":"","header-main-stick-meta":"","header-below-stick-meta":"","astra-migrate-meta-layouts":"default","ast-page-background-enabled":"default","ast-page-background-meta":{"desktop":{"background-color":"var(--ast-global-color-4)","background-image":"","background-repeat":"repeat","background-position":"center center","background-size":"auto","background-attachment":"scroll","background-type":"","background-media":"","overlay-type":"","overlay-color":"","overlay-opacity":"","overlay-gradient":""},"tablet":{"background-color":"","background-image":"","background-repeat":"repeat","background-position":"center center","background-size":"auto","background-attachment":"scroll","background-type":"","background-media":"","overlay-type":"","overlay-color":"","overlay-opacity":"","overlay-gradient":""},"mobile":{"background-color":"","background-image":"","background-repeat":"repeat","background-position":"center center","background-size":"auto","background-attachment":"scroll","background-type":"","background-media":"","overlay-type":"","overlay-color":"","overlay-opacity":"","overlay-gradient":""}},"ast-content-background-meta":{"desktop":{"background-color":"var(--ast-global-color-5)","background-image":"","background-repeat":"repeat","background-position":"center center","background-size":"auto","background-attachment":"scroll","background-type":"","background-media":"","overlay-type":"","overlay-color":"","overlay-opacity":"","overlay-gradient":""},"tablet":{"background-color":"var(--ast-global-color-5)","background-image":"","background-repeat":"repeat","background-position":"center center","background-size":"auto","background-attachment":"scroll","background-type":"","background-media":"","overlay-type":"","overlay-color":"","overlay-opacity":"","overlay-gradient":""},"mobile":{"background-color":"var(--ast-global-color-5)","background-image":"","background-repeat":"repeat","background-position":"center center","background-size":"auto","background-attachment":"scroll","background-type":"","background-media":"","overlay-type":"","overlay-color":"","overlay-opacity":"","overlay-gradient":""}},"footnotes":""},"class_list":["post-4062","page","type-page","status-publish","hentry"],"yoast_head":"<!-- This site is optimized with the Yoast SEO Premium plugin v27.4 (Yoast SEO v27.5) - https:\/\/yoast.com\/product\/yoast-seo-premium-wordpress\/ -->\n<title>Just Train - No Game<\/title>\n<meta name=\"description\" content=\"Shimano Di2 x icTrainer Indoor Cycling Software\" \/>\n<meta name=\"robots\" content=\"index, follow, max-snippet:-1, max-image-preview:large, max-video-preview:-1\" \/>\n<link rel=\"canonical\" href=\"https:\/\/ictrainer.de\/fr\/shimano-connected-partners\/\" \/>\n<meta property=\"og:locale\" content=\"fr_FR\" \/>\n<meta property=\"og:type\" content=\"article\" \/>\n<meta property=\"og:title\" content=\"SHIMANO CONNECTED PARTNERS\" \/>\n<meta property=\"og:description\" content=\"Shimano Di2 x icTrainer Indoor Cycling Software\" \/>\n<meta property=\"og:url\" content=\"https:\/\/ictrainer.de\/fr\/shimano-connected-partners\/\" \/>\n<meta property=\"og:site_name\" content=\"icTrainer\" \/>\n<meta property=\"article:publisher\" content=\"https:\/\/www.facebook.com\/icTrainer-2225105191083880\" \/>\n<meta property=\"article:modified_time\" content=\"2025-12-02T13:23:45+00:00\" \/>\n<meta property=\"og:image\" content=\"https:\/\/ictrainer.de\/wp-content\/uploads\/2024\/03\/shimano.jpg\" \/>\n\t<meta property=\"og:image:width\" content=\"139\" \/>\n\t<meta property=\"og:image:height\" content=\"50\" \/>\n\t<meta property=\"og:image:type\" content=\"image\/jpeg\" \/>\n<meta name=\"twitter:card\" content=\"summary_large_image\" \/>\n<meta name=\"twitter:label1\" content=\"Dur\u00e9e de lecture estim\u00e9e\" \/>\n\t<meta name=\"twitter:data1\" content=\"1 minute\" \/>\n<script type=\"application\/ld+json\" class=\"yoast-schema-graph\">{\"@context\":\"https:\\\/\\\/schema.org\",\"@graph\":[{\"@type\":\"WebPage\",\"@id\":\"https:\\\/\\\/ictrainer.de\\\/fr\\\/shimano-connected-partners\\\/\",\"url\":\"https:\\\/\\\/ictrainer.de\\\/fr\\\/shimano-connected-partners\\\/\",\"name\":\"Just Train - No Game\",\"isPartOf\":{\"@id\":\"https:\\\/\\\/ictrainer.de\\\/fr\\\/#website\"},\"primaryImageOfPage\":{\"@id\":\"https:\\\/\\\/ictrainer.de\\\/fr\\\/shimano-connected-partners\\\/#primaryimage\"},\"image\":{\"@id\":\"https:\\\/\\\/ictrainer.de\\\/fr\\\/shimano-connected-partners\\\/#primaryimage\"},\"thumbnailUrl\":\"https:\\\/\\\/ictrainer.de\\\/wp-content\\\/uploads\\\/2024\\\/03\\\/shimano.jpg\",\"datePublished\":\"2025-09-04T15:42:54+00:00\",\"dateModified\":\"2025-12-02T13:23:45+00:00\",\"description\":\"Shimano Di2 x icTrainer Indoor Cycling Software\",\"breadcrumb\":{\"@id\":\"https:\\\/\\\/ictrainer.de\\\/fr\\\/shimano-connected-partners\\\/#breadcrumb\"},\"inLanguage\":\"fr-FR\",\"potentialAction\":[{\"@type\":\"ReadAction\",\"target\":[\"https:\\\/\\\/ictrainer.de\\\/fr\\\/shimano-connected-partners\\\/\"]}]},{\"@type\":\"ImageObject\",\"inLanguage\":\"fr-FR\",\"@id\":\"https:\\\/\\\/ictrainer.de\\\/fr\\\/shimano-connected-partners\\\/#primaryimage\",\"url\":\"https:\\\/\\\/ictrainer.de\\\/wp-content\\\/uploads\\\/2024\\\/03\\\/shimano.jpg\",\"contentUrl\":\"https:\\\/\\\/ictrainer.de\\\/wp-content\\\/uploads\\\/2024\\\/03\\\/shimano.jpg\"},{\"@type\":\"BreadcrumbList\",\"@id\":\"https:\\\/\\\/ictrainer.de\\\/fr\\\/shimano-connected-partners\\\/#breadcrumb\",\"itemListElement\":[{\"@type\":\"ListItem\",\"position\":1,\"name\":\"Startseite\",\"item\":\"https:\\\/\\\/ictrainer.de\\\/fr\\\/\"},{\"@type\":\"ListItem\",\"position\":2,\"name\":\"SHIMANO CONNECTED PARTNERS\"}]},{\"@type\":\"WebSite\",\"@id\":\"https:\\\/\\\/ictrainer.de\\\/fr\\\/#website\",\"url\":\"https:\\\/\\\/ictrainer.de\\\/fr\\\/\",\"name\":\"icTrainer\",\"description\":\"Just Train - No Game\",\"publisher\":{\"@id\":\"https:\\\/\\\/ictrainer.de\\\/fr\\\/#organization\"},\"potentialAction\":[{\"@type\":\"SearchAction\",\"target\":{\"@type\":\"EntryPoint\",\"urlTemplate\":\"https:\\\/\\\/ictrainer.de\\\/fr\\\/?s={search_term_string}\"},\"query-input\":{\"@type\":\"PropertyValueSpecification\",\"valueRequired\":true,\"valueName\":\"search_term_string\"}}],\"inLanguage\":\"fr-FR\"},{\"@type\":\"Organization\",\"@id\":\"https:\\\/\\\/ictrainer.de\\\/fr\\\/#organization\",\"name\":\"icTrainer\",\"url\":\"https:\\\/\\\/ictrainer.de\\\/fr\\\/\",\"logo\":{\"@type\":\"ImageObject\",\"inLanguage\":\"fr-FR\",\"@id\":\"https:\\\/\\\/ictrainer.de\\\/fr\\\/#\\\/schema\\\/logo\\\/image\\\/\",\"url\":\"\",\"contentUrl\":\"\",\"caption\":\"icTrainer\"},\"image\":{\"@id\":\"https:\\\/\\\/ictrainer.de\\\/fr\\\/#\\\/schema\\\/logo\\\/image\\\/\"},\"sameAs\":[\"https:\\\/\\\/www.facebook.com\\\/icTrainer-2225105191083880\",\"https:\\\/\\\/www.youtube.com\\\/channel\\\/UCA8JtIJrsuwIuYdXJupFuHQ\\\/videos\"]}]}<\/script>\n<!-- \/ Yoast SEO Premium plugin. -->","yoast_head_json":{"title":"Just Train - No Game","description":"Shimano Di2 x icTrainer Indoor Cycling Software","robots":{"index":"index","follow":"follow","max-snippet":"max-snippet:-1","max-image-preview":"max-image-preview:large","max-video-preview":"max-video-preview:-1"},"canonical":"https:\/\/ictrainer.de\/fr\/shimano-connected-partners\/","og_locale":"fr_FR","og_type":"article","og_title":"SHIMANO CONNECTED PARTNERS","og_description":"Shimano Di2 x icTrainer Indoor Cycling Software","og_url":"https:\/\/ictrainer.de\/fr\/shimano-connected-partners\/","og_site_name":"icTrainer","article_publisher":"https:\/\/www.facebook.com\/icTrainer-2225105191083880","article_modified_time":"2025-12-02T13:23:45+00:00","og_image":[{"width":139,"height":50,"url":"https:\/\/ictrainer.de\/wp-content\/uploads\/2024\/03\/shimano.jpg","type":"image\/jpeg"}],"twitter_card":"summary_large_image","twitter_misc":{"Dur\u00e9e de lecture estim\u00e9e":"1 minute"},"schema":{"@context":"https:\/\/schema.org","@graph":[{"@type":"WebPage","@id":"https:\/\/ictrainer.de\/fr\/shimano-connected-partners\/","url":"https:\/\/ictrainer.de\/fr\/shimano-connected-partners\/","name":"Just Train - No Game","isPartOf":{"@id":"https:\/\/ictrainer.de\/fr\/#website"},"primaryImageOfPage":{"@id":"https:\/\/ictrainer.de\/fr\/shimano-connected-partners\/#primaryimage"},"image":{"@id":"https:\/\/ictrainer.de\/fr\/shimano-connected-partners\/#primaryimage"},"thumbnailUrl":"https:\/\/ictrainer.de\/wp-content\/uploads\/2024\/03\/shimano.jpg","datePublished":"2025-09-04T15:42:54+00:00","dateModified":"2025-12-02T13:23:45+00:00","description":"Shimano Di2 x icTrainer Indoor Cycling Software","breadcrumb":{"@id":"https:\/\/ictrainer.de\/fr\/shimano-connected-partners\/#breadcrumb"},"inLanguage":"fr-FR","potentialAction":[{"@type":"ReadAction","target":["https:\/\/ictrainer.de\/fr\/shimano-connected-partners\/"]}]},{"@type":"ImageObject","inLanguage":"fr-FR","@id":"https:\/\/ictrainer.de\/fr\/shimano-connected-partners\/#primaryimage","url":"https:\/\/ictrainer.de\/wp-content\/uploads\/2024\/03\/shimano.jpg","contentUrl":"https:\/\/ictrainer.de\/wp-content\/uploads\/2024\/03\/shimano.jpg"},{"@type":"BreadcrumbList","@id":"https:\/\/ictrainer.de\/fr\/shimano-connected-partners\/#breadcrumb","itemListElement":[{"@type":"ListItem","position":1,"name":"Startseite","item":"https:\/\/ictrainer.de\/fr\/"},{"@type":"ListItem","position":2,"name":"SHIMANO CONNECTED PARTNERS"}]},{"@type":"WebSite","@id":"https:\/\/ictrainer.de\/fr\/#website","url":"https:\/\/ictrainer.de\/fr\/","name":"icTrainer","description":"Just Train - No Game","publisher":{"@id":"https:\/\/ictrainer.de\/fr\/#organization"},"potentialAction":[{"@type":"SearchAction","target":{"@type":"EntryPoint","urlTemplate":"https:\/\/ictrainer.de\/fr\/?s={search_term_string}"},"query-input":{"@type":"PropertyValueSpecification","valueRequired":true,"valueName":"search_term_string"}}],"inLanguage":"fr-FR"},{"@type":"Organization","@id":"https:\/\/ictrainer.de\/fr\/#organization","name":"icTrainer","url":"https:\/\/ictrainer.de\/fr\/","logo":{"@type":"ImageObject","inLanguage":"fr-FR","@id":"https:\/\/ictrainer.de\/fr\/#\/schema\/logo\/image\/","url":"","contentUrl":"","caption":"icTrainer"},"image":{"@id":"https:\/\/ictrainer.de\/fr\/#\/schema\/logo\/image\/"},"sameAs":["https:\/\/www.facebook.com\/icTrainer-2225105191083880","https:\/\/www.youtube.com\/channel\/UCA8JtIJrsuwIuYdXJupFuHQ\/videos"]}]}},"uagb_featured_image_src":{"full":false,"thumbnail":false,"medium":false,"medium_large":false,"large":false,"1536x1536":false,"2048x2048":false},"uagb_author_info":{"display_name":"Nicolas","author_link":"https:\/\/ictrainer.de\/fr\/author\/admin\/"},"uagb_comment_info":0,"uagb_excerpt":"Pour les propri\u00e9taires d\u2019un nouveau groupe Shimano Di2, il est possible de le connecter \u00e0 notre application pour conserver les informations les plus int\u00e9ressantes \u00e0 port\u00e9e de main. Pour la connexion d\u2019autres capteurs, il est possible de connecter exclusivement les composants Shimano Di2 via Bluetooth \u00e0 l\u2019application icTrainer\u00a0: Le niveau de batterie de ton groupe...","_links":{"self":[{"href":"https:\/\/ictrainer.de\/fr\/wp-json\/wp\/v2\/pages\/4062","targetHints":{"allow":["GET"]}}],"collection":[{"href":"https:\/\/ictrainer.de\/fr\/wp-json\/wp\/v2\/pages"}],"about":[{"href":"https:\/\/ictrainer.de\/fr\/wp-json\/wp\/v2\/types\/page"}],"author":[{"embeddable":true,"href":"https:\/\/ictrainer.de\/fr\/wp-json\/wp\/v2\/users\/1"}],"replies":[{"embeddable":true,"href":"https:\/\/ictrainer.de\/fr\/wp-json\/wp\/v2\/comments?post=4062"}],"version-history":[{"count":4,"href":"https:\/\/ictrainer.de\/fr\/wp-json\/wp\/v2\/pages\/4062\/revisions"}],"predecessor-version":[{"id":5040,"href":"https:\/\/ictrainer.de\/fr\/wp-json\/wp\/v2\/pages\/4062\/revisions\/5040"}],"wp:attachment":[{"href":"https:\/\/ictrainer.de\/fr\/wp-json\/wp\/v2\/media?parent=4062"}],"curies":[{"name":"wp","href":"https:\/\/api.w.org\/{rel}","templated":true}]}}