{"id":4058,"date":"2025-09-04T15:42:53","date_gmt":"2025-09-04T15:42:53","guid":{"rendered":"https:\/\/ictrainer.de\/groupes-entraineurs-clubs\/"},"modified":"2025-12-02T13:32:33","modified_gmt":"2025-12-02T13:32:33","slug":"groupes-entraineurs-clubs","status":"publish","type":"page","link":"https:\/\/ictrainer.de\/fr\/groupes-entraineurs-clubs\/","title":{"rendered":"Groupes \/ Entra\u00eeneurs \/ Clubs"},"content":{"rendered":"\n<p>Pour les groupes, les entra\u00eeneurs et les clubs, icTrainer offre des possibilit\u00e9s uniques d\u2019entra\u00eenement collectif \u00e0 prix exceptionnel.<\/p>\n\n<div class=\"wp-block-stackable-feature-grid alignwide stk-block-feature-grid stk-block-columns stk-block stk-c2aa101 is-style-default\" data-block-id=\"c2aa101\"><div class=\"stk-row stk-inner-blocks has-text-align-center stk-block-content stk-content-align stk-c2aa101-column\">\n<div class=\"wp-block-stackable-column stk-block-column stk-block-column--v2 stk-column stk-block stk-b7cad9d\" data-block-id=\"b7cad9d\"><style>.stk-b7cad9d-container{box-shadow:0 0 0 2px rgba(120,120,120,0.1) !important}<\/style><div class=\"stk-column-wrapper stk-block-column__content stk-container stk-b7cad9d-container stk-hover-parent\"><div class=\"stk-block-content stk-inner-blocks stk-b7cad9d-inner-blocks\">\n<div class=\"wp-block-stackable-image stk-block-image stk-block stk-5e6088e\" data-block-id=\"5e6088e\"><figure class=\"stk-img-wrapper stk-image--shape-stretch\"><img decoding=\"async\" class=\"stk-img wp-image-1850\" src=\"https:\/\/ictrainer.de\/wp-content\/uploads\/2022\/11\/gruppe.png\" width=\"512\" height=\"512\" alt=\"Entra&#xEE;nement de groupe\" srcset=\"https:\/\/ictrainer.de\/wp-content\/uploads\/2022\/11\/gruppe.png 512w, https:\/\/ictrainer.de\/wp-content\/uploads\/2022\/11\/gruppe-300x300.png 300w, https:\/\/ictrainer.de\/wp-content\/uploads\/2022\/11\/gruppe-150x150.png 150w\" sizes=\"(max-width: 512px) 100vw, 512px\" \/><\/figure><\/div>\n\n\n\n<div class=\"wp-block-stackable-heading stk-block-heading stk-block stk-dbbcdb9\" id=\"gruppentraining\" data-block-id=\"dbbcdb9\"><style>.stk-dbbcdb9 .stk-block-heading__text{margin:0 !important;font-weight:400 !important;font-family:\"Lato\",Sans-serif !important}<\/style><h3 class=\"stk-block-heading__text\">Entra\u00eenement de groupe<\/h3><\/div>\n\n\n\n<div class=\"wp-block-stackable-text stk-block-text stk-block stk-5c16ac8\" data-block-id=\"5c16ac8\"><p class=\"stk-block-text__text\">Chaque entra\u00eenement peut \u00e9galement \u00eatre suivi en groupe. Les zones d\u2019entra\u00eenement sont bien s\u00fbr individuelles et peuvent \u00eatre surveill\u00e9es par le coach.<\/p><\/div>\n\n\n\n<div class=\"wp-block-stackable-button-group stk-block-button-group stk-block stk-e291c32\" data-block-id=\"e291c32\"><div class=\"stk-row stk-inner-blocks stk-block-content stk-button-group\">\n<div class=\"wp-block-stackable-button stk-block-button is-style-plain stk-block stk-ea19c3f\" data-block-id=\"ea19c3f\"><style>.stk-ea19c3f:hover{opacity:0.8 !important}.stk-ea19c3f .stk-button{padding-right:24px !important;padding-left:24px !important;background:#df2d8e !important}.stk-ea19c3f .stk-button{border-radius:50px !important}.stk-ea19c3f .stk-button__inner-text{color:var(--ast-global-color-5) !important}<\/style><a class=\"stk-link stk-button stk--hover-effect-darken\" href=\"https:\/\/ictrainer.de\/fr\/telecharger\/\" title=\"T&#xE9;l&#xE9;chargement\"><span class=\"has-text-color has-ast-global-color-5-color stk-button__inner-text\">T\u00e9l\u00e9chargement<\/span><\/a><\/div>\n<\/div><\/div>\n<\/div><\/div><\/div>\n\n\n\n<div class=\"wp-block-stackable-column stk-block-column stk-block-column--v2 stk-column stk-block stk-9a149dc\" data-block-id=\"9a149dc\"><style>.stk-9a149dc-container{box-shadow:0 0 0 2px rgba(120,120,120,0.1) !important}<\/style><div class=\"stk-column-wrapper stk-block-column__content stk-container stk-9a149dc-container stk-hover-parent\"><div class=\"stk-block-content stk-inner-blocks stk-9a149dc-inner-blocks\">\n<div class=\"wp-block-stackable-image stk-block-image stk-block stk-8c8f2da\" data-block-id=\"8c8f2da\"><figure class=\"stk-img-wrapper stk-image--shape-stretch\"><img decoding=\"async\" class=\"stk-img wp-image-1846\" src=\"https:\/\/ictrainer.de\/wp-content\/uploads\/2022\/11\/cloud.png\" width=\"512\" height=\"512\" alt=\"Cloud MyTrainer\" srcset=\"https:\/\/ictrainer.de\/wp-content\/uploads\/2022\/11\/cloud.png 512w, https:\/\/ictrainer.de\/wp-content\/uploads\/2022\/11\/cloud-300x300.png 300w, https:\/\/ictrainer.de\/wp-content\/uploads\/2022\/11\/cloud-150x150.png 150w\" sizes=\"(max-width: 512px) 100vw, 512px\" \/><\/figure><\/div>\n\n\n\n<div class=\"wp-block-stackable-heading stk-block-heading stk-block stk-c2e2f7e\" id=\"my-trainer-cloud\" data-block-id=\"c2e2f7e\"><style>.stk-c2e2f7e .stk-block-heading__text{margin:0 !important;font-weight:400 !important;font-family:\"Lato\",Sans-serif !important}<\/style><h3 class=\"stk-block-heading__text\">Cloud MyTrainer<\/h3><\/div>\n\n\n\n<div class=\"wp-block-stackable-text stk-block-text stk-block stk-ce7a393\" data-block-id=\"ce7a393\"><p class=\"stk-block-text__text\">Le cloud myTrainer te permet de cr\u00e9er tes propres entra\u00eenements et de les mettre \u00e0 disposition d\u2019un groupe restreint d\u2019utilisateurs. C\u2019est rapide et facile.<\/p><\/div>\n\n\n\n<div class=\"wp-block-stackable-button-group stk-block-button-group stk-block stk-9b1772e\" data-block-id=\"9b1772e\"><div class=\"stk-row stk-inner-blocks stk-block-content stk-button-group\">\n<div class=\"wp-block-stackable-button stk-block-button is-style-plain stk-block stk-02e96db\" data-block-id=\"02e96db\"><style>.stk-02e96db:hover{opacity:0.8 !important}.stk-02e96db .stk-button{padding-right:24px !important;padding-left:24px !important;background:#df2d8e !important}.stk-02e96db .stk-button{border-radius:50px !important}.stk-02e96db .stk-button__inner-text{color:var(--ast-global-color-5) !important}<\/style><a class=\"stk-link stk-button stk--hover-effect-darken\" href=\"\"><span class=\"has-text-color has-ast-global-color-5-color stk-button__inner-text\">T\u00e9l\u00e9chargement<\/span><\/a><\/div>\n<\/div><\/div>\n<\/div><\/div><\/div>\n\n\n\n<div class=\"wp-block-stackable-column stk-block-column stk-block-column--v2 stk-column stk-block stk-13f4cd7\" data-block-id=\"13f4cd7\"><style>.stk-13f4cd7-container{box-shadow:0 0 0 2px rgba(120,120,120,0.1) !important}<\/style><div class=\"stk-column-wrapper stk-block-column__content stk-container stk-13f4cd7-container stk-hover-parent\"><div class=\"stk-block-content stk-inner-blocks stk-13f4cd7-inner-blocks\">\n<div class=\"wp-block-stackable-image stk-block-image stk-block stk-040caeb\" data-block-id=\"040caeb\"><figure class=\"stk-img-wrapper stk-image--shape-stretch\"><img decoding=\"async\" class=\"stk-img wp-image-1842\" src=\"https:\/\/ictrainer.de\/wp-content\/uploads\/2022\/11\/konferenz.png\" width=\"512\" height=\"512\" alt=\"Visioconf&#xE9;rence\" srcset=\"https:\/\/ictrainer.de\/wp-content\/uploads\/2022\/11\/konferenz.png 512w, https:\/\/ictrainer.de\/wp-content\/uploads\/2022\/11\/konferenz-300x300.png 300w, https:\/\/ictrainer.de\/wp-content\/uploads\/2022\/11\/konferenz-150x150.png 150w\" sizes=\"(max-width: 512px) 100vw, 512px\" \/><\/figure><\/div>\n\n\n\n<div class=\"wp-block-stackable-heading stk-block-heading stk-block stk-f6c8cb3\" id=\"videokonferenz\" data-block-id=\"f6c8cb3\"><style>.stk-f6c8cb3 .stk-block-heading__text{margin:0 !important;font-weight:400 !important;font-family:\"Lato\",Sans-serif !important}<\/style><h3 class=\"stk-block-heading__text\">Visioconf\u00e9rence<\/h3><\/div>\n\n\n\n<div class=\"wp-block-stackable-text stk-block-text stk-block stk-06941c9\" data-block-id=\"06941c9\"><p class=\"stk-block-text__text\">Gr\u00e2ce \u00e0 notre solution de visioconf\u00e9rence int\u00e9gr\u00e9e, les participants peuvent \u00e9changer des informations pendant la formation, le tout sans devoir installer une solution externe.<\/p><\/div>\n\n\n\n<div class=\"wp-block-stackable-button-group stk-block-button-group stk-block stk-37fe932\" data-block-id=\"37fe932\"><div class=\"stk-row stk-inner-blocks stk-block-content stk-button-group\">\n<div class=\"wp-block-stackable-button stk-block-button is-style-plain stk-block stk-ff340a7\" data-block-id=\"ff340a7\"><style>.stk-ff340a7:hover{opacity:0.8 !important}.stk-ff340a7 .stk-button{padding-right:24px !important;padding-left:24px !important;background:#df2d8e !important}.stk-ff340a7 .stk-button{border-radius:50px !important}.stk-ff340a7 .stk-button__inner-text{color:var(--ast-global-color-5) !important}<\/style><a class=\"stk-link stk-button stk--hover-effect-darken\" href=\"\"><span class=\"has-text-color has-ast-global-color-5-color stk-button__inner-text\">T\u00e9l\u00e9chargement<\/span><\/a><\/div>\n<\/div><\/div>\n<\/div><\/div><\/div>\n<\/div><\/div>\n","protected":false},"excerpt":{"rendered":"<p>Pour les groupes, les entra\u00eeneurs et les clubs, icTrainer offre des possibilit\u00e9s uniques d\u2019entra\u00eenement collectif \u00e0 prix exceptionnel. Entra\u00eenement de groupe Chaque entra\u00eenement peut \u00e9galement \u00eatre suivi en groupe. Les zones d\u2019entra\u00eenement sont bien s\u00fbr individuelles et peuvent \u00eatre surveill\u00e9es par le coach. T\u00e9l\u00e9chargement Cloud MyTrainer Le cloud myTrainer te permet de cr\u00e9er tes propres [&hellip;]<\/p>\n","protected":false},"author":1,"featured_media":0,"parent":0,"menu_order":0,"comment_status":"closed","ping_status":"closed","template":"","meta":{"_uag_custom_page_level_css":"","site-sidebar-layout":"default","site-content-layout":"","ast-site-content-layout":"default","site-content-style":"default","site-sidebar-style":"default","ast-global-header-display":"","ast-banner-title-visibility":"","ast-main-header-display":"","ast-hfb-above-header-display":"","ast-hfb-below-header-display":"","ast-hfb-mobile-header-display":"","site-post-title":"","ast-breadcrumbs-content":"","ast-featured-img":"","footer-sml-layout":"","ast-disable-related-posts":"","theme-transparent-header-meta":"","adv-header-id-meta":"","stick-header-meta":"","header-above-stick-meta":"","header-main-stick-meta":"","header-below-stick-meta":"","astra-migrate-meta-layouts":"default","ast-page-background-enabled":"default","ast-page-background-meta":{"desktop":{"background-color":"var(--ast-global-color-4)","background-image":"","background-repeat":"repeat","background-position":"center center","background-size":"auto","background-attachment":"scroll","background-type":"","background-media":"","overlay-type":"","overlay-color":"","overlay-opacity":"","overlay-gradient":""},"tablet":{"background-color":"","background-image":"","background-repeat":"repeat","background-position":"center center","background-size":"auto","background-attachment":"scroll","background-type":"","background-media":"","overlay-type":"","overlay-color":"","overlay-opacity":"","overlay-gradient":""},"mobile":{"background-color":"","background-image":"","background-repeat":"repeat","background-position":"center center","background-size":"auto","background-attachment":"scroll","background-type":"","background-media":"","overlay-type":"","overlay-color":"","overlay-opacity":"","overlay-gradient":""}},"ast-content-background-meta":{"desktop":{"background-color":"var(--ast-global-color-5)","background-image":"","background-repeat":"repeat","background-position":"center center","background-size":"auto","background-attachment":"scroll","background-type":"","background-media":"","overlay-type":"","overlay-color":"","overlay-opacity":"","overlay-gradient":""},"tablet":{"background-color":"var(--ast-global-color-5)","background-image":"","background-repeat":"repeat","background-position":"center center","background-size":"auto","background-attachment":"scroll","background-type":"","background-media":"","overlay-type":"","overlay-color":"","overlay-opacity":"","overlay-gradient":""},"mobile":{"background-color":"var(--ast-global-color-5)","background-image":"","background-repeat":"repeat","background-position":"center center","background-size":"auto","background-attachment":"scroll","background-type":"","background-media":"","overlay-type":"","overlay-color":"","overlay-opacity":"","overlay-gradient":""}},"footnotes":""},"class_list":["post-4058","page","type-page","status-publish","hentry"],"yoast_head":"<!-- This site is optimized with the Yoast SEO Premium plugin v27.4 (Yoast SEO v27.4) - https:\/\/yoast.com\/product\/yoast-seo-premium-wordpress\/ -->\n<title>Just Train - No Game<\/title>\n<meta name=\"robots\" content=\"index, follow, max-snippet:-1, max-image-preview:large, max-video-preview:-1\" \/>\n<link rel=\"canonical\" href=\"https:\/\/ictrainer.de\/fr\/groupes-entraineurs-clubs\/\" \/>\n<meta property=\"og:locale\" content=\"fr_FR\" \/>\n<meta property=\"og:type\" content=\"article\" \/>\n<meta property=\"og:title\" content=\"Groupes \/ Entra\u00eeneurs \/ Clubs\" \/>\n<meta property=\"og:description\" content=\"Pour les groupes, les entra\u00eeneurs et les clubs, icTrainer offre des possibilit\u00e9s uniques d\u2019entra\u00eenement collectif \u00e0 prix exceptionnel. Entra\u00eenement de groupe Chaque entra\u00eenement peut \u00e9galement \u00eatre suivi en groupe. Les zones d\u2019entra\u00eenement sont bien s\u00fbr individuelles et peuvent \u00eatre surveill\u00e9es par le coach. T\u00e9l\u00e9chargement Cloud MyTrainer Le cloud myTrainer te permet de cr\u00e9er tes propres [&hellip;]\" \/>\n<meta property=\"og:url\" content=\"https:\/\/ictrainer.de\/fr\/groupes-entraineurs-clubs\/\" \/>\n<meta property=\"og:site_name\" content=\"icTrainer\" \/>\n<meta property=\"article:publisher\" content=\"https:\/\/www.facebook.com\/icTrainer-2225105191083880\" \/>\n<meta property=\"article:modified_time\" content=\"2025-12-02T13:32:33+00:00\" \/>\n<meta property=\"og:image\" content=\"https:\/\/ictrainer.de\/wp-content\/uploads\/2022\/11\/gruppe.png\" \/>\n\t<meta property=\"og:image:width\" content=\"512\" \/>\n\t<meta property=\"og:image:height\" content=\"512\" \/>\n\t<meta property=\"og:image:type\" content=\"image\/png\" \/>\n<meta name=\"twitter:card\" content=\"summary_large_image\" \/>\n<meta name=\"twitter:label1\" content=\"Dur\u00e9e de lecture estim\u00e9e\" \/>\n\t<meta name=\"twitter:data1\" content=\"1 minute\" \/>\n<script type=\"application\/ld+json\" class=\"yoast-schema-graph\">{\"@context\":\"https:\\\/\\\/schema.org\",\"@graph\":[{\"@type\":\"WebPage\",\"@id\":\"https:\\\/\\\/ictrainer.de\\\/fr\\\/groupes-entraineurs-clubs\\\/\",\"url\":\"https:\\\/\\\/ictrainer.de\\\/fr\\\/groupes-entraineurs-clubs\\\/\",\"name\":\"Just Train - No Game\",\"isPartOf\":{\"@id\":\"https:\\\/\\\/ictrainer.de\\\/fr\\\/#website\"},\"primaryImageOfPage\":{\"@id\":\"https:\\\/\\\/ictrainer.de\\\/fr\\\/groupes-entraineurs-clubs\\\/#primaryimage\"},\"image\":{\"@id\":\"https:\\\/\\\/ictrainer.de\\\/fr\\\/groupes-entraineurs-clubs\\\/#primaryimage\"},\"thumbnailUrl\":\"https:\\\/\\\/ictrainer.de\\\/wp-content\\\/uploads\\\/2022\\\/11\\\/gruppe.png\",\"datePublished\":\"2025-09-04T15:42:53+00:00\",\"dateModified\":\"2025-12-02T13:32:33+00:00\",\"breadcrumb\":{\"@id\":\"https:\\\/\\\/ictrainer.de\\\/fr\\\/groupes-entraineurs-clubs\\\/#breadcrumb\"},\"inLanguage\":\"fr-FR\",\"potentialAction\":[{\"@type\":\"ReadAction\",\"target\":[\"https:\\\/\\\/ictrainer.de\\\/fr\\\/groupes-entraineurs-clubs\\\/\"]}]},{\"@type\":\"ImageObject\",\"inLanguage\":\"fr-FR\",\"@id\":\"https:\\\/\\\/ictrainer.de\\\/fr\\\/groupes-entraineurs-clubs\\\/#primaryimage\",\"url\":\"https:\\\/\\\/ictrainer.de\\\/wp-content\\\/uploads\\\/2022\\\/11\\\/gruppe.png\",\"contentUrl\":\"https:\\\/\\\/ictrainer.de\\\/wp-content\\\/uploads\\\/2022\\\/11\\\/gruppe.png\"},{\"@type\":\"BreadcrumbList\",\"@id\":\"https:\\\/\\\/ictrainer.de\\\/fr\\\/groupes-entraineurs-clubs\\\/#breadcrumb\",\"itemListElement\":[{\"@type\":\"ListItem\",\"position\":1,\"name\":\"Startseite\",\"item\":\"https:\\\/\\\/ictrainer.de\\\/fr\\\/\"},{\"@type\":\"ListItem\",\"position\":2,\"name\":\"Groupes \\\/ Entra\u00eeneurs \\\/ Clubs\"}]},{\"@type\":\"WebSite\",\"@id\":\"https:\\\/\\\/ictrainer.de\\\/fr\\\/#website\",\"url\":\"https:\\\/\\\/ictrainer.de\\\/fr\\\/\",\"name\":\"icTrainer\",\"description\":\"Just Train - No Game\",\"publisher\":{\"@id\":\"https:\\\/\\\/ictrainer.de\\\/fr\\\/#organization\"},\"potentialAction\":[{\"@type\":\"SearchAction\",\"target\":{\"@type\":\"EntryPoint\",\"urlTemplate\":\"https:\\\/\\\/ictrainer.de\\\/fr\\\/?s={search_term_string}\"},\"query-input\":{\"@type\":\"PropertyValueSpecification\",\"valueRequired\":true,\"valueName\":\"search_term_string\"}}],\"inLanguage\":\"fr-FR\"},{\"@type\":\"Organization\",\"@id\":\"https:\\\/\\\/ictrainer.de\\\/fr\\\/#organization\",\"name\":\"icTrainer\",\"url\":\"https:\\\/\\\/ictrainer.de\\\/fr\\\/\",\"logo\":{\"@type\":\"ImageObject\",\"inLanguage\":\"fr-FR\",\"@id\":\"https:\\\/\\\/ictrainer.de\\\/fr\\\/#\\\/schema\\\/logo\\\/image\\\/\",\"url\":\"\",\"contentUrl\":\"\",\"caption\":\"icTrainer\"},\"image\":{\"@id\":\"https:\\\/\\\/ictrainer.de\\\/fr\\\/#\\\/schema\\\/logo\\\/image\\\/\"},\"sameAs\":[\"https:\\\/\\\/www.facebook.com\\\/icTrainer-2225105191083880\",\"https:\\\/\\\/www.youtube.com\\\/channel\\\/UCA8JtIJrsuwIuYdXJupFuHQ\\\/videos\"]}]}<\/script>\n<!-- \/ Yoast SEO Premium plugin. -->","yoast_head_json":{"title":"Just Train - No Game","robots":{"index":"index","follow":"follow","max-snippet":"max-snippet:-1","max-image-preview":"max-image-preview:large","max-video-preview":"max-video-preview:-1"},"canonical":"https:\/\/ictrainer.de\/fr\/groupes-entraineurs-clubs\/","og_locale":"fr_FR","og_type":"article","og_title":"Groupes \/ Entra\u00eeneurs \/ Clubs","og_description":"Pour les groupes, les entra\u00eeneurs et les clubs, icTrainer offre des possibilit\u00e9s uniques d\u2019entra\u00eenement collectif \u00e0 prix exceptionnel. Entra\u00eenement de groupe Chaque entra\u00eenement peut \u00e9galement \u00eatre suivi en groupe. Les zones d\u2019entra\u00eenement sont bien s\u00fbr individuelles et peuvent \u00eatre surveill\u00e9es par le coach. T\u00e9l\u00e9chargement Cloud MyTrainer Le cloud myTrainer te permet de cr\u00e9er tes propres [&hellip;]","og_url":"https:\/\/ictrainer.de\/fr\/groupes-entraineurs-clubs\/","og_site_name":"icTrainer","article_publisher":"https:\/\/www.facebook.com\/icTrainer-2225105191083880","article_modified_time":"2025-12-02T13:32:33+00:00","og_image":[{"width":512,"height":512,"url":"https:\/\/ictrainer.de\/wp-content\/uploads\/2022\/11\/gruppe.png","type":"image\/png"}],"twitter_card":"summary_large_image","twitter_misc":{"Dur\u00e9e de lecture estim\u00e9e":"1 minute"},"schema":{"@context":"https:\/\/schema.org","@graph":[{"@type":"WebPage","@id":"https:\/\/ictrainer.de\/fr\/groupes-entraineurs-clubs\/","url":"https:\/\/ictrainer.de\/fr\/groupes-entraineurs-clubs\/","name":"Just Train - No Game","isPartOf":{"@id":"https:\/\/ictrainer.de\/fr\/#website"},"primaryImageOfPage":{"@id":"https:\/\/ictrainer.de\/fr\/groupes-entraineurs-clubs\/#primaryimage"},"image":{"@id":"https:\/\/ictrainer.de\/fr\/groupes-entraineurs-clubs\/#primaryimage"},"thumbnailUrl":"https:\/\/ictrainer.de\/wp-content\/uploads\/2022\/11\/gruppe.png","datePublished":"2025-09-04T15:42:53+00:00","dateModified":"2025-12-02T13:32:33+00:00","breadcrumb":{"@id":"https:\/\/ictrainer.de\/fr\/groupes-entraineurs-clubs\/#breadcrumb"},"inLanguage":"fr-FR","potentialAction":[{"@type":"ReadAction","target":["https:\/\/ictrainer.de\/fr\/groupes-entraineurs-clubs\/"]}]},{"@type":"ImageObject","inLanguage":"fr-FR","@id":"https:\/\/ictrainer.de\/fr\/groupes-entraineurs-clubs\/#primaryimage","url":"https:\/\/ictrainer.de\/wp-content\/uploads\/2022\/11\/gruppe.png","contentUrl":"https:\/\/ictrainer.de\/wp-content\/uploads\/2022\/11\/gruppe.png"},{"@type":"BreadcrumbList","@id":"https:\/\/ictrainer.de\/fr\/groupes-entraineurs-clubs\/#breadcrumb","itemListElement":[{"@type":"ListItem","position":1,"name":"Startseite","item":"https:\/\/ictrainer.de\/fr\/"},{"@type":"ListItem","position":2,"name":"Groupes \/ Entra\u00eeneurs \/ Clubs"}]},{"@type":"WebSite","@id":"https:\/\/ictrainer.de\/fr\/#website","url":"https:\/\/ictrainer.de\/fr\/","name":"icTrainer","description":"Just Train - No Game","publisher":{"@id":"https:\/\/ictrainer.de\/fr\/#organization"},"potentialAction":[{"@type":"SearchAction","target":{"@type":"EntryPoint","urlTemplate":"https:\/\/ictrainer.de\/fr\/?s={search_term_string}"},"query-input":{"@type":"PropertyValueSpecification","valueRequired":true,"valueName":"search_term_string"}}],"inLanguage":"fr-FR"},{"@type":"Organization","@id":"https:\/\/ictrainer.de\/fr\/#organization","name":"icTrainer","url":"https:\/\/ictrainer.de\/fr\/","logo":{"@type":"ImageObject","inLanguage":"fr-FR","@id":"https:\/\/ictrainer.de\/fr\/#\/schema\/logo\/image\/","url":"","contentUrl":"","caption":"icTrainer"},"image":{"@id":"https:\/\/ictrainer.de\/fr\/#\/schema\/logo\/image\/"},"sameAs":["https:\/\/www.facebook.com\/icTrainer-2225105191083880","https:\/\/www.youtube.com\/channel\/UCA8JtIJrsuwIuYdXJupFuHQ\/videos"]}]}},"uagb_featured_image_src":{"full":false,"thumbnail":false,"medium":false,"medium_large":false,"large":false,"1536x1536":false,"2048x2048":false},"uagb_author_info":{"display_name":"Nicolas","author_link":"https:\/\/ictrainer.de\/fr\/author\/admin\/"},"uagb_comment_info":0,"uagb_excerpt":"Pour les groupes, les entra\u00eeneurs et les clubs, icTrainer offre des possibilit\u00e9s uniques d\u2019entra\u00eenement collectif \u00e0 prix exceptionnel. Entra\u00eenement de groupe Chaque entra\u00eenement peut \u00e9galement \u00eatre suivi en groupe. Les zones d\u2019entra\u00eenement sont bien s\u00fbr individuelles et peuvent \u00eatre surveill\u00e9es par le coach. T\u00e9l\u00e9chargement Cloud MyTrainer Le cloud myTrainer te permet de cr\u00e9er tes propres...","_links":{"self":[{"href":"https:\/\/ictrainer.de\/fr\/wp-json\/wp\/v2\/pages\/4058","targetHints":{"allow":["GET"]}}],"collection":[{"href":"https:\/\/ictrainer.de\/fr\/wp-json\/wp\/v2\/pages"}],"about":[{"href":"https:\/\/ictrainer.de\/fr\/wp-json\/wp\/v2\/types\/page"}],"author":[{"embeddable":true,"href":"https:\/\/ictrainer.de\/fr\/wp-json\/wp\/v2\/users\/1"}],"replies":[{"embeddable":true,"href":"https:\/\/ictrainer.de\/fr\/wp-json\/wp\/v2\/comments?post=4058"}],"version-history":[{"count":11,"href":"https:\/\/ictrainer.de\/fr\/wp-json\/wp\/v2\/pages\/4058\/revisions"}],"predecessor-version":[{"id":5070,"href":"https:\/\/ictrainer.de\/fr\/wp-json\/wp\/v2\/pages\/4058\/revisions\/5070"}],"wp:attachment":[{"href":"https:\/\/ictrainer.de\/fr\/wp-json\/wp\/v2\/media?parent=4058"}],"curies":[{"name":"wp","href":"https:\/\/api.w.org\/{rel}","templated":true}]}}