{"id":3863,"date":"2025-09-04T15:41:16","date_gmt":"2025-09-04T15:41:16","guid":{"rendered":"https:\/\/ictrainer.de\/pourquoi-y-a-t-il-deux-applications-ictrainer-pour-macos\/"},"modified":"2025-12-02T13:23:45","modified_gmt":"2025-12-02T13:23:45","slug":"pourquoi-y-a-t-il-deux-applications-ictrainer-pour-macos","status":"publish","type":"page","link":"https:\/\/ictrainer.de\/fr\/pourquoi-y-a-t-il-deux-applications-ictrainer-pour-macos\/","title":{"rendered":"Pourquoi y a-t-il deux applications icTrainer pour MacOS\u00a0?"},"content":{"rendered":"\n<p>Une version plus avanc\u00e9e de l\u2019application est d\u00e9sormais disponible pour MacOS\u00a011 (et plus r\u00e9cent) dans l\u2019App Store\u00a0:<\/p>\n\n<figure class=\"wp-block-image size-large\"><img decoding=\"async\" width=\"1024\" height=\"375\" src=\"https:\/\/ictrainer.de\/wp-content\/uploads\/2024\/06\/Bild1-1024x375.jpg\" alt=\"\" class=\"wp-image-2854\" srcset=\"https:\/\/ictrainer.de\/wp-content\/uploads\/2024\/06\/Bild1-1024x375.jpg 1024w, https:\/\/ictrainer.de\/wp-content\/uploads\/2024\/06\/Bild1-300x110.jpg 300w, https:\/\/ictrainer.de\/wp-content\/uploads\/2024\/06\/Bild1-768x281.jpg 768w, https:\/\/ictrainer.de\/wp-content\/uploads\/2024\/06\/Bild1.jpg 1080w\" sizes=\"(max-width: 1024px) 100vw, 1024px\" \/><\/figure>\n\n<p>la<a href=\"https:\/\/itunes.apple.com\/de\/app\/ictrainer\/id1453179272\" target=\"_blank\" rel=\"noreferrer noopener\">nouvelle version<\/a>est optimis\u00e9e pour le syst\u00e8me MacOS\u00a011.0 (et plus r\u00e9cent) utilis\u00e9 sur les processeurs Apple ARM (M1, M2, M3, M4, &#8230;) et Intel. Si tu utilises MacOS\u00a011.0 (ou plus r\u00e9cent), il te faut n\u00e9cessairement passer \u00e0 la nouvelle version.<\/p>\n\n<p>L\u2019<a href=\"https:\/\/apps.apple.com\/de\/app\/ictrainer\/id1469371893\">ancienne<\/a><a href=\"https:\/\/apps.apple.com\/de\/app\/ictrainer\/id1469371893\" target=\"_blank\" rel=\"noreferrer noopener\">version<\/a> n\u2019a de sens que pour le syst\u00e8me MacOS\u00a010.x utilis\u00e9 sur les processeurs Intel.<\/p>\n\n<p>Ce changement repose sur des mesures techniques qui nous sont n\u00e9cessaires pour continuer \u00e0 aider les clients utilisateurs de MacOS\u00a010.x \u00e0 s\u2019entra\u00eener.<\/p>\n\n<p><strong>Pour une transition en douceur, deux mesures sont \u00e0 prendre en compte\u00a0:<\/strong><\/p>\n\n<p>1. V\u00e9rifie premi\u00e8rement dans quel dossier tu as enregistr\u00e9 tes donn\u00e9es (Configuration -&gt; Dossiers)\u00a0:<\/p>\n\n<figure class=\"wp-block-image size-full\"><img decoding=\"async\" width=\"602\" height=\"160\" src=\"https:\/\/ictrainer.de\/wp-content\/uploads\/2024\/06\/Bild2.png\" alt=\"\" class=\"wp-image-2857\" srcset=\"https:\/\/ictrainer.de\/wp-content\/uploads\/2024\/06\/Bild2.png 602w, https:\/\/ictrainer.de\/wp-content\/uploads\/2024\/06\/Bild2-300x80.png 300w\" sizes=\"(max-width: 602px) 100vw, 602px\" \/><\/figure>\n\n<p>Si le dossier <em><strong>\/Users\/[Benutzername]\/Public\/icTrainer\/<\/strong><\/em> est utilis\u00e9, tout va bien\u00a0: c\u2019est aussi le dossier s\u00e9lectionn\u00e9 sur la nouvelle version.<\/p>\n\n<p>Si le dossier <em><strong>\/Users\/[Benutzername]\/Library\/Containers\/&#8230;<\/strong><\/em> est utilis\u00e9, modifie premi\u00e8rement le dossier en cliquant sur \u00ab\u00a0&#8230;\u00a0\u00bb (en haut \u00e0 droite) et en d\u00e9finissant le dossier \/Users\/[Benutzername]\/Public\/icTrainer\/ pour ne pas perdre de donn\u00e9es.<\/p>\n\n<p>En tant qu\u2019utilisateur de MacOS\u00a011.0 (et plus r\u00e9cent), tu peux maintenant supprimer l\u2019ancienne application et installer la nouvelle, et toutes les donn\u00e9es seront directement retrouv\u00e9es.<\/p>\n\n<p>2. Si tu as achet\u00e9 la licence avec l\u2019ancienne application, il est conseill\u00e9 de r\u00e9silier ton abonnement dans l\u2019Apple App Store et de le reprendre dans la nouvelle version lors du prochain renouvellement affich\u00e9 dans l\u2019application (et seulement \u00e0 ce moment-l\u00e0).<br\/>Malheureusement, la nouvelle application ne sait pas automatiquement que la prolongation a \u00e9t\u00e9 pay\u00e9e dans l\u2019ancienne application, impliquant un effort manuel de notre c\u00f4t\u00e9 pour transf\u00e9rer la licence.<br\/>La nouvelle licence est bien s\u00fbr utilisable sur tous les syst\u00e8mes d\u2019exploitation et processeurs (Acheter une licence -&gt; R\u00e9cup\u00e9rer une licence). Il n\u2019y a donc aucun probl\u00e8me \u00e0 continuer \u00e0 utiliser l\u2019application sur un ancien MacBook (avec processeur Intel) et sur un nouveau MacBook (avec processeur Apple).<\/p>\n\n<div style=\"height:100px\" aria-hidden=\"true\" class=\"wp-block-spacer\"><\/div>\n","protected":false},"excerpt":{"rendered":"<p>Une version plus avanc\u00e9e de l\u2019application est d\u00e9sormais disponible pour MacOS\u00a011 (et plus r\u00e9cent) dans l\u2019App Store\u00a0: lanouvelle versionest optimis\u00e9e pour le syst\u00e8me MacOS\u00a011.0 (et plus r\u00e9cent) utilis\u00e9 sur les processeurs Apple ARM (M1, M2, M3, M4, &#8230;) et Intel. Si tu utilises MacOS\u00a011.0 (ou plus r\u00e9cent), il te faut n\u00e9cessairement passer \u00e0 la nouvelle [&hellip;]<\/p>\n","protected":false},"author":1,"featured_media":0,"parent":0,"menu_order":0,"comment_status":"closed","ping_status":"closed","template":"","meta":{"_uag_custom_page_level_css":"","site-sidebar-layout":"default","site-content-layout":"","ast-site-content-layout":"default","site-content-style":"default","site-sidebar-style":"default","ast-global-header-display":"","ast-banner-title-visibility":"","ast-main-header-display":"","ast-hfb-above-header-display":"","ast-hfb-below-header-display":"","ast-hfb-mobile-header-display":"","site-post-title":"","ast-breadcrumbs-content":"","ast-featured-img":"","footer-sml-layout":"","ast-disable-related-posts":"","theme-transparent-header-meta":"","adv-header-id-meta":"","stick-header-meta":"","header-above-stick-meta":"","header-main-stick-meta":"","header-below-stick-meta":"","astra-migrate-meta-layouts":"default","ast-page-background-enabled":"default","ast-page-background-meta":{"desktop":{"background-color":"var(--ast-global-color-4)","background-image":"","background-repeat":"repeat","background-position":"center center","background-size":"auto","background-attachment":"scroll","background-type":"","background-media":"","overlay-type":"","overlay-color":"","overlay-opacity":"","overlay-gradient":""},"tablet":{"background-color":"","background-image":"","background-repeat":"repeat","background-position":"center center","background-size":"auto","background-attachment":"scroll","background-type":"","background-media":"","overlay-type":"","overlay-color":"","overlay-opacity":"","overlay-gradient":""},"mobile":{"background-color":"","background-image":"","background-repeat":"repeat","background-position":"center center","background-size":"auto","background-attachment":"scroll","background-type":"","background-media":"","overlay-type":"","overlay-color":"","overlay-opacity":"","overlay-gradient":""}},"ast-content-background-meta":{"desktop":{"background-color":"var(--ast-global-color-5)","background-image":"","background-repeat":"repeat","background-position":"center center","background-size":"auto","background-attachment":"scroll","background-type":"","background-media":"","overlay-type":"","overlay-color":"","overlay-opacity":"","overlay-gradient":""},"tablet":{"background-color":"var(--ast-global-color-5)","background-image":"","background-repeat":"repeat","background-position":"center center","background-size":"auto","background-attachment":"scroll","background-type":"","background-media":"","overlay-type":"","overlay-color":"","overlay-opacity":"","overlay-gradient":""},"mobile":{"background-color":"var(--ast-global-color-5)","background-image":"","background-repeat":"repeat","background-position":"center center","background-size":"auto","background-attachment":"scroll","background-type":"","background-media":"","overlay-type":"","overlay-color":"","overlay-opacity":"","overlay-gradient":""}},"footnotes":""},"class_list":["post-3863","page","type-page","status-publish","hentry"],"yoast_head":"<!-- This site is optimized with the Yoast SEO Premium plugin v27.4 (Yoast SEO v27.5) - https:\/\/yoast.com\/product\/yoast-seo-premium-wordpress\/ -->\n<title>Just Train - No Game<\/title>\n<meta name=\"robots\" content=\"index, follow, max-snippet:-1, max-image-preview:large, max-video-preview:-1\" \/>\n<link rel=\"canonical\" href=\"https:\/\/ictrainer.de\/fr\/pourquoi-y-a-t-il-deux-applications-ictrainer-pour-macos\/\" \/>\n<meta property=\"og:locale\" content=\"fr_FR\" \/>\n<meta property=\"og:type\" content=\"article\" \/>\n<meta property=\"og:title\" content=\"Pourquoi y a-t-il deux applications icTrainer pour MacOS\u00a0?\" \/>\n<meta property=\"og:description\" content=\"Une version plus avanc\u00e9e de l\u2019application est d\u00e9sormais disponible pour MacOS\u00a011 (et plus r\u00e9cent) dans l\u2019App Store\u00a0: lanouvelle versionest optimis\u00e9e pour le syst\u00e8me MacOS\u00a011.0 (et plus r\u00e9cent) utilis\u00e9 sur les processeurs Apple ARM (M1, M2, M3, M4, &#8230;) et Intel. Si tu utilises MacOS\u00a011.0 (ou plus r\u00e9cent), il te faut n\u00e9cessairement passer \u00e0 la nouvelle [&hellip;]\" \/>\n<meta property=\"og:url\" content=\"https:\/\/ictrainer.de\/fr\/pourquoi-y-a-t-il-deux-applications-ictrainer-pour-macos\/\" \/>\n<meta property=\"og:site_name\" content=\"icTrainer\" \/>\n<meta property=\"article:publisher\" content=\"https:\/\/www.facebook.com\/icTrainer-2225105191083880\" \/>\n<meta property=\"article:modified_time\" content=\"2025-12-02T13:23:45+00:00\" \/>\n<meta property=\"og:image\" content=\"https:\/\/ictrainer.de\/wp-content\/uploads\/2024\/06\/Bild1.jpg\" \/>\n\t<meta property=\"og:image:width\" content=\"1080\" \/>\n\t<meta property=\"og:image:height\" content=\"395\" \/>\n\t<meta property=\"og:image:type\" content=\"image\/jpeg\" \/>\n<meta name=\"twitter:card\" content=\"summary_large_image\" \/>\n<meta name=\"twitter:label1\" content=\"Dur\u00e9e de lecture estim\u00e9e\" \/>\n\t<meta name=\"twitter:data1\" content=\"2 minutes\" \/>\n<script type=\"application\/ld+json\" class=\"yoast-schema-graph\">{\"@context\":\"https:\\\/\\\/schema.org\",\"@graph\":[{\"@type\":\"WebPage\",\"@id\":\"https:\\\/\\\/ictrainer.de\\\/fr\\\/pourquoi-y-a-t-il-deux-applications-ictrainer-pour-macos\\\/\",\"url\":\"https:\\\/\\\/ictrainer.de\\\/fr\\\/pourquoi-y-a-t-il-deux-applications-ictrainer-pour-macos\\\/\",\"name\":\"Just Train - No Game\",\"isPartOf\":{\"@id\":\"https:\\\/\\\/ictrainer.de\\\/fr\\\/#website\"},\"primaryImageOfPage\":{\"@id\":\"https:\\\/\\\/ictrainer.de\\\/fr\\\/pourquoi-y-a-t-il-deux-applications-ictrainer-pour-macos\\\/#primaryimage\"},\"image\":{\"@id\":\"https:\\\/\\\/ictrainer.de\\\/fr\\\/pourquoi-y-a-t-il-deux-applications-ictrainer-pour-macos\\\/#primaryimage\"},\"thumbnailUrl\":\"https:\\\/\\\/ictrainer.de\\\/wp-content\\\/uploads\\\/2024\\\/06\\\/Bild1-1024x375.jpg\",\"datePublished\":\"2025-09-04T15:41:16+00:00\",\"dateModified\":\"2025-12-02T13:23:45+00:00\",\"breadcrumb\":{\"@id\":\"https:\\\/\\\/ictrainer.de\\\/fr\\\/pourquoi-y-a-t-il-deux-applications-ictrainer-pour-macos\\\/#breadcrumb\"},\"inLanguage\":\"fr-FR\",\"potentialAction\":[{\"@type\":\"ReadAction\",\"target\":[\"https:\\\/\\\/ictrainer.de\\\/fr\\\/pourquoi-y-a-t-il-deux-applications-ictrainer-pour-macos\\\/\"]}]},{\"@type\":\"ImageObject\",\"inLanguage\":\"fr-FR\",\"@id\":\"https:\\\/\\\/ictrainer.de\\\/fr\\\/pourquoi-y-a-t-il-deux-applications-ictrainer-pour-macos\\\/#primaryimage\",\"url\":\"https:\\\/\\\/ictrainer.de\\\/wp-content\\\/uploads\\\/2024\\\/06\\\/Bild1-1024x375.jpg\",\"contentUrl\":\"https:\\\/\\\/ictrainer.de\\\/wp-content\\\/uploads\\\/2024\\\/06\\\/Bild1-1024x375.jpg\"},{\"@type\":\"BreadcrumbList\",\"@id\":\"https:\\\/\\\/ictrainer.de\\\/fr\\\/pourquoi-y-a-t-il-deux-applications-ictrainer-pour-macos\\\/#breadcrumb\",\"itemListElement\":[{\"@type\":\"ListItem\",\"position\":1,\"name\":\"Startseite\",\"item\":\"https:\\\/\\\/ictrainer.de\\\/fr\\\/\"},{\"@type\":\"ListItem\",\"position\":2,\"name\":\"Pourquoi y a-t-il deux applications icTrainer pour MacOS\u00a0?\"}]},{\"@type\":\"WebSite\",\"@id\":\"https:\\\/\\\/ictrainer.de\\\/fr\\\/#website\",\"url\":\"https:\\\/\\\/ictrainer.de\\\/fr\\\/\",\"name\":\"icTrainer\",\"description\":\"Just Train - No Game\",\"publisher\":{\"@id\":\"https:\\\/\\\/ictrainer.de\\\/fr\\\/#organization\"},\"potentialAction\":[{\"@type\":\"SearchAction\",\"target\":{\"@type\":\"EntryPoint\",\"urlTemplate\":\"https:\\\/\\\/ictrainer.de\\\/fr\\\/?s={search_term_string}\"},\"query-input\":{\"@type\":\"PropertyValueSpecification\",\"valueRequired\":true,\"valueName\":\"search_term_string\"}}],\"inLanguage\":\"fr-FR\"},{\"@type\":\"Organization\",\"@id\":\"https:\\\/\\\/ictrainer.de\\\/fr\\\/#organization\",\"name\":\"icTrainer\",\"url\":\"https:\\\/\\\/ictrainer.de\\\/fr\\\/\",\"logo\":{\"@type\":\"ImageObject\",\"inLanguage\":\"fr-FR\",\"@id\":\"https:\\\/\\\/ictrainer.de\\\/fr\\\/#\\\/schema\\\/logo\\\/image\\\/\",\"url\":\"\",\"contentUrl\":\"\",\"caption\":\"icTrainer\"},\"image\":{\"@id\":\"https:\\\/\\\/ictrainer.de\\\/fr\\\/#\\\/schema\\\/logo\\\/image\\\/\"},\"sameAs\":[\"https:\\\/\\\/www.facebook.com\\\/icTrainer-2225105191083880\",\"https:\\\/\\\/www.youtube.com\\\/channel\\\/UCA8JtIJrsuwIuYdXJupFuHQ\\\/videos\"]}]}<\/script>\n<!-- \/ Yoast SEO Premium plugin. -->","yoast_head_json":{"title":"Just Train - No Game","robots":{"index":"index","follow":"follow","max-snippet":"max-snippet:-1","max-image-preview":"max-image-preview:large","max-video-preview":"max-video-preview:-1"},"canonical":"https:\/\/ictrainer.de\/fr\/pourquoi-y-a-t-il-deux-applications-ictrainer-pour-macos\/","og_locale":"fr_FR","og_type":"article","og_title":"Pourquoi y a-t-il deux applications icTrainer pour MacOS\u00a0?","og_description":"Une version plus avanc\u00e9e de l\u2019application est d\u00e9sormais disponible pour MacOS\u00a011 (et plus r\u00e9cent) dans l\u2019App Store\u00a0: lanouvelle versionest optimis\u00e9e pour le syst\u00e8me MacOS\u00a011.0 (et plus r\u00e9cent) utilis\u00e9 sur les processeurs Apple ARM (M1, M2, M3, M4, &#8230;) et Intel. Si tu utilises MacOS\u00a011.0 (ou plus r\u00e9cent), il te faut n\u00e9cessairement passer \u00e0 la nouvelle [&hellip;]","og_url":"https:\/\/ictrainer.de\/fr\/pourquoi-y-a-t-il-deux-applications-ictrainer-pour-macos\/","og_site_name":"icTrainer","article_publisher":"https:\/\/www.facebook.com\/icTrainer-2225105191083880","article_modified_time":"2025-12-02T13:23:45+00:00","og_image":[{"width":1080,"height":395,"url":"https:\/\/ictrainer.de\/wp-content\/uploads\/2024\/06\/Bild1.jpg","type":"image\/jpeg"}],"twitter_card":"summary_large_image","twitter_misc":{"Dur\u00e9e de lecture estim\u00e9e":"2 minutes"},"schema":{"@context":"https:\/\/schema.org","@graph":[{"@type":"WebPage","@id":"https:\/\/ictrainer.de\/fr\/pourquoi-y-a-t-il-deux-applications-ictrainer-pour-macos\/","url":"https:\/\/ictrainer.de\/fr\/pourquoi-y-a-t-il-deux-applications-ictrainer-pour-macos\/","name":"Just Train - No Game","isPartOf":{"@id":"https:\/\/ictrainer.de\/fr\/#website"},"primaryImageOfPage":{"@id":"https:\/\/ictrainer.de\/fr\/pourquoi-y-a-t-il-deux-applications-ictrainer-pour-macos\/#primaryimage"},"image":{"@id":"https:\/\/ictrainer.de\/fr\/pourquoi-y-a-t-il-deux-applications-ictrainer-pour-macos\/#primaryimage"},"thumbnailUrl":"https:\/\/ictrainer.de\/wp-content\/uploads\/2024\/06\/Bild1-1024x375.jpg","datePublished":"2025-09-04T15:41:16+00:00","dateModified":"2025-12-02T13:23:45+00:00","breadcrumb":{"@id":"https:\/\/ictrainer.de\/fr\/pourquoi-y-a-t-il-deux-applications-ictrainer-pour-macos\/#breadcrumb"},"inLanguage":"fr-FR","potentialAction":[{"@type":"ReadAction","target":["https:\/\/ictrainer.de\/fr\/pourquoi-y-a-t-il-deux-applications-ictrainer-pour-macos\/"]}]},{"@type":"ImageObject","inLanguage":"fr-FR","@id":"https:\/\/ictrainer.de\/fr\/pourquoi-y-a-t-il-deux-applications-ictrainer-pour-macos\/#primaryimage","url":"https:\/\/ictrainer.de\/wp-content\/uploads\/2024\/06\/Bild1-1024x375.jpg","contentUrl":"https:\/\/ictrainer.de\/wp-content\/uploads\/2024\/06\/Bild1-1024x375.jpg"},{"@type":"BreadcrumbList","@id":"https:\/\/ictrainer.de\/fr\/pourquoi-y-a-t-il-deux-applications-ictrainer-pour-macos\/#breadcrumb","itemListElement":[{"@type":"ListItem","position":1,"name":"Startseite","item":"https:\/\/ictrainer.de\/fr\/"},{"@type":"ListItem","position":2,"name":"Pourquoi y a-t-il deux applications icTrainer pour MacOS\u00a0?"}]},{"@type":"WebSite","@id":"https:\/\/ictrainer.de\/fr\/#website","url":"https:\/\/ictrainer.de\/fr\/","name":"icTrainer","description":"Just Train - No Game","publisher":{"@id":"https:\/\/ictrainer.de\/fr\/#organization"},"potentialAction":[{"@type":"SearchAction","target":{"@type":"EntryPoint","urlTemplate":"https:\/\/ictrainer.de\/fr\/?s={search_term_string}"},"query-input":{"@type":"PropertyValueSpecification","valueRequired":true,"valueName":"search_term_string"}}],"inLanguage":"fr-FR"},{"@type":"Organization","@id":"https:\/\/ictrainer.de\/fr\/#organization","name":"icTrainer","url":"https:\/\/ictrainer.de\/fr\/","logo":{"@type":"ImageObject","inLanguage":"fr-FR","@id":"https:\/\/ictrainer.de\/fr\/#\/schema\/logo\/image\/","url":"","contentUrl":"","caption":"icTrainer"},"image":{"@id":"https:\/\/ictrainer.de\/fr\/#\/schema\/logo\/image\/"},"sameAs":["https:\/\/www.facebook.com\/icTrainer-2225105191083880","https:\/\/www.youtube.com\/channel\/UCA8JtIJrsuwIuYdXJupFuHQ\/videos"]}]}},"uagb_featured_image_src":{"full":false,"thumbnail":false,"medium":false,"medium_large":false,"large":false,"1536x1536":false,"2048x2048":false},"uagb_author_info":{"display_name":"Nicolas","author_link":"https:\/\/ictrainer.de\/fr\/author\/admin\/"},"uagb_comment_info":0,"uagb_excerpt":"Une version plus avanc\u00e9e de l\u2019application est d\u00e9sormais disponible pour MacOS\u00a011 (et plus r\u00e9cent) dans l\u2019App Store\u00a0: lanouvelle versionest optimis\u00e9e pour le syst\u00e8me MacOS\u00a011.0 (et plus r\u00e9cent) utilis\u00e9 sur les processeurs Apple ARM (M1, M2, M3, M4, &#8230;) et Intel. Si tu utilises MacOS\u00a011.0 (ou plus r\u00e9cent), il te faut n\u00e9cessairement passer \u00e0 la nouvelle...","_links":{"self":[{"href":"https:\/\/ictrainer.de\/fr\/wp-json\/wp\/v2\/pages\/3863","targetHints":{"allow":["GET"]}}],"collection":[{"href":"https:\/\/ictrainer.de\/fr\/wp-json\/wp\/v2\/pages"}],"about":[{"href":"https:\/\/ictrainer.de\/fr\/wp-json\/wp\/v2\/types\/page"}],"author":[{"embeddable":true,"href":"https:\/\/ictrainer.de\/fr\/wp-json\/wp\/v2\/users\/1"}],"replies":[{"embeddable":true,"href":"https:\/\/ictrainer.de\/fr\/wp-json\/wp\/v2\/comments?post=3863"}],"version-history":[{"count":5,"href":"https:\/\/ictrainer.de\/fr\/wp-json\/wp\/v2\/pages\/3863\/revisions"}],"predecessor-version":[{"id":5036,"href":"https:\/\/ictrainer.de\/fr\/wp-json\/wp\/v2\/pages\/3863\/revisions\/5036"}],"wp:attachment":[{"href":"https:\/\/ictrainer.de\/fr\/wp-json\/wp\/v2\/media?parent=3863"}],"curies":[{"name":"wp","href":"https:\/\/api.w.org\/{rel}","templated":true}]}}