{"id":3851,"date":"2025-09-04T15:41:04","date_gmt":"2025-09-04T15:41:04","guid":{"rendered":"https:\/\/ictrainer.de\/telecharger\/"},"modified":"2025-12-21T11:01:19","modified_gmt":"2025-12-21T11:01:19","slug":"telecharger","status":"publish","type":"page","link":"https:\/\/ictrainer.de\/fr\/telecharger\/","title":{"rendered":"T\u00e9l\u00e9charger"},"content":{"rendered":"\n<div class=\"wp-block-columns alignwide is-layout-flex wp-container-core-columns-is-layout-28f84493 wp-block-columns-is-layout-flex\">\n<div class=\"wp-block-column is-layout-flow wp-block-column-is-layout-flow\">\n<figure class=\"wp-block-image aligncenter size-large is-resized is-style-default\"><img decoding=\"async\" width=\"1024\" height=\"717\" src=\"https:\/\/ictrainer.de\/wp-content\/uploads\/2024\/01\/Software_Box_Mockup_1-1024x717.jpg\" alt=\"\" class=\"wp-image-2641\" style=\"width:auto;height:300px\" srcset=\"https:\/\/ictrainer.de\/wp-content\/uploads\/2024\/01\/Software_Box_Mockup_1-1024x717.jpg 1024w, https:\/\/ictrainer.de\/wp-content\/uploads\/2024\/01\/Software_Box_Mockup_1-300x210.jpg 300w, https:\/\/ictrainer.de\/wp-content\/uploads\/2024\/01\/Software_Box_Mockup_1-768x538.jpg 768w, https:\/\/ictrainer.de\/wp-content\/uploads\/2024\/01\/Software_Box_Mockup_1-1536x1075.jpg 1536w, https:\/\/ictrainer.de\/wp-content\/uploads\/2024\/01\/Software_Box_Mockup_1.jpg 1543w\" sizes=\"(max-width: 1024px) 100vw, 1024px\" \/><\/figure>\n<\/div>\n\n\n\n<div class=\"wp-block-column is-layout-flow wp-block-column-is-layout-flow\">\n<p>Notre logiciel fonctionne sur une multitude de syst\u00e8mes d&rsquo;exploitation.<br\/><br\/>Une licence est valable pour le syst\u00e8me d&rsquo;exploitation et l&rsquo;utilisateur en question et peut donc \u00eatre utilis\u00e9e sans probl\u00e8me sur plusieurs de tes terminaux avec le m\u00eame syst\u00e8me d&rsquo;exploitation (la licence se met \u00e0 jour automatiquement lorsque tu changes d&rsquo;ordinateur\/smartphone).<br\/><br\/>Si tu souhaites utiliser des terminaux avec diff\u00e9rents syst\u00e8mes d&rsquo;exploitation, ach\u00e8te la premi\u00e8re licence App Store sur ton terminal principal et utilise le bouton gratuit \u00ab\u00a0Restaurer\u00a0\u00bb sur le deuxi\u00e8me terminal dans la bo\u00eete de dialogue \u00ab\u00a0Acheter\/r\u00e9cup\u00e9rer une licence\u00a0\u00bb. <br\/><br\/>Sinon, tu peux bien s\u00fbr acheter directement la licence pour tous les syst\u00e8mes d&rsquo;exploitation sur notre site web dans ton <a href=\"https:\/\/ictrainer.de\/fr\/se-connecter\/\" target=\"_blank\" rel=\"noreferrer noopener\">compte client <\/a>.<br\/><br\/>C&rsquo;est parti pour le t\u00e9l\u00e9chargement&#8230;<\/p>\n<\/div>\n<\/div>\n\n<div style=\"height:20px\" aria-hidden=\"true\" class=\"wp-block-spacer\"><\/div>\n\n<p><strong>PC<\/strong> (Microsoft \/ Windows) :<\/p>\n\n<div class=\"wp-block-buttons is-layout-flex wp-block-buttons-is-layout-flex\">\n<div class=\"wp-block-button\"><a class=\"wp-block-button__link has-background wp-element-button\" href=\"https:\/\/apps.microsoft.com\/detail\/9pb6j4hk8dms\" style=\"border-radius:50px;background:linear-gradient(135deg,rgb(74,234,220) 0%,rgb(151,120,209) 1%,rgb(207,42,186) 40%,rgb(238,44,130) 60%,rgb(251,105,98) 80%,rgb(254,248,76) 100%)\" target=\"_blank\" rel=\"noreferrer noopener\">Vers la boutique d&rsquo;applications Microsoft<\/a><\/div>\n<\/div>\n\n<p>Alternative : t\u00e9l\u00e9charger les versions de l&rsquo;installateur Windows directement depuis notre site web : <a href=\"https:\/\/ictrainer-de.b-cdn.net\/installer\/icTrainerWin32.exe\" target=\"_blank\" rel=\"noreferrer noopener\">version 32 bits<\/a> \/ <a href=\"https:\/\/ictrainer-de.b-cdn.net\/installer\/icTrainerWin64.exe\" target=\"_blank\" rel=\"noreferrer noopener\">version 64 bits<\/a><\/p>\n\n<hr class=\"wp-block-separator has-css-opacity alignwide\"\/>\n\n<div style=\"height:15px\" aria-hidden=\"true\" class=\"wp-block-spacer\"><\/div>\n\n<p><strong>MAC<\/strong> (Apple \/ MacOS) :<\/p>\n\n<p>Pour MacOS 11.0 (et plus r\u00e9cent) :<\/p>\n\n<div class=\"wp-block-buttons is-layout-flex wp-block-buttons-is-layout-flex\">\n<div class=\"wp-block-button\"><a class=\"wp-block-button__link has-background wp-element-button\" href=\"https:\/\/itunes.apple.com\/de\/app\/ictrainer\/id1453179272\" style=\"background:linear-gradient(135deg,rgb(74,234,220) 0%,rgb(151,120,209) 0%,rgb(207,42,186) 40%,rgb(238,44,130) 60%,rgb(251,105,98) 80%,rgb(254,248,76) 100%)\" target=\"_blank\" rel=\"noreferrer noopener\">Vers l&rsquo;App Store d&rsquo;Apple<\/a><\/div>\n<\/div>\n\n<div style=\"height:15px\" aria-hidden=\"true\" class=\"wp-block-spacer\"><\/div>\n\n<p>Pour MacOS 10.x :<\/p>\n\n<div class=\"wp-block-buttons is-layout-flex wp-block-buttons-is-layout-flex\">\n<div class=\"wp-block-button\"><a class=\"wp-block-button__link has-background wp-element-button\" href=\"https:\/\/apps.apple.com\/de\/app\/ictrainer\/id1469371893\" style=\"background:linear-gradient(135deg,rgb(74,234,220) 0%,rgb(151,120,209) 0%,rgb(207,42,186) 40%,rgb(238,44,130) 60%,rgb(251,105,98) 80%,rgb(254,248,76) 100%)\" target=\"_blank\" rel=\"noreferrer noopener\">Vers l&rsquo;App Store d&rsquo;Apple<\/a><\/div>\n<\/div>\n\n<div style=\"height:15px\" aria-hidden=\"true\" class=\"wp-block-spacer\"><\/div>\n\n<hr class=\"wp-block-separator has-css-opacity alignwide\"\/>\n\n<div style=\"height:15px\" aria-hidden=\"true\" class=\"wp-block-spacer\"><\/div>\n\n<p><strong>iPhone\/iPad<\/strong> (Apple \/ iOS) :<\/p>\n\n<div class=\"wp-block-buttons is-layout-flex wp-block-buttons-is-layout-flex\">\n<div class=\"wp-block-button\"><a class=\"wp-block-button__link has-background wp-element-button\" href=\"https:\/\/itunes.apple.com\/de\/app\/ictrainer\/id1453179272\" style=\"background:linear-gradient(135deg,rgb(74,234,220) 0%,rgb(151,120,209) 0%,rgb(207,42,186) 40%,rgb(238,44,130) 60%,rgb(251,105,98) 80%,rgb(254,248,76) 100%)\" target=\"_blank\" rel=\"noreferrer noopener\">Vers l&rsquo;App Store d&rsquo;Apple<\/a><\/div>\n<\/div>\n\n<div style=\"height:15px\" aria-hidden=\"true\" class=\"wp-block-spacer\"><\/div>\n\n<hr class=\"wp-block-separator has-css-opacity alignwide\"\/>\n\n<div style=\"height:15px\" aria-hidden=\"true\" class=\"wp-block-spacer\"><\/div>\n\n<p><strong>Divers smartphones<\/strong> (Google \/ Android) :<\/p>\n\n<div class=\"wp-block-buttons is-layout-flex wp-block-buttons-is-layout-flex\">\n<div class=\"wp-block-button\"><a class=\"wp-block-button__link has-background wp-element-button\" href=\"https:\/\/play.google.com\/store\/apps\/details?id=com.icTrainer\" style=\"background:linear-gradient(135deg,rgb(74,234,220) 0%,rgb(151,120,209) 0%,rgb(207,42,186) 40%,rgb(238,44,130) 60%,rgb(251,105,98) 80%,rgb(254,248,76) 100%)\" target=\"_blank\" rel=\"noreferrer noopener\">Vers le Google Play Store<\/a><\/div>\n<\/div>\n\n<p>Alternative : t\u00e9l\u00e9charger le <a href=\"https:\/\/ictrainer-de.b-cdn.net\/installer\/Android32\/icTrainer.apk\" target=\"_blank\" rel=\"noreferrer noopener\">fichier icTrainer-APK(32bit)<\/a> ou <a href=\"https:\/\/ictrainer-de.b-cdn.net\/installer\/Android64\/icTrainer.apk\" target=\"_blank\" rel=\"noreferrer noopener\">le fichier icTrainer-APK (64bit)<\/a>, par exemple pour l&rsquo;installer sur des tablettes Huawei-HarmonyOS via <a href=\"https:\/\/amzn.eu\/d\/eGinT52\" target=\"_blank\" rel=\"noreferrer noopener\">l&rsquo;application Total-Commander<\/a><\/p>\n\n<div style=\"height:15px\" aria-hidden=\"true\" class=\"wp-block-spacer\"><\/div>\n\n<hr class=\"wp-block-separator has-css-opacity alignwide is-style-default\"\/>\n\n<div style=\"height:15px\" aria-hidden=\"true\" class=\"wp-block-spacer\"><\/div>\n\n<p><strong>Tablette Fire<\/strong> (Amazon \/ FireOS) :<\/p>\n\n<div class=\"wp-block-buttons is-layout-flex wp-block-buttons-is-layout-flex\">\n<div class=\"wp-block-button\"><a class=\"wp-block-button__link has-background wp-element-button\" href=\"https:\/\/www.amazon.com\/dp\/B07QYDZD9H\" style=\"background:linear-gradient(135deg,rgb(74,234,220) 0%,rgb(151,120,209) 0%,rgb(207,42,186) 40%,rgb(238,44,130) 60%,rgb(251,105,98) 80%,rgb(254,248,76) 100%)\" target=\"_blank\" rel=\"noreferrer noopener\">Vers la boutique d&rsquo;applications Amazon<\/a><\/div>\n<\/div>\n\n<p>Remarque : l&rsquo;achat d&rsquo;une licence doit toutefois se faire sur un deuxi\u00e8me terminal (Android, iOS ou Windows). Le d\u00e9blocage sur la tablette Fire se fait ensuite gratuitement via le bouton RESTORE dans le logiciel. <\/p>\n\n<hr class=\"wp-block-separator has-css-opacity alignwide\"\/>\n\n<div style=\"height:15px\" aria-hidden=\"true\" class=\"wp-block-spacer\"><\/div>\n\n<p><strong>Linux :<\/strong><br\/>Actuellement, nous ne proposons pas de version Linux. <br\/>Celle-ci est en pr\u00e9paration, mais notre environnement de d\u00e9veloppement ne prend malheureusement pas en charge BluetoothLE pour Linux. Selon la distribution, ce syst\u00e8me d&rsquo;exploitation ne dispose pas non plus de la fonctionnalit\u00e9 tactile.<br\/>Nous connaissons cependant des utilisateurs qui ont install\u00e9 avec succ\u00e8s icTrainer avec Oracle Virtualbox 7.0 sur MX Linux (bas\u00e9 sur Debian 12 - bookworm). Dans ce cas, Windows 10 \u00e9tait le syst\u00e8me d&rsquo;exploitation invit\u00e9.  <\/p>\n\n<hr class=\"wp-block-separator has-css-opacity alignwide\"\/>\n\n<h2 class=\"wp-block-heading\" id=\"h-ictrainer-fernbedienung\">icTrainer T\u00e9l\u00e9commande<\/h2>\n\n<p>Il te permet de contr\u00f4ler \u00e0 distance ton logiciel icTrainer d\u00e9j\u00e0 t\u00e9l\u00e9charg\u00e9 et install\u00e9 via ton smartphone<a rel=\"noreferrer noopener\" href=\"https:\/\/youtu.be\/qTThZd1vAqw\" target=\"_blank\">( voirla d\u00e9mo<\/a> ).<\/p>\n\n<div class=\"wp-block-buttons is-layout-flex wp-block-buttons-is-layout-flex\">\n<div class=\"wp-block-button\"><a class=\"wp-block-button__link has-background wp-element-button\" href=\"https:\/\/play.google.com\/store\/apps\/details?id=com.icTrainerRemote\" style=\"background:linear-gradient(135deg,rgb(74,234,220) 0%,rgb(151,120,209) 0%,rgb(207,42,186) 40%,rgb(238,44,130) 60%,rgb(251,105,98) 80%,rgb(254,248,76) 100%)\" target=\"_blank\" rel=\"noreferrer noopener\">Vers le Google Play Store<\/a><\/div>\n<\/div>\n\n<div style=\"height:15px\" aria-hidden=\"true\" class=\"wp-block-spacer\"><\/div>\n\n<div class=\"wp-block-buttons is-layout-flex wp-block-buttons-is-layout-flex\">\n<div class=\"wp-block-button\"><a class=\"wp-block-button__link has-background wp-element-button\" href=\"https:\/\/itunes.apple.com\/us\/app\/ictrainer\/id1569837209\" style=\"background:linear-gradient(135deg,rgb(74,234,220) 0%,rgb(151,120,209) 0%,rgb(207,42,186) 40%,rgb(238,44,130) 60%,rgb(251,105,98) 80%,rgb(254,248,76) 100%)\" target=\"_blank\" rel=\"noreferrer noopener\">Vers l&rsquo;App Store d&rsquo;Apple<\/a><\/div>\n<\/div>\n\n<div style=\"height:15px\" aria-hidden=\"true\" class=\"wp-block-spacer\"><\/div>\n\n<hr class=\"wp-block-separator has-css-opacity alignwide\"\/>\n\n<div style=\"height:15px\" aria-hidden=\"true\" class=\"wp-block-spacer\"><\/div>\n\n<p>Astuce pro : certains de nos clients utilisent \u00e9galement le <a href=\"https:\/\/ictrainer-de.b-cdn.net\/installer\/Android64\/icTrainerRemote.apk\" target=\"_blank\" rel=\"noreferrer noopener\">fichier icTrainer-APK (64bit)<\/a> pour installer la t\u00e9l\u00e9commande sur leur Hammerhead Karoo 3.<\/p>\n\n<figure class=\"wp-block-image size-full is-resized\"><img decoding=\"async\" width=\"480\" height=\"640\" src=\"https:\/\/ictrainer.de\/wp-content\/uploads\/2025\/02\/hammerhead.jpg\" alt=\"\" class=\"wp-image-3587\" style=\"width:200px\" srcset=\"https:\/\/ictrainer.de\/wp-content\/uploads\/2025\/02\/hammerhead.jpg 480w, https:\/\/ictrainer.de\/wp-content\/uploads\/2025\/02\/hammerhead-225x300.jpg 225w\" sizes=\"(max-width: 480px) 100vw, 480px\" \/><\/figure>\n\n<div style=\"height:50px\" aria-hidden=\"true\" class=\"wp-block-spacer\"><\/div>\n\n<p><\/p>\n","protected":false},"excerpt":{"rendered":"<p>Notre logiciel fonctionne sur une multitude de syst\u00e8mes d&rsquo;exploitation. Une licence est valable pour le syst\u00e8me d&rsquo;exploitation et l&rsquo;utilisateur en question et peut donc \u00eatre utilis\u00e9e sans probl\u00e8me sur plusieurs de tes terminaux avec le m\u00eame syst\u00e8me d&rsquo;exploitation (la licence se met \u00e0 jour automatiquement lorsque tu changes d&rsquo;ordinateur\/smartphone). Si tu souhaites utiliser des terminaux [&hellip;]<\/p>\n","protected":false},"author":1,"featured_media":0,"parent":0,"menu_order":0,"comment_status":"closed","ping_status":"closed","template":"","meta":{"_uag_custom_page_level_css":"","site-sidebar-layout":"default","site-content-layout":"","ast-site-content-layout":"default","site-content-style":"default","site-sidebar-style":"default","ast-global-header-display":"","ast-banner-title-visibility":"","ast-main-header-display":"","ast-hfb-above-header-display":"","ast-hfb-below-header-display":"","ast-hfb-mobile-header-display":"","site-post-title":"","ast-breadcrumbs-content":"","ast-featured-img":"","footer-sml-layout":"","ast-disable-related-posts":"","theme-transparent-header-meta":"","adv-header-id-meta":"","stick-header-meta":"","header-above-stick-meta":"","header-main-stick-meta":"","header-below-stick-meta":"","astra-migrate-meta-layouts":"default","ast-page-background-enabled":"default","ast-page-background-meta":{"desktop":{"background-color":"var(--ast-global-color-4)","background-image":"","background-repeat":"repeat","background-position":"center center","background-size":"auto","background-attachment":"scroll","background-type":"","background-media":"","overlay-type":"","overlay-color":"","overlay-opacity":"","overlay-gradient":""},"tablet":{"background-color":"","background-image":"","background-repeat":"repeat","background-position":"center center","background-size":"auto","background-attachment":"scroll","background-type":"","background-media":"","overlay-type":"","overlay-color":"","overlay-opacity":"","overlay-gradient":""},"mobile":{"background-color":"","background-image":"","background-repeat":"repeat","background-position":"center center","background-size":"auto","background-attachment":"scroll","background-type":"","background-media":"","overlay-type":"","overlay-color":"","overlay-opacity":"","overlay-gradient":""}},"ast-content-background-meta":{"desktop":{"background-color":"var(--ast-global-color-5)","background-image":"","background-repeat":"repeat","background-position":"center center","background-size":"auto","background-attachment":"scroll","background-type":"","background-media":"","overlay-type":"","overlay-color":"","overlay-opacity":"","overlay-gradient":""},"tablet":{"background-color":"var(--ast-global-color-5)","background-image":"","background-repeat":"repeat","background-position":"center center","background-size":"auto","background-attachment":"scroll","background-type":"","background-media":"","overlay-type":"","overlay-color":"","overlay-opacity":"","overlay-gradient":""},"mobile":{"background-color":"var(--ast-global-color-5)","background-image":"","background-repeat":"repeat","background-position":"center center","background-size":"auto","background-attachment":"scroll","background-type":"","background-media":"","overlay-type":"","overlay-color":"","overlay-opacity":"","overlay-gradient":""}},"footnotes":""},"class_list":["post-3851","page","type-page","status-publish","hentry"],"yoast_head":"<!-- This site is optimized with the Yoast SEO Premium plugin v27.3 (Yoast SEO v27.4) - https:\/\/yoast.com\/product\/yoast-seo-premium-wordpress\/ -->\n<title>Just Train - No Game<\/title>\n<meta name=\"robots\" content=\"index, follow, max-snippet:-1, max-image-preview:large, max-video-preview:-1\" \/>\n<link rel=\"canonical\" href=\"https:\/\/ictrainer.de\/fr\/telecharger\/\" \/>\n<meta property=\"og:locale\" content=\"fr_FR\" \/>\n<meta property=\"og:type\" content=\"article\" \/>\n<meta property=\"og:title\" content=\"T\u00e9l\u00e9charger\" \/>\n<meta property=\"og:description\" content=\"Notre logiciel fonctionne sur une multitude de syst\u00e8mes d&rsquo;exploitation. Une licence est valable pour le syst\u00e8me d&rsquo;exploitation et l&rsquo;utilisateur en question et peut donc \u00eatre utilis\u00e9e sans probl\u00e8me sur plusieurs de tes terminaux avec le m\u00eame syst\u00e8me d&rsquo;exploitation (la licence se met \u00e0 jour automatiquement lorsque tu changes d&rsquo;ordinateur\/smartphone). Si tu souhaites utiliser des terminaux [&hellip;]\" \/>\n<meta property=\"og:url\" content=\"https:\/\/ictrainer.de\/fr\/telecharger\/\" \/>\n<meta property=\"og:site_name\" content=\"icTrainer\" \/>\n<meta property=\"article:publisher\" content=\"https:\/\/www.facebook.com\/icTrainer-2225105191083880\" \/>\n<meta property=\"article:modified_time\" content=\"2025-12-21T11:01:19+00:00\" \/>\n<meta property=\"og:image\" content=\"https:\/\/ictrainer.de\/wp-content\/uploads\/2024\/01\/Software_Box_Mockup_1.jpg\" \/>\n\t<meta property=\"og:image:width\" content=\"1543\" \/>\n\t<meta property=\"og:image:height\" content=\"1080\" \/>\n\t<meta property=\"og:image:type\" content=\"image\/jpeg\" \/>\n<meta name=\"twitter:card\" content=\"summary_large_image\" \/>\n<meta name=\"twitter:label1\" content=\"Dur\u00e9e de lecture estim\u00e9e\" \/>\n\t<meta name=\"twitter:data1\" content=\"2 minutes\" \/>\n<script type=\"application\/ld+json\" class=\"yoast-schema-graph\">{\"@context\":\"https:\\\/\\\/schema.org\",\"@graph\":[{\"@type\":\"WebPage\",\"@id\":\"https:\\\/\\\/ictrainer.de\\\/fr\\\/telecharger\\\/\",\"url\":\"https:\\\/\\\/ictrainer.de\\\/fr\\\/telecharger\\\/\",\"name\":\"Just Train - No Game\",\"isPartOf\":{\"@id\":\"https:\\\/\\\/ictrainer.de\\\/fr\\\/#website\"},\"primaryImageOfPage\":{\"@id\":\"https:\\\/\\\/ictrainer.de\\\/fr\\\/telecharger\\\/#primaryimage\"},\"image\":{\"@id\":\"https:\\\/\\\/ictrainer.de\\\/fr\\\/telecharger\\\/#primaryimage\"},\"thumbnailUrl\":\"https:\\\/\\\/ictrainer.de\\\/wp-content\\\/uploads\\\/2024\\\/01\\\/Software_Box_Mockup_1-1024x717.jpg\",\"datePublished\":\"2025-09-04T15:41:04+00:00\",\"dateModified\":\"2025-12-21T11:01:19+00:00\",\"breadcrumb\":{\"@id\":\"https:\\\/\\\/ictrainer.de\\\/fr\\\/telecharger\\\/#breadcrumb\"},\"inLanguage\":\"fr-FR\",\"potentialAction\":[{\"@type\":\"ReadAction\",\"target\":[\"https:\\\/\\\/ictrainer.de\\\/fr\\\/telecharger\\\/\"]}]},{\"@type\":\"ImageObject\",\"inLanguage\":\"fr-FR\",\"@id\":\"https:\\\/\\\/ictrainer.de\\\/fr\\\/telecharger\\\/#primaryimage\",\"url\":\"https:\\\/\\\/ictrainer.de\\\/wp-content\\\/uploads\\\/2024\\\/01\\\/Software_Box_Mockup_1-1024x717.jpg\",\"contentUrl\":\"https:\\\/\\\/ictrainer.de\\\/wp-content\\\/uploads\\\/2024\\\/01\\\/Software_Box_Mockup_1-1024x717.jpg\"},{\"@type\":\"BreadcrumbList\",\"@id\":\"https:\\\/\\\/ictrainer.de\\\/fr\\\/telecharger\\\/#breadcrumb\",\"itemListElement\":[{\"@type\":\"ListItem\",\"position\":1,\"name\":\"Startseite\",\"item\":\"https:\\\/\\\/ictrainer.de\\\/fr\\\/\"},{\"@type\":\"ListItem\",\"position\":2,\"name\":\"T\u00e9l\u00e9charger\"}]},{\"@type\":\"WebSite\",\"@id\":\"https:\\\/\\\/ictrainer.de\\\/fr\\\/#website\",\"url\":\"https:\\\/\\\/ictrainer.de\\\/fr\\\/\",\"name\":\"icTrainer\",\"description\":\"Just Train - No Game\",\"publisher\":{\"@id\":\"https:\\\/\\\/ictrainer.de\\\/fr\\\/#organization\"},\"potentialAction\":[{\"@type\":\"SearchAction\",\"target\":{\"@type\":\"EntryPoint\",\"urlTemplate\":\"https:\\\/\\\/ictrainer.de\\\/fr\\\/?s={search_term_string}\"},\"query-input\":{\"@type\":\"PropertyValueSpecification\",\"valueRequired\":true,\"valueName\":\"search_term_string\"}}],\"inLanguage\":\"fr-FR\"},{\"@type\":\"Organization\",\"@id\":\"https:\\\/\\\/ictrainer.de\\\/fr\\\/#organization\",\"name\":\"icTrainer\",\"url\":\"https:\\\/\\\/ictrainer.de\\\/fr\\\/\",\"logo\":{\"@type\":\"ImageObject\",\"inLanguage\":\"fr-FR\",\"@id\":\"https:\\\/\\\/ictrainer.de\\\/fr\\\/#\\\/schema\\\/logo\\\/image\\\/\",\"url\":\"\",\"contentUrl\":\"\",\"caption\":\"icTrainer\"},\"image\":{\"@id\":\"https:\\\/\\\/ictrainer.de\\\/fr\\\/#\\\/schema\\\/logo\\\/image\\\/\"},\"sameAs\":[\"https:\\\/\\\/www.facebook.com\\\/icTrainer-2225105191083880\",\"https:\\\/\\\/www.youtube.com\\\/channel\\\/UCA8JtIJrsuwIuYdXJupFuHQ\\\/videos\"]}]}<\/script>\n<!-- \/ Yoast SEO Premium plugin. -->","yoast_head_json":{"title":"Just Train - No Game","robots":{"index":"index","follow":"follow","max-snippet":"max-snippet:-1","max-image-preview":"max-image-preview:large","max-video-preview":"max-video-preview:-1"},"canonical":"https:\/\/ictrainer.de\/fr\/telecharger\/","og_locale":"fr_FR","og_type":"article","og_title":"T\u00e9l\u00e9charger","og_description":"Notre logiciel fonctionne sur une multitude de syst\u00e8mes d&rsquo;exploitation. Une licence est valable pour le syst\u00e8me d&rsquo;exploitation et l&rsquo;utilisateur en question et peut donc \u00eatre utilis\u00e9e sans probl\u00e8me sur plusieurs de tes terminaux avec le m\u00eame syst\u00e8me d&rsquo;exploitation (la licence se met \u00e0 jour automatiquement lorsque tu changes d&rsquo;ordinateur\/smartphone). Si tu souhaites utiliser des terminaux [&hellip;]","og_url":"https:\/\/ictrainer.de\/fr\/telecharger\/","og_site_name":"icTrainer","article_publisher":"https:\/\/www.facebook.com\/icTrainer-2225105191083880","article_modified_time":"2025-12-21T11:01:19+00:00","og_image":[{"width":1543,"height":1080,"url":"https:\/\/ictrainer.de\/wp-content\/uploads\/2024\/01\/Software_Box_Mockup_1.jpg","type":"image\/jpeg"}],"twitter_card":"summary_large_image","twitter_misc":{"Dur\u00e9e de lecture estim\u00e9e":"2 minutes"},"schema":{"@context":"https:\/\/schema.org","@graph":[{"@type":"WebPage","@id":"https:\/\/ictrainer.de\/fr\/telecharger\/","url":"https:\/\/ictrainer.de\/fr\/telecharger\/","name":"Just Train - No Game","isPartOf":{"@id":"https:\/\/ictrainer.de\/fr\/#website"},"primaryImageOfPage":{"@id":"https:\/\/ictrainer.de\/fr\/telecharger\/#primaryimage"},"image":{"@id":"https:\/\/ictrainer.de\/fr\/telecharger\/#primaryimage"},"thumbnailUrl":"https:\/\/ictrainer.de\/wp-content\/uploads\/2024\/01\/Software_Box_Mockup_1-1024x717.jpg","datePublished":"2025-09-04T15:41:04+00:00","dateModified":"2025-12-21T11:01:19+00:00","breadcrumb":{"@id":"https:\/\/ictrainer.de\/fr\/telecharger\/#breadcrumb"},"inLanguage":"fr-FR","potentialAction":[{"@type":"ReadAction","target":["https:\/\/ictrainer.de\/fr\/telecharger\/"]}]},{"@type":"ImageObject","inLanguage":"fr-FR","@id":"https:\/\/ictrainer.de\/fr\/telecharger\/#primaryimage","url":"https:\/\/ictrainer.de\/wp-content\/uploads\/2024\/01\/Software_Box_Mockup_1-1024x717.jpg","contentUrl":"https:\/\/ictrainer.de\/wp-content\/uploads\/2024\/01\/Software_Box_Mockup_1-1024x717.jpg"},{"@type":"BreadcrumbList","@id":"https:\/\/ictrainer.de\/fr\/telecharger\/#breadcrumb","itemListElement":[{"@type":"ListItem","position":1,"name":"Startseite","item":"https:\/\/ictrainer.de\/fr\/"},{"@type":"ListItem","position":2,"name":"T\u00e9l\u00e9charger"}]},{"@type":"WebSite","@id":"https:\/\/ictrainer.de\/fr\/#website","url":"https:\/\/ictrainer.de\/fr\/","name":"icTrainer","description":"Just Train - No Game","publisher":{"@id":"https:\/\/ictrainer.de\/fr\/#organization"},"potentialAction":[{"@type":"SearchAction","target":{"@type":"EntryPoint","urlTemplate":"https:\/\/ictrainer.de\/fr\/?s={search_term_string}"},"query-input":{"@type":"PropertyValueSpecification","valueRequired":true,"valueName":"search_term_string"}}],"inLanguage":"fr-FR"},{"@type":"Organization","@id":"https:\/\/ictrainer.de\/fr\/#organization","name":"icTrainer","url":"https:\/\/ictrainer.de\/fr\/","logo":{"@type":"ImageObject","inLanguage":"fr-FR","@id":"https:\/\/ictrainer.de\/fr\/#\/schema\/logo\/image\/","url":"","contentUrl":"","caption":"icTrainer"},"image":{"@id":"https:\/\/ictrainer.de\/fr\/#\/schema\/logo\/image\/"},"sameAs":["https:\/\/www.facebook.com\/icTrainer-2225105191083880","https:\/\/www.youtube.com\/channel\/UCA8JtIJrsuwIuYdXJupFuHQ\/videos"]}]}},"uagb_featured_image_src":{"full":false,"thumbnail":false,"medium":false,"medium_large":false,"large":false,"1536x1536":false,"2048x2048":false},"uagb_author_info":{"display_name":"Nicolas","author_link":"https:\/\/ictrainer.de\/fr\/author\/admin\/"},"uagb_comment_info":0,"uagb_excerpt":"Notre logiciel fonctionne sur une multitude de syst\u00e8mes d&rsquo;exploitation. Une licence est valable pour le syst\u00e8me d&rsquo;exploitation et l&rsquo;utilisateur en question et peut donc \u00eatre utilis\u00e9e sans probl\u00e8me sur plusieurs de tes terminaux avec le m\u00eame syst\u00e8me d&rsquo;exploitation (la licence se met \u00e0 jour automatiquement lorsque tu changes d&rsquo;ordinateur\/smartphone). Si tu souhaites utiliser des terminaux...","_links":{"self":[{"href":"https:\/\/ictrainer.de\/fr\/wp-json\/wp\/v2\/pages\/3851","targetHints":{"allow":["GET"]}}],"collection":[{"href":"https:\/\/ictrainer.de\/fr\/wp-json\/wp\/v2\/pages"}],"about":[{"href":"https:\/\/ictrainer.de\/fr\/wp-json\/wp\/v2\/types\/page"}],"author":[{"embeddable":true,"href":"https:\/\/ictrainer.de\/fr\/wp-json\/wp\/v2\/users\/1"}],"replies":[{"embeddable":true,"href":"https:\/\/ictrainer.de\/fr\/wp-json\/wp\/v2\/comments?post=3851"}],"version-history":[{"count":9,"href":"https:\/\/ictrainer.de\/fr\/wp-json\/wp\/v2\/pages\/3851\/revisions"}],"predecessor-version":[{"id":5309,"href":"https:\/\/ictrainer.de\/fr\/wp-json\/wp\/v2\/pages\/3851\/revisions\/5309"}],"wp:attachment":[{"href":"https:\/\/ictrainer.de\/fr\/wp-json\/wp\/v2\/media?parent=3851"}],"curies":[{"name":"wp","href":"https:\/\/api.w.org\/{rel}","templated":true}]}}