{"id":3843,"date":"2025-09-04T15:40:59","date_gmt":"2025-09-04T15:40:59","guid":{"rendered":"https:\/\/ictrainer.de\/apercu\/"},"modified":"2025-12-03T15:52:36","modified_gmt":"2025-12-03T15:52:36","slug":"apercu","status":"publish","type":"page","link":"https:\/\/ictrainer.de\/fr\/apercu\/","title":{"rendered":"Aper\u00e7u"},"content":{"rendered":"\n<p>Notre application Indoor Cycling t&rsquo;offre toutes les fonctionnalit\u00e9s pour un entra\u00eenement structur\u00e9 - au prix de loin le plus avantageux.<br>Si tu veux t&rsquo;entra\u00eener s\u00e9rieusement et que tu n&rsquo;as pas besoin de gamification. \u00c9coute de la musique ou des podcasts en parall\u00e8le, regarde Youtube, Netflix ou des vid\u00e9os Amazon Prime.<br>L&rsquo;application Indoor Cycling peut m\u00eame \u00eatre utilis\u00e9e hors ligne et deux personnes peuvent s&rsquo;entra\u00eener simultan\u00e9ment avec un seul compte si elles le souhaitent. <\/p>\n\n\n\n<div style=\"height:20px\" aria-hidden=\"true\" class=\"wp-block-spacer\"><\/div>\n\n\n\n<div class=\"wp-block-columns alignwide are-vertically-aligned-center is-layout-flex wp-container-core-columns-is-layout-28f84493 wp-block-columns-is-layout-flex\">\n<div class=\"wp-block-column is-vertically-aligned-center is-layout-flow wp-block-column-is-layout-flow\">\n<figure class=\"wp-block-image aligncenter size-full wp-duotone-8c00b7-rgb255255255-2\"><img decoding=\"async\" width=\"150\" height=\"150\" src=\"https:\/\/ictrainer.de\/wp-content\/uploads\/2022\/01\/Besonderheiten.png\" alt=\"Avantages\" class=\"wp-image-207\"\/><\/figure>\n\n\n\n<h3 class=\"wp-block-heading has-text-align-center\" id=\"h-avantages\">Avantages  <\/h3>\n\n\n\n<p class=\"has-text-align-center\">  Notre logiciel offre tout ce dont tu as besoin pour un entra\u00eenement en salle s\u00e9rieux.  <br>V\u00e9rifie-le&#8230;  <\/p>\n\n\n\n<div class=\"wp-block-buttons is-layout-flex wp-block-buttons-is-layout-flex\">\n<div class=\"wp-block-button has-custom-width wp-block-button__width-100\"><a class=\"wp-block-button__link has-background wp-element-button\" href=\"https:\/\/ictrainer.de\/fr\/fonctions\/\" style=\"background:linear-gradient(135deg,rgb(74,234,220) 0%,rgb(151,120,209) 0%,rgb(207,42,186) 32%,rgb(238,44,130) 65%,rgb(251,105,98) 75%,rgb(254,248,76) 100%)\">D\u00e9tails<\/a><\/div>\n<\/div>\n<\/div>\n\n\n\n<div class=\"wp-block-column is-vertically-aligned-center is-layout-flow wp-block-column-is-layout-flow\">\n<figure class=\"wp-block-image aligncenter size-full wp-duotone-8c00b7-rgb255255255-3\"><img decoding=\"async\" width=\"150\" height=\"150\" src=\"https:\/\/ictrainer.de\/wp-content\/uploads\/2022\/01\/Training-1.png\" alt=\"\" class=\"wp-image-230\"\/><\/figure>\n\n\n\n<h3 class=\"wp-block-heading has-text-align-center\" id=\"h-possibilites-d-entrainement\">  Possibilit\u00e9s d&rsquo;entra\u00eenement<\/h3>\n\n\n\n<p class=\"has-text-align-center\">  Notre application Indoor Cycling offre d&rsquo;innombrables possibilit\u00e9s d&rsquo;entra\u00eenement.<br>Nous ne voulons pas seulement jouer&#8230;  <\/p>\n\n\n\n<div class=\"wp-block-buttons is-layout-flex wp-block-buttons-is-layout-flex\">\n<div class=\"wp-block-button has-custom-width wp-block-button__width-100\"><a class=\"wp-block-button__link has-background wp-element-button\" href=\"https:\/\/ictrainer.de\/fr\/possibilites-dentrainement\/\" style=\"background:linear-gradient(135deg,rgb(74,234,220) 0%,rgb(151,120,209) 0%,rgb(207,42,186) 33%,rgb(238,44,130) 41%,rgb(251,105,98) 80%,rgb(254,248,76) 100%)\">D\u00e9tails<\/a><\/div>\n<\/div>\n<\/div>\n\n\n\n<div class=\"wp-block-column is-vertically-aligned-center is-layout-flow wp-block-column-is-layout-flow\">\n<figure class=\"wp-block-image aligncenter size-full wp-duotone-8c00b7-rgb255255255-4\"><img decoding=\"async\" width=\"150\" height=\"150\" src=\"https:\/\/ictrainer.de\/wp-content\/uploads\/2022\/01\/Equipment.png\" alt=\"Compatibilit\u00e9\" class=\"wp-image-209\"\/><\/figure>\n\n\n\n<h3 class=\"wp-block-heading has-text-align-center\" id=\"h-materiel-logiciel\">  Mat\u00e9riel \/ logiciel<\/h3>\n\n\n\n<p class=\"has-text-align-center\">  icTrainer est compatible avec presque toutes les plateformes d&rsquo;entra\u00eenement et les rouleaux d&rsquo;entra\u00eenement.  <br>V\u00e9rifie tout de suite&#8230;  <\/p>\n\n\n\n<div class=\"wp-block-buttons is-layout-flex wp-block-buttons-is-layout-flex\">\n<div class=\"wp-block-button has-custom-width wp-block-button__width-100\"><a class=\"wp-block-button__link has-background wp-element-button\" href=\"https:\/\/ictrainer.de\/fr\/compatibilite\/\" style=\"background:linear-gradient(135deg,rgb(74,234,220) 0%,rgb(151,120,209) 0%,rgb(207,42,186) 31%,rgb(238,44,130) 52%,rgb(251,105,98) 71%,rgb(254,248,76) 100%)\">D\u00e9tails<\/a><\/div>\n<\/div>\n<\/div>\n<\/div>\n\n\n\n<div style=\"height:25px\" aria-hidden=\"true\" class=\"wp-block-spacer\"><\/div>\n\n\n\n<div class=\"wp-block-columns alignwide are-vertically-aligned-center is-layout-flex wp-container-core-columns-is-layout-28f84493 wp-block-columns-is-layout-flex\">\n<div class=\"wp-block-column is-vertically-aligned-center is-layout-flow wp-block-column-is-layout-flow\">\n<figure class=\"wp-block-image aligncenter size-full wp-duotone-8c00b7-rgb255255255-5\"><img decoding=\"async\" width=\"145\" height=\"148\" src=\"https:\/\/ictrainer.de\/wp-content\/uploads\/2022\/01\/Test.png\" alt=\"Test de performance\" class=\"wp-image-212\"\/><\/figure>\n\n\n\n<h3 class=\"wp-block-heading has-text-align-center\" id=\"h-tests-de-performance-ftp\">  Tests de performance \/ FTP  <\/h3>\n\n\n\n<p class=\"has-text-align-center\">  Notre logiciel permet de passer diff\u00e9rents tests. Le mieux est de commencer tout de suite&#8230;   <\/p>\n\n\n\n<div class=\"wp-block-buttons is-layout-flex wp-block-buttons-is-layout-flex\">\n<div class=\"wp-block-button has-custom-width wp-block-button__width-100\"><a class=\"wp-block-button__link has-background wp-element-button\" href=\"https:\/\/ictrainer.de\/fr\/mesure-de-la-puissance\/\" style=\"background:linear-gradient(135deg,rgb(74,234,220) 0%,rgb(151,120,209) 0%,rgb(207,42,186) 32%,rgb(238,44,130) 47%,rgb(251,105,98) 80%,rgb(254,248,76) 100%)\">D\u00e9tails<\/a><\/div>\n<\/div>\n<\/div>\n\n\n\n<div class=\"wp-block-column is-vertically-aligned-center is-layout-flow wp-block-column-is-layout-flow\">\n<figure class=\"wp-block-image aligncenter size-full wp-duotone-8c00b7-rgb255255255-6\"><img decoding=\"async\" width=\"150\" height=\"150\" src=\"https:\/\/ictrainer.de\/wp-content\/uploads\/2022\/01\/Preise.png\" alt=\"Prix\" class=\"wp-image-211\"\/><\/figure>\n\n\n\n<h3 class=\"wp-block-heading has-text-align-center\" id=\"h-prix\">  Prix  <\/h3>\n\n\n\n<p class=\"has-text-align-center\">  Notre logiciel est plusieurs fois moins cher que les autres acteurs du march\u00e9. V\u00e9rifie par toi-m\u00eame&#8230; <\/p>\n\n\n\n<div class=\"wp-block-buttons is-layout-flex wp-block-buttons-is-layout-flex\">\n<div class=\"wp-block-button has-custom-width wp-block-button__width-100\"><a class=\"wp-block-button__link has-background wp-element-button\" href=\"https:\/\/ictrainer.de\/fr\/prix\/\" style=\"background:linear-gradient(135deg,rgb(74,234,220) 0%,rgb(151,120,209) 0%,rgb(207,42,186) 40%,rgb(238,44,130) 60%,rgb(251,105,98) 80%,rgb(254,248,76) 100%)\">D\u00e9tails<\/a><\/div>\n<\/div>\n<\/div>\n\n\n\n<div class=\"wp-block-column is-vertically-aligned-center is-layout-flow wp-block-column-is-layout-flow\">\n<figure class=\"wp-block-image aligncenter size-full wp-duotone-8c00b7-rgb255255255-7\"><img decoding=\"async\" width=\"150\" height=\"150\" src=\"https:\/\/ictrainer.de\/wp-content\/uploads\/2022\/01\/Download.png\" alt=\"T\u00e9l\u00e9charger\" class=\"wp-image-208\"\/><\/figure>\n\n\n\n<h3 class=\"wp-block-heading has-text-align-center\" id=\"h-telecharger\">  T\u00e9l\u00e9charger  <\/h3>\n\n\n\n<p class=\"has-text-align-center\">  Notre logiciel fonctionne sur presque tous les terminaux. T\u00e9l\u00e9charge-le tout de suite&#8230;   <\/p>\n\n\n\n<div class=\"wp-block-buttons is-layout-flex wp-block-buttons-is-layout-flex\">\n<div class=\"wp-block-button has-custom-width wp-block-button__width-100\"><a class=\"wp-block-button__link has-background wp-element-button\" href=\"https:\/\/ictrainer.de\/fr\/telecharger\/\" style=\"background:linear-gradient(135deg,rgb(74,234,220) 0%,rgb(151,120,209) 0%,rgb(207,42,186) 28%,rgb(238,44,130) 58%,rgb(251,105,98) 69%,rgb(254,248,76) 100%)\">D\u00e9tails<\/a><\/div>\n<\/div>\n<\/div>\n<\/div>\n\n\n\n<div style=\"height:50px\" aria-hidden=\"true\" class=\"wp-block-spacer\"><\/div>\n","protected":false},"excerpt":{"rendered":"<p>Notre application Indoor Cycling t&rsquo;offre toutes les fonctionnalit\u00e9s pour un entra\u00eenement structur\u00e9 - au prix de loin le plus avantageux.Si tu veux t&rsquo;entra\u00eener s\u00e9rieusement et que tu n&rsquo;as pas besoin de gamification. \u00c9coute de la musique ou des podcasts en parall\u00e8le, regarde Youtube, Netflix ou des vid\u00e9os Amazon Prime.L&rsquo;application Indoor Cycling peut m\u00eame \u00eatre utilis\u00e9e [&hellip;]<\/p>\n","protected":false},"author":1,"featured_media":0,"parent":0,"menu_order":0,"comment_status":"closed","ping_status":"closed","template":"","meta":{"_uag_custom_page_level_css":"","site-sidebar-layout":"default","site-content-layout":"","ast-site-content-layout":"default","site-content-style":"default","site-sidebar-style":"default","ast-global-header-display":"","ast-banner-title-visibility":"","ast-main-header-display":"","ast-hfb-above-header-display":"","ast-hfb-below-header-display":"","ast-hfb-mobile-header-display":"","site-post-title":"","ast-breadcrumbs-content":"","ast-featured-img":"","footer-sml-layout":"","ast-disable-related-posts":"","theme-transparent-header-meta":"","adv-header-id-meta":"","stick-header-meta":"","header-above-stick-meta":"","header-main-stick-meta":"","header-below-stick-meta":"","astra-migrate-meta-layouts":"set","ast-page-background-enabled":"default","ast-page-background-meta":{"desktop":{"background-color":"var(--ast-global-color-4)","background-image":"","background-repeat":"repeat","background-position":"center center","background-size":"auto","background-attachment":"scroll","background-type":"","background-media":"","overlay-type":"","overlay-color":"","overlay-opacity":"","overlay-gradient":""},"tablet":{"background-color":"","background-image":"","background-repeat":"repeat","background-position":"center center","background-size":"auto","background-attachment":"scroll","background-type":"","background-media":"","overlay-type":"","overlay-color":"","overlay-opacity":"","overlay-gradient":""},"mobile":{"background-color":"","background-image":"","background-repeat":"repeat","background-position":"center center","background-size":"auto","background-attachment":"scroll","background-type":"","background-media":"","overlay-type":"","overlay-color":"","overlay-opacity":"","overlay-gradient":""}},"ast-content-background-meta":{"desktop":{"background-color":"var(--ast-global-color-5)","background-image":"","background-repeat":"repeat","background-position":"center center","background-size":"auto","background-attachment":"scroll","background-type":"","background-media":"","overlay-type":"","overlay-color":"","overlay-opacity":"","overlay-gradient":""},"tablet":{"background-color":"var(--ast-global-color-5)","background-image":"","background-repeat":"repeat","background-position":"center center","background-size":"auto","background-attachment":"scroll","background-type":"","background-media":"","overlay-type":"","overlay-color":"","overlay-opacity":"","overlay-gradient":""},"mobile":{"background-color":"var(--ast-global-color-5)","background-image":"","background-repeat":"repeat","background-position":"center center","background-size":"auto","background-attachment":"scroll","background-type":"","background-media":"","overlay-type":"","overlay-color":"","overlay-opacity":"","overlay-gradient":""}},"footnotes":""},"class_list":["post-3843","page","type-page","status-publish","hentry"],"yoast_head":"<!-- This site is optimized with the Yoast SEO Premium plugin v27.3 (Yoast SEO v27.3) - https:\/\/yoast.com\/product\/yoast-seo-premium-wordpress\/ -->\n<title>Just Train - No Game<\/title>\n<meta name=\"robots\" content=\"index, follow, max-snippet:-1, max-image-preview:large, max-video-preview:-1\" \/>\n<link rel=\"canonical\" href=\"https:\/\/ictrainer.de\/fr\/apercu\/\" \/>\n<meta property=\"og:locale\" content=\"fr_FR\" \/>\n<meta property=\"og:type\" content=\"article\" \/>\n<meta property=\"og:title\" content=\"Aper\u00e7u\" \/>\n<meta property=\"og:description\" content=\"Notre application Indoor Cycling t&rsquo;offre toutes les fonctionnalit\u00e9s pour un entra\u00eenement structur\u00e9 - au prix de loin le plus avantageux.Si tu veux t&rsquo;entra\u00eener s\u00e9rieusement et que tu n&rsquo;as pas besoin de gamification. \u00c9coute de la musique ou des podcasts en parall\u00e8le, regarde Youtube, Netflix ou des vid\u00e9os Amazon Prime.L&rsquo;application Indoor Cycling peut m\u00eame \u00eatre utilis\u00e9e [&hellip;]\" \/>\n<meta property=\"og:url\" content=\"https:\/\/ictrainer.de\/fr\/apercu\/\" \/>\n<meta property=\"og:site_name\" content=\"icTrainer\" \/>\n<meta property=\"article:publisher\" content=\"https:\/\/www.facebook.com\/icTrainer-2225105191083880\" \/>\n<meta property=\"article:modified_time\" content=\"2025-12-03T15:52:36+00:00\" \/>\n<meta property=\"og:image\" content=\"https:\/\/ictrainer.de\/wp-content\/uploads\/2022\/01\/Besonderheiten.png\" \/>\n\t<meta property=\"og:image:width\" content=\"150\" \/>\n\t<meta property=\"og:image:height\" content=\"150\" \/>\n\t<meta property=\"og:image:type\" content=\"image\/png\" \/>\n<meta name=\"twitter:card\" content=\"summary_large_image\" \/>\n<meta name=\"twitter:label1\" content=\"Dur\u00e9e de lecture estim\u00e9e\" \/>\n\t<meta name=\"twitter:data1\" content=\"3 minutes\" \/>\n<script type=\"application\/ld+json\" class=\"yoast-schema-graph\">{\"@context\":\"https:\\\/\\\/schema.org\",\"@graph\":[{\"@type\":\"WebPage\",\"@id\":\"https:\\\/\\\/ictrainer.de\\\/fr\\\/apercu\\\/\",\"url\":\"https:\\\/\\\/ictrainer.de\\\/fr\\\/apercu\\\/\",\"name\":\"Just Train - No Game\",\"isPartOf\":{\"@id\":\"https:\\\/\\\/ictrainer.de\\\/fr\\\/#website\"},\"primaryImageOfPage\":{\"@id\":\"https:\\\/\\\/ictrainer.de\\\/fr\\\/apercu\\\/#primaryimage\"},\"image\":{\"@id\":\"https:\\\/\\\/ictrainer.de\\\/fr\\\/apercu\\\/#primaryimage\"},\"thumbnailUrl\":\"https:\\\/\\\/ictrainer.de\\\/wp-content\\\/uploads\\\/2022\\\/01\\\/Besonderheiten.png\",\"datePublished\":\"2025-09-04T15:40:59+00:00\",\"dateModified\":\"2025-12-03T15:52:36+00:00\",\"breadcrumb\":{\"@id\":\"https:\\\/\\\/ictrainer.de\\\/fr\\\/apercu\\\/#breadcrumb\"},\"inLanguage\":\"fr-FR\",\"potentialAction\":[{\"@type\":\"ReadAction\",\"target\":[\"https:\\\/\\\/ictrainer.de\\\/fr\\\/apercu\\\/\"]}]},{\"@type\":\"ImageObject\",\"inLanguage\":\"fr-FR\",\"@id\":\"https:\\\/\\\/ictrainer.de\\\/fr\\\/apercu\\\/#primaryimage\",\"url\":\"https:\\\/\\\/ictrainer.de\\\/wp-content\\\/uploads\\\/2022\\\/01\\\/Besonderheiten.png\",\"contentUrl\":\"https:\\\/\\\/ictrainer.de\\\/wp-content\\\/uploads\\\/2022\\\/01\\\/Besonderheiten.png\"},{\"@type\":\"BreadcrumbList\",\"@id\":\"https:\\\/\\\/ictrainer.de\\\/fr\\\/apercu\\\/#breadcrumb\",\"itemListElement\":[{\"@type\":\"ListItem\",\"position\":1,\"name\":\"Startseite\",\"item\":\"https:\\\/\\\/ictrainer.de\\\/fr\\\/\"},{\"@type\":\"ListItem\",\"position\":2,\"name\":\"Aper\u00e7u\"}]},{\"@type\":\"WebSite\",\"@id\":\"https:\\\/\\\/ictrainer.de\\\/fr\\\/#website\",\"url\":\"https:\\\/\\\/ictrainer.de\\\/fr\\\/\",\"name\":\"icTrainer\",\"description\":\"Just Train - No Game\",\"publisher\":{\"@id\":\"https:\\\/\\\/ictrainer.de\\\/fr\\\/#organization\"},\"potentialAction\":[{\"@type\":\"SearchAction\",\"target\":{\"@type\":\"EntryPoint\",\"urlTemplate\":\"https:\\\/\\\/ictrainer.de\\\/fr\\\/?s={search_term_string}\"},\"query-input\":{\"@type\":\"PropertyValueSpecification\",\"valueRequired\":true,\"valueName\":\"search_term_string\"}}],\"inLanguage\":\"fr-FR\"},{\"@type\":\"Organization\",\"@id\":\"https:\\\/\\\/ictrainer.de\\\/fr\\\/#organization\",\"name\":\"icTrainer\",\"url\":\"https:\\\/\\\/ictrainer.de\\\/fr\\\/\",\"logo\":{\"@type\":\"ImageObject\",\"inLanguage\":\"fr-FR\",\"@id\":\"https:\\\/\\\/ictrainer.de\\\/fr\\\/#\\\/schema\\\/logo\\\/image\\\/\",\"url\":\"\",\"contentUrl\":\"\",\"caption\":\"icTrainer\"},\"image\":{\"@id\":\"https:\\\/\\\/ictrainer.de\\\/fr\\\/#\\\/schema\\\/logo\\\/image\\\/\"},\"sameAs\":[\"https:\\\/\\\/www.facebook.com\\\/icTrainer-2225105191083880\",\"https:\\\/\\\/www.youtube.com\\\/channel\\\/UCA8JtIJrsuwIuYdXJupFuHQ\\\/videos\"]}]}<\/script>\n<!-- \/ Yoast SEO Premium plugin. -->","yoast_head_json":{"title":"Just Train - No Game","robots":{"index":"index","follow":"follow","max-snippet":"max-snippet:-1","max-image-preview":"max-image-preview:large","max-video-preview":"max-video-preview:-1"},"canonical":"https:\/\/ictrainer.de\/fr\/apercu\/","og_locale":"fr_FR","og_type":"article","og_title":"Aper\u00e7u","og_description":"Notre application Indoor Cycling t&rsquo;offre toutes les fonctionnalit\u00e9s pour un entra\u00eenement structur\u00e9 - au prix de loin le plus avantageux.Si tu veux t&rsquo;entra\u00eener s\u00e9rieusement et que tu n&rsquo;as pas besoin de gamification. \u00c9coute de la musique ou des podcasts en parall\u00e8le, regarde Youtube, Netflix ou des vid\u00e9os Amazon Prime.L&rsquo;application Indoor Cycling peut m\u00eame \u00eatre utilis\u00e9e [&hellip;]","og_url":"https:\/\/ictrainer.de\/fr\/apercu\/","og_site_name":"icTrainer","article_publisher":"https:\/\/www.facebook.com\/icTrainer-2225105191083880","article_modified_time":"2025-12-03T15:52:36+00:00","og_image":[{"width":150,"height":150,"url":"https:\/\/ictrainer.de\/wp-content\/uploads\/2022\/01\/Besonderheiten.png","type":"image\/png"}],"twitter_card":"summary_large_image","twitter_misc":{"Dur\u00e9e de lecture estim\u00e9e":"3 minutes"},"schema":{"@context":"https:\/\/schema.org","@graph":[{"@type":"WebPage","@id":"https:\/\/ictrainer.de\/fr\/apercu\/","url":"https:\/\/ictrainer.de\/fr\/apercu\/","name":"Just Train - No Game","isPartOf":{"@id":"https:\/\/ictrainer.de\/fr\/#website"},"primaryImageOfPage":{"@id":"https:\/\/ictrainer.de\/fr\/apercu\/#primaryimage"},"image":{"@id":"https:\/\/ictrainer.de\/fr\/apercu\/#primaryimage"},"thumbnailUrl":"https:\/\/ictrainer.de\/wp-content\/uploads\/2022\/01\/Besonderheiten.png","datePublished":"2025-09-04T15:40:59+00:00","dateModified":"2025-12-03T15:52:36+00:00","breadcrumb":{"@id":"https:\/\/ictrainer.de\/fr\/apercu\/#breadcrumb"},"inLanguage":"fr-FR","potentialAction":[{"@type":"ReadAction","target":["https:\/\/ictrainer.de\/fr\/apercu\/"]}]},{"@type":"ImageObject","inLanguage":"fr-FR","@id":"https:\/\/ictrainer.de\/fr\/apercu\/#primaryimage","url":"https:\/\/ictrainer.de\/wp-content\/uploads\/2022\/01\/Besonderheiten.png","contentUrl":"https:\/\/ictrainer.de\/wp-content\/uploads\/2022\/01\/Besonderheiten.png"},{"@type":"BreadcrumbList","@id":"https:\/\/ictrainer.de\/fr\/apercu\/#breadcrumb","itemListElement":[{"@type":"ListItem","position":1,"name":"Startseite","item":"https:\/\/ictrainer.de\/fr\/"},{"@type":"ListItem","position":2,"name":"Aper\u00e7u"}]},{"@type":"WebSite","@id":"https:\/\/ictrainer.de\/fr\/#website","url":"https:\/\/ictrainer.de\/fr\/","name":"icTrainer","description":"Just Train - No Game","publisher":{"@id":"https:\/\/ictrainer.de\/fr\/#organization"},"potentialAction":[{"@type":"SearchAction","target":{"@type":"EntryPoint","urlTemplate":"https:\/\/ictrainer.de\/fr\/?s={search_term_string}"},"query-input":{"@type":"PropertyValueSpecification","valueRequired":true,"valueName":"search_term_string"}}],"inLanguage":"fr-FR"},{"@type":"Organization","@id":"https:\/\/ictrainer.de\/fr\/#organization","name":"icTrainer","url":"https:\/\/ictrainer.de\/fr\/","logo":{"@type":"ImageObject","inLanguage":"fr-FR","@id":"https:\/\/ictrainer.de\/fr\/#\/schema\/logo\/image\/","url":"","contentUrl":"","caption":"icTrainer"},"image":{"@id":"https:\/\/ictrainer.de\/fr\/#\/schema\/logo\/image\/"},"sameAs":["https:\/\/www.facebook.com\/icTrainer-2225105191083880","https:\/\/www.youtube.com\/channel\/UCA8JtIJrsuwIuYdXJupFuHQ\/videos"]}]}},"uagb_featured_image_src":{"full":false,"thumbnail":false,"medium":false,"medium_large":false,"large":false,"1536x1536":false,"2048x2048":false},"uagb_author_info":{"display_name":"Nicolas","author_link":"https:\/\/ictrainer.de\/fr\/author\/admin\/"},"uagb_comment_info":0,"uagb_excerpt":"Notre application Indoor Cycling t&rsquo;offre toutes les fonctionnalit\u00e9s pour un entra\u00eenement structur\u00e9 - au prix de loin le plus avantageux.Si tu veux t&rsquo;entra\u00eener s\u00e9rieusement et que tu n&rsquo;as pas besoin de gamification. \u00c9coute de la musique ou des podcasts en parall\u00e8le, regarde Youtube, Netflix ou des vid\u00e9os Amazon Prime.L&rsquo;application Indoor Cycling peut m\u00eame \u00eatre utilis\u00e9e...","_links":{"self":[{"href":"https:\/\/ictrainer.de\/fr\/wp-json\/wp\/v2\/pages\/3843","targetHints":{"allow":["GET"]}}],"collection":[{"href":"https:\/\/ictrainer.de\/fr\/wp-json\/wp\/v2\/pages"}],"about":[{"href":"https:\/\/ictrainer.de\/fr\/wp-json\/wp\/v2\/types\/page"}],"author":[{"embeddable":true,"href":"https:\/\/ictrainer.de\/fr\/wp-json\/wp\/v2\/users\/1"}],"replies":[{"embeddable":true,"href":"https:\/\/ictrainer.de\/fr\/wp-json\/wp\/v2\/comments?post=3843"}],"version-history":[{"count":3,"href":"https:\/\/ictrainer.de\/fr\/wp-json\/wp\/v2\/pages\/3843\/revisions"}],"predecessor-version":[{"id":5164,"href":"https:\/\/ictrainer.de\/fr\/wp-json\/wp\/v2\/pages\/3843\/revisions\/5164"}],"wp:attachment":[{"href":"https:\/\/ictrainer.de\/fr\/wp-json\/wp\/v2\/media?parent=3843"}],"curies":[{"name":"wp","href":"https:\/\/api.w.org\/{rel}","templated":true}]}}