{"id":4741,"date":"2025-10-30T12:37:48","date_gmt":"2025-10-30T12:37:48","guid":{"rendered":"https:\/\/ictrainer.de\/por-que-hay-dos-aplicaciones-ictrainer-para-macos\/"},"modified":"2026-02-12T15:40:50","modified_gmt":"2026-02-12T15:40:50","slug":"por-que-hay-dos-aplicaciones-ictrainer-para-macos","status":"publish","type":"page","link":"https:\/\/ictrainer.de\/es\/por-que-hay-dos-aplicaciones-ictrainer-para-macos\/","title":{"rendered":"\u00bfPor qu\u00e9 hay dos aplicaciones icTrainer para macOS?"},"content":{"rendered":"\n<p>Recientemente lanzamos una versi\u00f3n mejorada del software para macOS 11 (y versiones posteriores) en el App Store:<\/p>\n\n<figure class=\"wp-block-image size-large\"><img decoding=\"async\" width=\"1024\" height=\"375\" src=\"https:\/\/ictrainer.de\/wp-content\/uploads\/2024\/06\/Bild1-1024x375.jpg\" alt=\"\" class=\"wp-image-2854\" srcset=\"https:\/\/ictrainer.de\/wp-content\/uploads\/2024\/06\/Bild1-1024x375.jpg 1024w, https:\/\/ictrainer.de\/wp-content\/uploads\/2024\/06\/Bild1-300x110.jpg 300w, https:\/\/ictrainer.de\/wp-content\/uploads\/2024\/06\/Bild1-768x281.jpg 768w, https:\/\/ictrainer.de\/wp-content\/uploads\/2024\/06\/Bild1.jpg 1080w\" sizes=\"(max-width: 1024px) 100vw, 1024px\" \/><\/figure>\n\n<p>La <a href=\"https:\/\/itunes.apple.com\/de\/app\/ictrainer\/id1453179272\"><\/a><a href=\"https:\/\/itunes.apple.com\/de\/app\/ictrainer\/id1453179272\" target=\"_blank\" rel=\"noreferrer noopener&#xBB;&gt;nueva versi&#xF3;n&lt;\/a&gt; est&#xE1; optimizada para macOS 11.0 (o posterior) con procesadores Apple ARM (M1, M2, M3, M4, &#x2026;) y procesadores Intel. Si utilizas macOS 11.0 (o una versi&#xF3;n posterior), deber&#xED;as actualizar a la nueva versi&#xF3;n sin falta.&lt;\/div&gt;\"><\/a><\/p>\n\n<p>Y la <a href=\"https:\/\/apps.apple.com\/de\/app\/ictrainer\/id1469371893\">versi\u00f3n antigua<\/a><a href=\"https:\/\/apps.apple.com\/de\/app\/ictrainer\/id1469371893\" target=\"_blank\" rel=\"noreferrer noopener\">versi\u00f3n antigua<\/a> solo es adecuada para macOS 10.x con procesadores Intel.<\/p>\n\n<p>Este cambio se debe a motivos t\u00e9cnicos, ya que queremos seguir ofreciendo soporte a los usuarios que todav\u00eda utilizan macOS 10.x para sus entrenamientos.<\/p>\n\n<p><strong>Para que el cambio de realice sin problemas ten en cuenta dos cosas: <\/strong><\/p>\n\n<p>1. Comprueba primero en qu\u00e9 directorio has guardado tus datos (\u201cConfiguraci\u00f3n\u201d \u2192 \u201cDirectorios\u201d):<\/p>\n\n<figure class=\"wp-block-image size-full\"><img decoding=\"async\" width=\"602\" height=\"160\" src=\"https:\/\/ictrainer.de\/wp-content\/uploads\/2024\/06\/Bild2.png\" alt=\"\" class=\"wp-image-2857\" srcset=\"https:\/\/ictrainer.de\/wp-content\/uploads\/2024\/06\/Bild2.png 602w, https:\/\/ictrainer.de\/wp-content\/uploads\/2024\/06\/Bild2-300x80.png 300w\" sizes=\"(max-width: 602px) 100vw, 602px\" \/><\/figure>\n\n<p>Si aparece <em><strong>\/Usuarios\/[nombre de usuario]\/P\u00fablico\/icTrainer\/<\/strong><\/em>, todo va bien, ya que la nueva versi\u00f3n accede al mismo directorio.<\/p>\n\n<p>Si en cambio figura <em><strong>\/Usuarios\/[nombre de usuario]\/Biblioteca\/Contenedores\/&#8230;<\/strong><\/em>, primero debes mover los archivos existentes haciendo clic en \u201c&#8230;\u201d (arriba a la derecha) y seleccionando <em>\u00ab\/Usuarios\/[nombredeusuario]\/P\u00fablico\/icTrainer\/\u00bb<\/em>, para que no se pierdan los datos.<\/p>\n\n<p>Como usuario de macOS 11.0 (o posterior), ahora puedes eliminar la aplicaci\u00f3n antigua e instalar la nueva, y todos los datos se detectar\u00e1n autom\u00e1ticamente.<\/p>\n\n<p>2. Si compraste la licencia en la app anterior, debes cancelar la suscripci\u00f3n en la Apple App Store y renovarla de nuevo en la app nueva cuando aparezca la pr\u00f3xima renovaci\u00f3n en el software (y \u00fanicamente entonces).<br\/> Lamentablemente, la app nueva no reconoce autom\u00e1ticamente el pago en la app anterior, lo que nos obliga a un esfuerzo manual y supone costes para transferir la licencia.<br\/> Por supuesto, la nueva licencia tambi\u00e9n se puede utilizar en todos los sistemas operativos y procesadores (\u201cComprar licencia\u201d \u2192 \u201cRestaurar licencia\u201d). Por lo tanto, no hay ning\u00fan problema en seguir utilizando la aplicaci\u00f3n en un MacBook antiguo con procesador Intel y en un MacBook nuevo con procesador Apple.<\/p>\n\n<div style=\"height:100px\" aria-hidden=\"true\" class=\"wp-block-spacer\"><\/div>\n","protected":false},"excerpt":{"rendered":"<p>Recientemente lanzamos una versi\u00f3n mejorada del software para macOS 11 (y versiones posteriores) en el App Store: La Y la versi\u00f3n antiguaversi\u00f3n antigua solo es adecuada para macOS 10.x con procesadores Intel. Este cambio se debe a motivos t\u00e9cnicos, ya que queremos seguir ofreciendo soporte a los usuarios que todav\u00eda utilizan macOS 10.x para sus [&hellip;]<\/p>\n","protected":false},"author":1,"featured_media":0,"parent":0,"menu_order":0,"comment_status":"closed","ping_status":"closed","template":"","meta":{"_uag_custom_page_level_css":"","site-sidebar-layout":"default","site-content-layout":"","ast-site-content-layout":"default","site-content-style":"default","site-sidebar-style":"default","ast-global-header-display":"","ast-banner-title-visibility":"","ast-main-header-display":"","ast-hfb-above-header-display":"","ast-hfb-below-header-display":"","ast-hfb-mobile-header-display":"","site-post-title":"","ast-breadcrumbs-content":"","ast-featured-img":"","footer-sml-layout":"","ast-disable-related-posts":"","theme-transparent-header-meta":"","adv-header-id-meta":"","stick-header-meta":"","header-above-stick-meta":"","header-main-stick-meta":"","header-below-stick-meta":"","astra-migrate-meta-layouts":"default","ast-page-background-enabled":"default","ast-page-background-meta":{"desktop":{"background-color":"var(--ast-global-color-4)","background-image":"","background-repeat":"repeat","background-position":"center center","background-size":"auto","background-attachment":"scroll","background-type":"","background-media":"","overlay-type":"","overlay-color":"","overlay-opacity":"","overlay-gradient":""},"tablet":{"background-color":"","background-image":"","background-repeat":"repeat","background-position":"center center","background-size":"auto","background-attachment":"scroll","background-type":"","background-media":"","overlay-type":"","overlay-color":"","overlay-opacity":"","overlay-gradient":""},"mobile":{"background-color":"","background-image":"","background-repeat":"repeat","background-position":"center center","background-size":"auto","background-attachment":"scroll","background-type":"","background-media":"","overlay-type":"","overlay-color":"","overlay-opacity":"","overlay-gradient":""}},"ast-content-background-meta":{"desktop":{"background-color":"var(--ast-global-color-5)","background-image":"","background-repeat":"repeat","background-position":"center center","background-size":"auto","background-attachment":"scroll","background-type":"","background-media":"","overlay-type":"","overlay-color":"","overlay-opacity":"","overlay-gradient":""},"tablet":{"background-color":"var(--ast-global-color-5)","background-image":"","background-repeat":"repeat","background-position":"center center","background-size":"auto","background-attachment":"scroll","background-type":"","background-media":"","overlay-type":"","overlay-color":"","overlay-opacity":"","overlay-gradient":""},"mobile":{"background-color":"var(--ast-global-color-5)","background-image":"","background-repeat":"repeat","background-position":"center center","background-size":"auto","background-attachment":"scroll","background-type":"","background-media":"","overlay-type":"","overlay-color":"","overlay-opacity":"","overlay-gradient":""}},"footnotes":""},"class_list":["post-4741","page","type-page","status-publish","hentry"],"yoast_head":"<!-- This site is optimized with the Yoast SEO Premium plugin v27.3 (Yoast SEO v27.4) - https:\/\/yoast.com\/product\/yoast-seo-premium-wordpress\/ -->\n<title>Just Train - No Game<\/title>\n<meta name=\"robots\" content=\"index, follow, max-snippet:-1, max-image-preview:large, max-video-preview:-1\" \/>\n<link rel=\"canonical\" href=\"https:\/\/ictrainer.de\/es\/por-que-hay-dos-aplicaciones-ictrainer-para-macos\/\" \/>\n<meta property=\"og:locale\" content=\"es_ES\" \/>\n<meta property=\"og:type\" content=\"article\" \/>\n<meta property=\"og:title\" content=\"\u00bfPor qu\u00e9 hay dos aplicaciones icTrainer para macOS?\" \/>\n<meta property=\"og:description\" content=\"Recientemente lanzamos una versi\u00f3n mejorada del software para macOS 11 (y versiones posteriores) en el App Store: La Y la versi\u00f3n antiguaversi\u00f3n antigua solo es adecuada para macOS 10.x con procesadores Intel. Este cambio se debe a motivos t\u00e9cnicos, ya que queremos seguir ofreciendo soporte a los usuarios que todav\u00eda utilizan macOS 10.x para sus [&hellip;]\" \/>\n<meta property=\"og:url\" content=\"https:\/\/ictrainer.de\/es\/por-que-hay-dos-aplicaciones-ictrainer-para-macos\/\" \/>\n<meta property=\"og:site_name\" content=\"icTrainer\" \/>\n<meta property=\"article:publisher\" content=\"https:\/\/www.facebook.com\/icTrainer-2225105191083880\" \/>\n<meta property=\"article:modified_time\" content=\"2026-02-12T15:40:50+00:00\" \/>\n<meta property=\"og:image\" content=\"https:\/\/ictrainer.de\/wp-content\/uploads\/2024\/06\/Bild1.jpg\" \/>\n\t<meta property=\"og:image:width\" content=\"1080\" \/>\n\t<meta property=\"og:image:height\" content=\"395\" \/>\n\t<meta property=\"og:image:type\" content=\"image\/jpeg\" \/>\n<meta name=\"twitter:card\" content=\"summary_large_image\" \/>\n<meta name=\"twitter:label1\" content=\"Tiempo de lectura\" \/>\n\t<meta name=\"twitter:data1\" content=\"1 minuto\" \/>\n<script type=\"application\/ld+json\" class=\"yoast-schema-graph\">{\"@context\":\"https:\\\/\\\/schema.org\",\"@graph\":[{\"@type\":\"WebPage\",\"@id\":\"https:\\\/\\\/ictrainer.de\\\/es\\\/por-que-hay-dos-aplicaciones-ictrainer-para-macos\\\/\",\"url\":\"https:\\\/\\\/ictrainer.de\\\/es\\\/por-que-hay-dos-aplicaciones-ictrainer-para-macos\\\/\",\"name\":\"Just Train - No Game\",\"isPartOf\":{\"@id\":\"https:\\\/\\\/ictrainer.de\\\/es\\\/#website\"},\"primaryImageOfPage\":{\"@id\":\"https:\\\/\\\/ictrainer.de\\\/es\\\/por-que-hay-dos-aplicaciones-ictrainer-para-macos\\\/#primaryimage\"},\"image\":{\"@id\":\"https:\\\/\\\/ictrainer.de\\\/es\\\/por-que-hay-dos-aplicaciones-ictrainer-para-macos\\\/#primaryimage\"},\"thumbnailUrl\":\"https:\\\/\\\/ictrainer.de\\\/wp-content\\\/uploads\\\/2024\\\/06\\\/Bild1-1024x375.jpg\",\"datePublished\":\"2025-10-30T12:37:48+00:00\",\"dateModified\":\"2026-02-12T15:40:50+00:00\",\"breadcrumb\":{\"@id\":\"https:\\\/\\\/ictrainer.de\\\/es\\\/por-que-hay-dos-aplicaciones-ictrainer-para-macos\\\/#breadcrumb\"},\"inLanguage\":\"es\",\"potentialAction\":[{\"@type\":\"ReadAction\",\"target\":[\"https:\\\/\\\/ictrainer.de\\\/es\\\/por-que-hay-dos-aplicaciones-ictrainer-para-macos\\\/\"]}]},{\"@type\":\"ImageObject\",\"inLanguage\":\"es\",\"@id\":\"https:\\\/\\\/ictrainer.de\\\/es\\\/por-que-hay-dos-aplicaciones-ictrainer-para-macos\\\/#primaryimage\",\"url\":\"https:\\\/\\\/ictrainer.de\\\/wp-content\\\/uploads\\\/2024\\\/06\\\/Bild1-1024x375.jpg\",\"contentUrl\":\"https:\\\/\\\/ictrainer.de\\\/wp-content\\\/uploads\\\/2024\\\/06\\\/Bild1-1024x375.jpg\"},{\"@type\":\"BreadcrumbList\",\"@id\":\"https:\\\/\\\/ictrainer.de\\\/es\\\/por-que-hay-dos-aplicaciones-ictrainer-para-macos\\\/#breadcrumb\",\"itemListElement\":[{\"@type\":\"ListItem\",\"position\":1,\"name\":\"Startseite\",\"item\":\"https:\\\/\\\/ictrainer.de\\\/es\\\/\"},{\"@type\":\"ListItem\",\"position\":2,\"name\":\"\u00bfPor qu\u00e9 hay dos aplicaciones icTrainer para macOS?\"}]},{\"@type\":\"WebSite\",\"@id\":\"https:\\\/\\\/ictrainer.de\\\/es\\\/#website\",\"url\":\"https:\\\/\\\/ictrainer.de\\\/es\\\/\",\"name\":\"icTrainer\",\"description\":\"Just Train - No Game\",\"publisher\":{\"@id\":\"https:\\\/\\\/ictrainer.de\\\/es\\\/#organization\"},\"potentialAction\":[{\"@type\":\"SearchAction\",\"target\":{\"@type\":\"EntryPoint\",\"urlTemplate\":\"https:\\\/\\\/ictrainer.de\\\/es\\\/?s={search_term_string}\"},\"query-input\":{\"@type\":\"PropertyValueSpecification\",\"valueRequired\":true,\"valueName\":\"search_term_string\"}}],\"inLanguage\":\"es\"},{\"@type\":\"Organization\",\"@id\":\"https:\\\/\\\/ictrainer.de\\\/es\\\/#organization\",\"name\":\"icTrainer\",\"url\":\"https:\\\/\\\/ictrainer.de\\\/es\\\/\",\"logo\":{\"@type\":\"ImageObject\",\"inLanguage\":\"es\",\"@id\":\"https:\\\/\\\/ictrainer.de\\\/es\\\/#\\\/schema\\\/logo\\\/image\\\/\",\"url\":\"\",\"contentUrl\":\"\",\"caption\":\"icTrainer\"},\"image\":{\"@id\":\"https:\\\/\\\/ictrainer.de\\\/es\\\/#\\\/schema\\\/logo\\\/image\\\/\"},\"sameAs\":[\"https:\\\/\\\/www.facebook.com\\\/icTrainer-2225105191083880\",\"https:\\\/\\\/www.youtube.com\\\/channel\\\/UCA8JtIJrsuwIuYdXJupFuHQ\\\/videos\"]}]}<\/script>\n<!-- \/ Yoast SEO Premium plugin. -->","yoast_head_json":{"title":"Just Train - No Game","robots":{"index":"index","follow":"follow","max-snippet":"max-snippet:-1","max-image-preview":"max-image-preview:large","max-video-preview":"max-video-preview:-1"},"canonical":"https:\/\/ictrainer.de\/es\/por-que-hay-dos-aplicaciones-ictrainer-para-macos\/","og_locale":"es_ES","og_type":"article","og_title":"\u00bfPor qu\u00e9 hay dos aplicaciones icTrainer para macOS?","og_description":"Recientemente lanzamos una versi\u00f3n mejorada del software para macOS 11 (y versiones posteriores) en el App Store: La Y la versi\u00f3n antiguaversi\u00f3n antigua solo es adecuada para macOS 10.x con procesadores Intel. Este cambio se debe a motivos t\u00e9cnicos, ya que queremos seguir ofreciendo soporte a los usuarios que todav\u00eda utilizan macOS 10.x para sus [&hellip;]","og_url":"https:\/\/ictrainer.de\/es\/por-que-hay-dos-aplicaciones-ictrainer-para-macos\/","og_site_name":"icTrainer","article_publisher":"https:\/\/www.facebook.com\/icTrainer-2225105191083880","article_modified_time":"2026-02-12T15:40:50+00:00","og_image":[{"width":1080,"height":395,"url":"https:\/\/ictrainer.de\/wp-content\/uploads\/2024\/06\/Bild1.jpg","type":"image\/jpeg"}],"twitter_card":"summary_large_image","twitter_misc":{"Tiempo de lectura":"1 minuto"},"schema":{"@context":"https:\/\/schema.org","@graph":[{"@type":"WebPage","@id":"https:\/\/ictrainer.de\/es\/por-que-hay-dos-aplicaciones-ictrainer-para-macos\/","url":"https:\/\/ictrainer.de\/es\/por-que-hay-dos-aplicaciones-ictrainer-para-macos\/","name":"Just Train - No Game","isPartOf":{"@id":"https:\/\/ictrainer.de\/es\/#website"},"primaryImageOfPage":{"@id":"https:\/\/ictrainer.de\/es\/por-que-hay-dos-aplicaciones-ictrainer-para-macos\/#primaryimage"},"image":{"@id":"https:\/\/ictrainer.de\/es\/por-que-hay-dos-aplicaciones-ictrainer-para-macos\/#primaryimage"},"thumbnailUrl":"https:\/\/ictrainer.de\/wp-content\/uploads\/2024\/06\/Bild1-1024x375.jpg","datePublished":"2025-10-30T12:37:48+00:00","dateModified":"2026-02-12T15:40:50+00:00","breadcrumb":{"@id":"https:\/\/ictrainer.de\/es\/por-que-hay-dos-aplicaciones-ictrainer-para-macos\/#breadcrumb"},"inLanguage":"es","potentialAction":[{"@type":"ReadAction","target":["https:\/\/ictrainer.de\/es\/por-que-hay-dos-aplicaciones-ictrainer-para-macos\/"]}]},{"@type":"ImageObject","inLanguage":"es","@id":"https:\/\/ictrainer.de\/es\/por-que-hay-dos-aplicaciones-ictrainer-para-macos\/#primaryimage","url":"https:\/\/ictrainer.de\/wp-content\/uploads\/2024\/06\/Bild1-1024x375.jpg","contentUrl":"https:\/\/ictrainer.de\/wp-content\/uploads\/2024\/06\/Bild1-1024x375.jpg"},{"@type":"BreadcrumbList","@id":"https:\/\/ictrainer.de\/es\/por-que-hay-dos-aplicaciones-ictrainer-para-macos\/#breadcrumb","itemListElement":[{"@type":"ListItem","position":1,"name":"Startseite","item":"https:\/\/ictrainer.de\/es\/"},{"@type":"ListItem","position":2,"name":"\u00bfPor qu\u00e9 hay dos aplicaciones icTrainer para macOS?"}]},{"@type":"WebSite","@id":"https:\/\/ictrainer.de\/es\/#website","url":"https:\/\/ictrainer.de\/es\/","name":"icTrainer","description":"Just Train - No Game","publisher":{"@id":"https:\/\/ictrainer.de\/es\/#organization"},"potentialAction":[{"@type":"SearchAction","target":{"@type":"EntryPoint","urlTemplate":"https:\/\/ictrainer.de\/es\/?s={search_term_string}"},"query-input":{"@type":"PropertyValueSpecification","valueRequired":true,"valueName":"search_term_string"}}],"inLanguage":"es"},{"@type":"Organization","@id":"https:\/\/ictrainer.de\/es\/#organization","name":"icTrainer","url":"https:\/\/ictrainer.de\/es\/","logo":{"@type":"ImageObject","inLanguage":"es","@id":"https:\/\/ictrainer.de\/es\/#\/schema\/logo\/image\/","url":"","contentUrl":"","caption":"icTrainer"},"image":{"@id":"https:\/\/ictrainer.de\/es\/#\/schema\/logo\/image\/"},"sameAs":["https:\/\/www.facebook.com\/icTrainer-2225105191083880","https:\/\/www.youtube.com\/channel\/UCA8JtIJrsuwIuYdXJupFuHQ\/videos"]}]}},"uagb_featured_image_src":{"full":false,"thumbnail":false,"medium":false,"medium_large":false,"large":false,"1536x1536":false,"2048x2048":false},"uagb_author_info":{"display_name":"Nicolas","author_link":"https:\/\/ictrainer.de\/es\/author\/admin\/"},"uagb_comment_info":0,"uagb_excerpt":"Recientemente lanzamos una versi\u00f3n mejorada del software para macOS 11 (y versiones posteriores) en el App Store: La Y la versi\u00f3n antiguaversi\u00f3n antigua solo es adecuada para macOS 10.x con procesadores Intel. Este cambio se debe a motivos t\u00e9cnicos, ya que queremos seguir ofreciendo soporte a los usuarios que todav\u00eda utilizan macOS 10.x para sus...","_links":{"self":[{"href":"https:\/\/ictrainer.de\/es\/wp-json\/wp\/v2\/pages\/4741","targetHints":{"allow":["GET"]}}],"collection":[{"href":"https:\/\/ictrainer.de\/es\/wp-json\/wp\/v2\/pages"}],"about":[{"href":"https:\/\/ictrainer.de\/es\/wp-json\/wp\/v2\/types\/page"}],"author":[{"embeddable":true,"href":"https:\/\/ictrainer.de\/es\/wp-json\/wp\/v2\/users\/1"}],"replies":[{"embeddable":true,"href":"https:\/\/ictrainer.de\/es\/wp-json\/wp\/v2\/comments?post=4741"}],"version-history":[{"count":6,"href":"https:\/\/ictrainer.de\/es\/wp-json\/wp\/v2\/pages\/4741\/revisions"}],"predecessor-version":[{"id":5535,"href":"https:\/\/ictrainer.de\/es\/wp-json\/wp\/v2\/pages\/4741\/revisions\/5535"}],"wp:attachment":[{"href":"https:\/\/ictrainer.de\/es\/wp-json\/wp\/v2\/media?parent=4741"}],"curies":[{"name":"wp","href":"https:\/\/api.w.org\/{rel}","templated":true}]}}