{"id":4622,"date":"2025-10-30T12:36:45","date_gmt":"2025-10-30T12:36:45","guid":{"rendered":"https:\/\/ictrainer.de\/descargar\/"},"modified":"2025-12-21T11:01:18","modified_gmt":"2025-12-21T11:01:18","slug":"descargar","status":"publish","type":"page","link":"https:\/\/ictrainer.de\/es\/descargar\/","title":{"rendered":"descargar"},"content":{"rendered":"\n<div class=\"wp-block-columns alignwide is-layout-flex wp-container-core-columns-is-layout-28f84493 wp-block-columns-is-layout-flex\">\n<div class=\"wp-block-column is-layout-flow wp-block-column-is-layout-flow\">\n<figure class=\"wp-block-image aligncenter size-large is-resized is-style-default\"><img decoding=\"async\" width=\"1024\" height=\"717\" src=\"https:\/\/ictrainer.de\/wp-content\/uploads\/2024\/01\/Software_Box_Mockup_1-1024x717.jpg\" alt=\"\" class=\"wp-image-2641\" style=\"width:auto;height:300px\" srcset=\"https:\/\/ictrainer.de\/wp-content\/uploads\/2024\/01\/Software_Box_Mockup_1-1024x717.jpg 1024w, https:\/\/ictrainer.de\/wp-content\/uploads\/2024\/01\/Software_Box_Mockup_1-300x210.jpg 300w, https:\/\/ictrainer.de\/wp-content\/uploads\/2024\/01\/Software_Box_Mockup_1-768x538.jpg 768w, https:\/\/ictrainer.de\/wp-content\/uploads\/2024\/01\/Software_Box_Mockup_1-1536x1075.jpg 1536w, https:\/\/ictrainer.de\/wp-content\/uploads\/2024\/01\/Software_Box_Mockup_1.jpg 1543w\" sizes=\"(max-width: 1024px) 100vw, 1024px\" \/><\/figure>\n<\/div>\n\n\n\n<div class=\"wp-block-column is-layout-flow wp-block-column-is-layout-flow\">\n<p>Nuestro software funciona en diversos sistemas operativos.<br\/><br\/>Una licencia es v\u00e1lida para el sistema operativo y el usuario respectivos y, por tanto, puede utilizarse en varios de tus dispositivos finales con el mismo sistema operativo sin ning\u00fan problema (la licencia se actualiza autom\u00e1ticamente cuando cambias de ordenador\/smartphone).<br\/><br\/>Si quieres utilizar dispositivos finales con sistemas operativos diferentes, compra la primera licencia de App Store en tu dispositivo principal y utiliza el bot\u00f3n gratuito \u00abRestaurar\u00bb del cuadro de di\u00e1logo \u00abComprar\/Restaurar licencia\u00bb en el segundo dispositivo final. <br\/><br\/>Por supuesto, tambi\u00e9n puedes comprar la licencia para varios sistemas operativos en nuestro sitio web, en <a href=\"https:\/\/ictrainer.de\/es\/iniciar-sesion\/\" target=\"_blank\" rel=\"noreferrer noopener\">tu cuenta de cliente <\/a>.<br\/><br\/>Empecemos con la descarga&#8230;<\/p>\n<\/div>\n<\/div>\n\n<div style=\"height:20px\" aria-hidden=\"true\" class=\"wp-block-spacer\"><\/div>\n\n<p><strong>PC<\/strong> (Microsoft \/ Windows):<\/p>\n\n<div class=\"wp-block-buttons is-layout-flex wp-block-buttons-is-layout-flex\">\n<div class=\"wp-block-button\"><a class=\"wp-block-button__link has-background wp-element-button\" href=\"https:\/\/apps.microsoft.com\/detail\/9pb6j4hk8dms\" style=\"border-radius:50px;background:linear-gradient(135deg,rgb(74,234,220) 0%,rgb(151,120,209) 1%,rgb(207,42,186) 40%,rgb(238,44,130) 60%,rgb(251,105,98) 80%,rgb(254,248,76) 100%)\" target=\"_blank\" rel=\"noreferrer noopener\">A la App Store de Microsoft<\/a><\/div>\n<\/div>\n\n<p>Alternativa: Descarga las versiones del Instalador de Windows directamente desde nuestro sitio web: <a href=\"https:\/\/ictrainer-de.b-cdn.net\/installer\/icTrainerWin32.exe\" target=\"_blank\" rel=\"noreferrer noopener\">versi\u00f3n de 32 bits<\/a> \/ <a href=\"https:\/\/ictrainer-de.b-cdn.net\/installer\/icTrainerWin64.exe\" target=\"_blank\" rel=\"noreferrer noopener\">versi\u00f3n de 64 bits<\/a><\/p>\n\n<hr class=\"wp-block-separator has-css-opacity alignwide\"\/>\n\n<div style=\"height:15px\" aria-hidden=\"true\" class=\"wp-block-spacer\"><\/div>\n\n<p><strong>MAC<\/strong> (Apple \/ MacOS):<\/p>\n\n<p>Para MacOS 11.0 (y versiones posteriores):<\/p>\n\n<div class=\"wp-block-buttons is-layout-flex wp-block-buttons-is-layout-flex\">\n<div class=\"wp-block-button\"><a class=\"wp-block-button__link has-background wp-element-button\" href=\"https:\/\/itunes.apple.com\/de\/app\/ictrainer\/id1453179272\" style=\"background:linear-gradient(135deg,rgb(74,234,220) 0%,rgb(151,120,209) 0%,rgb(207,42,186) 40%,rgb(238,44,130) 60%,rgb(251,105,98) 80%,rgb(254,248,76) 100%)\" target=\"_blank\" rel=\"noreferrer noopener\">A la App Store de Apple<\/a><\/div>\n<\/div>\n\n<div style=\"height:15px\" aria-hidden=\"true\" class=\"wp-block-spacer\"><\/div>\n\n<p>Para MacOS 10.x:<\/p>\n\n<div class=\"wp-block-buttons is-layout-flex wp-block-buttons-is-layout-flex\">\n<div class=\"wp-block-button\"><a class=\"wp-block-button__link has-background wp-element-button\" href=\"https:\/\/apps.apple.com\/de\/app\/ictrainer\/id1469371893\" style=\"background:linear-gradient(135deg,rgb(74,234,220) 0%,rgb(151,120,209) 0%,rgb(207,42,186) 40%,rgb(238,44,130) 60%,rgb(251,105,98) 80%,rgb(254,248,76) 100%)\" target=\"_blank\" rel=\"noreferrer noopener\">A la App Store de Apple<\/a><\/div>\n<\/div>\n\n<div style=\"height:15px\" aria-hidden=\"true\" class=\"wp-block-spacer\"><\/div>\n\n<hr class=\"wp-block-separator has-css-opacity alignwide\"\/>\n\n<div style=\"height:15px\" aria-hidden=\"true\" class=\"wp-block-spacer\"><\/div>\n\n<p><strong>iPhone\/iPad<\/strong> (Apple \/ iOS):<\/p>\n\n<div class=\"wp-block-buttons is-layout-flex wp-block-buttons-is-layout-flex\">\n<div class=\"wp-block-button\"><a class=\"wp-block-button__link has-background wp-element-button\" href=\"https:\/\/itunes.apple.com\/de\/app\/ictrainer\/id1453179272\" style=\"background:linear-gradient(135deg,rgb(74,234,220) 0%,rgb(151,120,209) 0%,rgb(207,42,186) 40%,rgb(238,44,130) 60%,rgb(251,105,98) 80%,rgb(254,248,76) 100%)\" target=\"_blank\" rel=\"noreferrer noopener\">A la App Store de Apple<\/a><\/div>\n<\/div>\n\n<div style=\"height:15px\" aria-hidden=\"true\" class=\"wp-block-spacer\"><\/div>\n\n<hr class=\"wp-block-separator has-css-opacity alignwide\"\/>\n\n<div style=\"height:15px\" aria-hidden=\"true\" class=\"wp-block-spacer\"><\/div>\n\n<p><strong>Varios smartphones<\/strong> (Google \/ Android):<\/p>\n\n<div class=\"wp-block-buttons is-layout-flex wp-block-buttons-is-layout-flex\">\n<div class=\"wp-block-button\"><a class=\"wp-block-button__link has-background wp-element-button\" href=\"https:\/\/play.google.com\/store\/apps\/details?id=com.icTrainer\" style=\"background:linear-gradient(135deg,rgb(74,234,220) 0%,rgb(151,120,209) 0%,rgb(207,42,186) 40%,rgb(238,44,130) 60%,rgb(251,105,98) 80%,rgb(254,248,76) 100%)\" target=\"_blank\" rel=\"noreferrer noopener\">A Google Play Store<\/a><\/div>\n<\/div>\n\n<p>Alternativa: Descarga el <a href=\"https:\/\/ictrainer-de.b-cdn.net\/installer\/Android32\/icTrainer.apk\" target=\"_blank\" rel=\"noreferrer noopener\">archivo APK de icTrainer (32 bits)<\/a> o <a href=\"https:\/\/ictrainer-de.b-cdn.net\/installer\/Android64\/icTrainer.apk\" target=\"_blank\" rel=\"noreferrer noopener\">el archivo APK de icTrainer (64 bits)<\/a>, por ejemplo para instalarlo en tabletas Huawei HarmonyOS mediante la <a href=\"https:\/\/amzn.eu\/d\/eGinT52\" target=\"_blank\" rel=\"noreferrer noopener\">app Total Commander<\/a>.<\/p>\n\n<div style=\"height:15px\" aria-hidden=\"true\" class=\"wp-block-spacer\"><\/div>\n\n<hr class=\"wp-block-separator has-css-opacity alignwide is-style-default\"\/>\n\n<div style=\"height:15px\" aria-hidden=\"true\" class=\"wp-block-spacer\"><\/div>\n\n<p><strong>Tableta Fire<\/strong> (Amazon \/ FireOS):<\/p>\n\n<div class=\"wp-block-buttons is-layout-flex wp-block-buttons-is-layout-flex\">\n<div class=\"wp-block-button\"><a class=\"wp-block-button__link has-background wp-element-button\" href=\"https:\/\/www.amazon.com\/dp\/B07QYDZD9H\" style=\"background:linear-gradient(135deg,rgb(74,234,220) 0%,rgb(151,120,209) 0%,rgb(207,42,186) 40%,rgb(238,44,130) 60%,rgb(251,105,98) 80%,rgb(254,248,76) 100%)\" target=\"_blank\" rel=\"noreferrer noopener\">A la App Store de Amazon<\/a><\/div>\n<\/div>\n\n<p>Nota: Sin embargo, es necesario adquirir una licencia en un segundo dispositivo final (Android, iOS o Windows). A continuaci\u00f3n, la licencia puede activarse gratuitamente en la tableta Fire mediante el bot\u00f3n RESTAURAR del software. <\/p>\n\n<hr class=\"wp-block-separator has-css-opacity alignwide\"\/>\n\n<div style=\"height:15px\" aria-hidden=\"true\" class=\"wp-block-spacer\"><\/div>\n\n<p><strong>Linux:<\/strong><br\/>Actualmente no ofrecemos nuestra propia versi\u00f3n para Linux. <br\/>Aunque est\u00e1 en preparaci\u00f3n, lamentablemente nuestro entorno de desarrollo no admite actualmente BluetoothLE para Linux. Dependiendo de la distribuci\u00f3n, este sistema operativo tambi\u00e9n carece de funcionalidad t\u00e1ctil.<br\/>Sin embargo, sabemos de usuarios que han instalado con \u00e9xito icTrainer con Oracle Virtualbox 7.0 en MX Linux (basado en Debian 12 - bookworm). En este caso, Windows 10 era el sistema operativo invitado.  <\/p>\n\n<hr class=\"wp-block-separator has-css-opacity alignwide\"\/>\n\n<h2 class=\"wp-block-heading\" id=\"h-ictrainer-fernbedienung\">Mando a distancia icTrainer<\/h2>\n\n<p>Esto te permite controlar a distancia tu software icTrainer ya descargado e instalado a trav\u00e9s del smartphone<a rel=\"noreferrer noopener\" href=\"https:\/\/youtu.be\/qTThZd1vAqw\" target=\"_blank\">( verdemostraci\u00f3n<\/a> ).<\/p>\n\n<div class=\"wp-block-buttons is-layout-flex wp-block-buttons-is-layout-flex\">\n<div class=\"wp-block-button\"><a class=\"wp-block-button__link has-background wp-element-button\" href=\"https:\/\/play.google.com\/store\/apps\/details?id=com.icTrainerRemote\" style=\"background:linear-gradient(135deg,rgb(74,234,220) 0%,rgb(151,120,209) 0%,rgb(207,42,186) 40%,rgb(238,44,130) 60%,rgb(251,105,98) 80%,rgb(254,248,76) 100%)\" target=\"_blank\" rel=\"noreferrer noopener\">A Google Play Store<\/a><\/div>\n<\/div>\n\n<div style=\"height:15px\" aria-hidden=\"true\" class=\"wp-block-spacer\"><\/div>\n\n<div class=\"wp-block-buttons is-layout-flex wp-block-buttons-is-layout-flex\">\n<div class=\"wp-block-button\"><a class=\"wp-block-button__link has-background wp-element-button\" href=\"https:\/\/itunes.apple.com\/us\/app\/ictrainer\/id1569837209\" style=\"background:linear-gradient(135deg,rgb(74,234,220) 0%,rgb(151,120,209) 0%,rgb(207,42,186) 40%,rgb(238,44,130) 60%,rgb(251,105,98) 80%,rgb(254,248,76) 100%)\" target=\"_blank\" rel=\"noreferrer noopener\">A la App Store de Apple<\/a><\/div>\n<\/div>\n\n<div style=\"height:15px\" aria-hidden=\"true\" class=\"wp-block-spacer\"><\/div>\n\n<hr class=\"wp-block-separator has-css-opacity alignwide\"\/>\n\n<div style=\"height:15px\" aria-hidden=\"true\" class=\"wp-block-spacer\"><\/div>\n\n<p>Consejo profesional: Algunos de nuestros clientes tambi\u00e9n utilizan el <a href=\"https:\/\/ictrainer-de.b-cdn.net\/installer\/Android64\/icTrainerRemote.apk\" target=\"_blank\" rel=\"noreferrer noopener\">archivo APK icTrainer (64 bits)<\/a> para instalar el mando a distancia en su Hammerhead Karoo 3.<\/p>\n\n<figure class=\"wp-block-image size-full is-resized\"><img decoding=\"async\" width=\"480\" height=\"640\" src=\"https:\/\/ictrainer.de\/wp-content\/uploads\/2025\/02\/hammerhead.jpg\" alt=\"\" class=\"wp-image-3587\" style=\"width:200px\" srcset=\"https:\/\/ictrainer.de\/wp-content\/uploads\/2025\/02\/hammerhead.jpg 480w, https:\/\/ictrainer.de\/wp-content\/uploads\/2025\/02\/hammerhead-225x300.jpg 225w\" sizes=\"(max-width: 480px) 100vw, 480px\" \/><\/figure>\n\n<div style=\"height:50px\" aria-hidden=\"true\" class=\"wp-block-spacer\"><\/div>\n\n<p><\/p>\n","protected":false},"excerpt":{"rendered":"<p>Nuestro software funciona en diversos sistemas operativos. Una licencia es v\u00e1lida para el sistema operativo y el usuario respectivos y, por tanto, puede utilizarse en varios de tus dispositivos finales con el mismo sistema operativo sin ning\u00fan problema (la licencia se actualiza autom\u00e1ticamente cuando cambias de ordenador\/smartphone). Si quieres utilizar dispositivos finales con sistemas operativos [&hellip;]<\/p>\n","protected":false},"author":1,"featured_media":0,"parent":0,"menu_order":0,"comment_status":"closed","ping_status":"closed","template":"","meta":{"_uag_custom_page_level_css":"","site-sidebar-layout":"default","site-content-layout":"","ast-site-content-layout":"default","site-content-style":"default","site-sidebar-style":"default","ast-global-header-display":"","ast-banner-title-visibility":"","ast-main-header-display":"","ast-hfb-above-header-display":"","ast-hfb-below-header-display":"","ast-hfb-mobile-header-display":"","site-post-title":"","ast-breadcrumbs-content":"","ast-featured-img":"","footer-sml-layout":"","ast-disable-related-posts":"","theme-transparent-header-meta":"","adv-header-id-meta":"","stick-header-meta":"","header-above-stick-meta":"","header-main-stick-meta":"","header-below-stick-meta":"","astra-migrate-meta-layouts":"default","ast-page-background-enabled":"default","ast-page-background-meta":{"desktop":{"background-color":"var(--ast-global-color-4)","background-image":"","background-repeat":"repeat","background-position":"center center","background-size":"auto","background-attachment":"scroll","background-type":"","background-media":"","overlay-type":"","overlay-color":"","overlay-opacity":"","overlay-gradient":""},"tablet":{"background-color":"","background-image":"","background-repeat":"repeat","background-position":"center center","background-size":"auto","background-attachment":"scroll","background-type":"","background-media":"","overlay-type":"","overlay-color":"","overlay-opacity":"","overlay-gradient":""},"mobile":{"background-color":"","background-image":"","background-repeat":"repeat","background-position":"center center","background-size":"auto","background-attachment":"scroll","background-type":"","background-media":"","overlay-type":"","overlay-color":"","overlay-opacity":"","overlay-gradient":""}},"ast-content-background-meta":{"desktop":{"background-color":"var(--ast-global-color-5)","background-image":"","background-repeat":"repeat","background-position":"center center","background-size":"auto","background-attachment":"scroll","background-type":"","background-media":"","overlay-type":"","overlay-color":"","overlay-opacity":"","overlay-gradient":""},"tablet":{"background-color":"var(--ast-global-color-5)","background-image":"","background-repeat":"repeat","background-position":"center center","background-size":"auto","background-attachment":"scroll","background-type":"","background-media":"","overlay-type":"","overlay-color":"","overlay-opacity":"","overlay-gradient":""},"mobile":{"background-color":"var(--ast-global-color-5)","background-image":"","background-repeat":"repeat","background-position":"center center","background-size":"auto","background-attachment":"scroll","background-type":"","background-media":"","overlay-type":"","overlay-color":"","overlay-opacity":"","overlay-gradient":""}},"footnotes":""},"class_list":["post-4622","page","type-page","status-publish","hentry"],"yoast_head":"<!-- This site is optimized with the Yoast SEO Premium plugin v27.4 (Yoast SEO v27.4) - https:\/\/yoast.com\/product\/yoast-seo-premium-wordpress\/ -->\n<title>Just Train - No Game<\/title>\n<meta name=\"robots\" content=\"index, follow, max-snippet:-1, max-image-preview:large, max-video-preview:-1\" \/>\n<link rel=\"canonical\" href=\"https:\/\/ictrainer.de\/es\/descargar\/\" \/>\n<meta property=\"og:locale\" content=\"es_ES\" \/>\n<meta property=\"og:type\" content=\"article\" \/>\n<meta property=\"og:title\" content=\"descargar\" \/>\n<meta property=\"og:description\" content=\"Nuestro software funciona en diversos sistemas operativos. Una licencia es v\u00e1lida para el sistema operativo y el usuario respectivos y, por tanto, puede utilizarse en varios de tus dispositivos finales con el mismo sistema operativo sin ning\u00fan problema (la licencia se actualiza autom\u00e1ticamente cuando cambias de ordenador\/smartphone). Si quieres utilizar dispositivos finales con sistemas operativos [&hellip;]\" \/>\n<meta property=\"og:url\" content=\"https:\/\/ictrainer.de\/es\/descargar\/\" \/>\n<meta property=\"og:site_name\" content=\"icTrainer\" \/>\n<meta property=\"article:publisher\" content=\"https:\/\/www.facebook.com\/icTrainer-2225105191083880\" \/>\n<meta property=\"article:modified_time\" content=\"2025-12-21T11:01:18+00:00\" \/>\n<meta property=\"og:image\" content=\"https:\/\/ictrainer.de\/wp-content\/uploads\/2024\/01\/Software_Box_Mockup_1.jpg\" \/>\n\t<meta property=\"og:image:width\" content=\"1543\" \/>\n\t<meta property=\"og:image:height\" content=\"1080\" \/>\n\t<meta property=\"og:image:type\" content=\"image\/jpeg\" \/>\n<meta name=\"twitter:card\" content=\"summary_large_image\" \/>\n<meta name=\"twitter:label1\" content=\"Tiempo de lectura\" \/>\n\t<meta name=\"twitter:data1\" content=\"2 minutos\" \/>\n<script type=\"application\/ld+json\" class=\"yoast-schema-graph\">{\"@context\":\"https:\\\/\\\/schema.org\",\"@graph\":[{\"@type\":\"WebPage\",\"@id\":\"https:\\\/\\\/ictrainer.de\\\/es\\\/descargar\\\/\",\"url\":\"https:\\\/\\\/ictrainer.de\\\/es\\\/descargar\\\/\",\"name\":\"Just Train - No Game\",\"isPartOf\":{\"@id\":\"https:\\\/\\\/ictrainer.de\\\/es\\\/#website\"},\"primaryImageOfPage\":{\"@id\":\"https:\\\/\\\/ictrainer.de\\\/es\\\/descargar\\\/#primaryimage\"},\"image\":{\"@id\":\"https:\\\/\\\/ictrainer.de\\\/es\\\/descargar\\\/#primaryimage\"},\"thumbnailUrl\":\"https:\\\/\\\/ictrainer.de\\\/wp-content\\\/uploads\\\/2024\\\/01\\\/Software_Box_Mockup_1-1024x717.jpg\",\"datePublished\":\"2025-10-30T12:36:45+00:00\",\"dateModified\":\"2025-12-21T11:01:18+00:00\",\"breadcrumb\":{\"@id\":\"https:\\\/\\\/ictrainer.de\\\/es\\\/descargar\\\/#breadcrumb\"},\"inLanguage\":\"es\",\"potentialAction\":[{\"@type\":\"ReadAction\",\"target\":[\"https:\\\/\\\/ictrainer.de\\\/es\\\/descargar\\\/\"]}]},{\"@type\":\"ImageObject\",\"inLanguage\":\"es\",\"@id\":\"https:\\\/\\\/ictrainer.de\\\/es\\\/descargar\\\/#primaryimage\",\"url\":\"https:\\\/\\\/ictrainer.de\\\/wp-content\\\/uploads\\\/2024\\\/01\\\/Software_Box_Mockup_1-1024x717.jpg\",\"contentUrl\":\"https:\\\/\\\/ictrainer.de\\\/wp-content\\\/uploads\\\/2024\\\/01\\\/Software_Box_Mockup_1-1024x717.jpg\"},{\"@type\":\"BreadcrumbList\",\"@id\":\"https:\\\/\\\/ictrainer.de\\\/es\\\/descargar\\\/#breadcrumb\",\"itemListElement\":[{\"@type\":\"ListItem\",\"position\":1,\"name\":\"Startseite\",\"item\":\"https:\\\/\\\/ictrainer.de\\\/es\\\/\"},{\"@type\":\"ListItem\",\"position\":2,\"name\":\"descargar\"}]},{\"@type\":\"WebSite\",\"@id\":\"https:\\\/\\\/ictrainer.de\\\/es\\\/#website\",\"url\":\"https:\\\/\\\/ictrainer.de\\\/es\\\/\",\"name\":\"icTrainer\",\"description\":\"Just Train - No Game\",\"publisher\":{\"@id\":\"https:\\\/\\\/ictrainer.de\\\/es\\\/#organization\"},\"potentialAction\":[{\"@type\":\"SearchAction\",\"target\":{\"@type\":\"EntryPoint\",\"urlTemplate\":\"https:\\\/\\\/ictrainer.de\\\/es\\\/?s={search_term_string}\"},\"query-input\":{\"@type\":\"PropertyValueSpecification\",\"valueRequired\":true,\"valueName\":\"search_term_string\"}}],\"inLanguage\":\"es\"},{\"@type\":\"Organization\",\"@id\":\"https:\\\/\\\/ictrainer.de\\\/es\\\/#organization\",\"name\":\"icTrainer\",\"url\":\"https:\\\/\\\/ictrainer.de\\\/es\\\/\",\"logo\":{\"@type\":\"ImageObject\",\"inLanguage\":\"es\",\"@id\":\"https:\\\/\\\/ictrainer.de\\\/es\\\/#\\\/schema\\\/logo\\\/image\\\/\",\"url\":\"\",\"contentUrl\":\"\",\"caption\":\"icTrainer\"},\"image\":{\"@id\":\"https:\\\/\\\/ictrainer.de\\\/es\\\/#\\\/schema\\\/logo\\\/image\\\/\"},\"sameAs\":[\"https:\\\/\\\/www.facebook.com\\\/icTrainer-2225105191083880\",\"https:\\\/\\\/www.youtube.com\\\/channel\\\/UCA8JtIJrsuwIuYdXJupFuHQ\\\/videos\"]}]}<\/script>\n<!-- \/ Yoast SEO Premium plugin. -->","yoast_head_json":{"title":"Just Train - No Game","robots":{"index":"index","follow":"follow","max-snippet":"max-snippet:-1","max-image-preview":"max-image-preview:large","max-video-preview":"max-video-preview:-1"},"canonical":"https:\/\/ictrainer.de\/es\/descargar\/","og_locale":"es_ES","og_type":"article","og_title":"descargar","og_description":"Nuestro software funciona en diversos sistemas operativos. Una licencia es v\u00e1lida para el sistema operativo y el usuario respectivos y, por tanto, puede utilizarse en varios de tus dispositivos finales con el mismo sistema operativo sin ning\u00fan problema (la licencia se actualiza autom\u00e1ticamente cuando cambias de ordenador\/smartphone). Si quieres utilizar dispositivos finales con sistemas operativos [&hellip;]","og_url":"https:\/\/ictrainer.de\/es\/descargar\/","og_site_name":"icTrainer","article_publisher":"https:\/\/www.facebook.com\/icTrainer-2225105191083880","article_modified_time":"2025-12-21T11:01:18+00:00","og_image":[{"width":1543,"height":1080,"url":"https:\/\/ictrainer.de\/wp-content\/uploads\/2024\/01\/Software_Box_Mockup_1.jpg","type":"image\/jpeg"}],"twitter_card":"summary_large_image","twitter_misc":{"Tiempo de lectura":"2 minutos"},"schema":{"@context":"https:\/\/schema.org","@graph":[{"@type":"WebPage","@id":"https:\/\/ictrainer.de\/es\/descargar\/","url":"https:\/\/ictrainer.de\/es\/descargar\/","name":"Just Train - No Game","isPartOf":{"@id":"https:\/\/ictrainer.de\/es\/#website"},"primaryImageOfPage":{"@id":"https:\/\/ictrainer.de\/es\/descargar\/#primaryimage"},"image":{"@id":"https:\/\/ictrainer.de\/es\/descargar\/#primaryimage"},"thumbnailUrl":"https:\/\/ictrainer.de\/wp-content\/uploads\/2024\/01\/Software_Box_Mockup_1-1024x717.jpg","datePublished":"2025-10-30T12:36:45+00:00","dateModified":"2025-12-21T11:01:18+00:00","breadcrumb":{"@id":"https:\/\/ictrainer.de\/es\/descargar\/#breadcrumb"},"inLanguage":"es","potentialAction":[{"@type":"ReadAction","target":["https:\/\/ictrainer.de\/es\/descargar\/"]}]},{"@type":"ImageObject","inLanguage":"es","@id":"https:\/\/ictrainer.de\/es\/descargar\/#primaryimage","url":"https:\/\/ictrainer.de\/wp-content\/uploads\/2024\/01\/Software_Box_Mockup_1-1024x717.jpg","contentUrl":"https:\/\/ictrainer.de\/wp-content\/uploads\/2024\/01\/Software_Box_Mockup_1-1024x717.jpg"},{"@type":"BreadcrumbList","@id":"https:\/\/ictrainer.de\/es\/descargar\/#breadcrumb","itemListElement":[{"@type":"ListItem","position":1,"name":"Startseite","item":"https:\/\/ictrainer.de\/es\/"},{"@type":"ListItem","position":2,"name":"descargar"}]},{"@type":"WebSite","@id":"https:\/\/ictrainer.de\/es\/#website","url":"https:\/\/ictrainer.de\/es\/","name":"icTrainer","description":"Just Train - No Game","publisher":{"@id":"https:\/\/ictrainer.de\/es\/#organization"},"potentialAction":[{"@type":"SearchAction","target":{"@type":"EntryPoint","urlTemplate":"https:\/\/ictrainer.de\/es\/?s={search_term_string}"},"query-input":{"@type":"PropertyValueSpecification","valueRequired":true,"valueName":"search_term_string"}}],"inLanguage":"es"},{"@type":"Organization","@id":"https:\/\/ictrainer.de\/es\/#organization","name":"icTrainer","url":"https:\/\/ictrainer.de\/es\/","logo":{"@type":"ImageObject","inLanguage":"es","@id":"https:\/\/ictrainer.de\/es\/#\/schema\/logo\/image\/","url":"","contentUrl":"","caption":"icTrainer"},"image":{"@id":"https:\/\/ictrainer.de\/es\/#\/schema\/logo\/image\/"},"sameAs":["https:\/\/www.facebook.com\/icTrainer-2225105191083880","https:\/\/www.youtube.com\/channel\/UCA8JtIJrsuwIuYdXJupFuHQ\/videos"]}]}},"uagb_featured_image_src":{"full":false,"thumbnail":false,"medium":false,"medium_large":false,"large":false,"1536x1536":false,"2048x2048":false},"uagb_author_info":{"display_name":"Nicolas","author_link":"https:\/\/ictrainer.de\/es\/author\/admin\/"},"uagb_comment_info":0,"uagb_excerpt":"Nuestro software funciona en diversos sistemas operativos. Una licencia es v\u00e1lida para el sistema operativo y el usuario respectivos y, por tanto, puede utilizarse en varios de tus dispositivos finales con el mismo sistema operativo sin ning\u00fan problema (la licencia se actualiza autom\u00e1ticamente cuando cambias de ordenador\/smartphone). Si quieres utilizar dispositivos finales con sistemas operativos...","_links":{"self":[{"href":"https:\/\/ictrainer.de\/es\/wp-json\/wp\/v2\/pages\/4622","targetHints":{"allow":["GET"]}}],"collection":[{"href":"https:\/\/ictrainer.de\/es\/wp-json\/wp\/v2\/pages"}],"about":[{"href":"https:\/\/ictrainer.de\/es\/wp-json\/wp\/v2\/types\/page"}],"author":[{"embeddable":true,"href":"https:\/\/ictrainer.de\/es\/wp-json\/wp\/v2\/users\/1"}],"replies":[{"embeddable":true,"href":"https:\/\/ictrainer.de\/es\/wp-json\/wp\/v2\/comments?post=4622"}],"version-history":[{"count":10,"href":"https:\/\/ictrainer.de\/es\/wp-json\/wp\/v2\/pages\/4622\/revisions"}],"predecessor-version":[{"id":5315,"href":"https:\/\/ictrainer.de\/es\/wp-json\/wp\/v2\/pages\/4622\/revisions\/5315"}],"wp:attachment":[{"href":"https:\/\/ictrainer.de\/es\/wp-json\/wp\/v2\/media?parent=4622"}],"curies":[{"name":"wp","href":"https:\/\/api.w.org\/{rel}","templated":true}]}}