{"id":4573,"date":"2025-10-30T12:36:26","date_gmt":"2025-10-30T12:36:26","guid":{"rendered":"https:\/\/ictrainer.de\/politica-de-privacidad\/"},"modified":"2025-10-30T12:36:28","modified_gmt":"2025-10-30T12:36:28","slug":"politica-de-privacidad","status":"publish","type":"page","link":"https:\/\/ictrainer.de\/es\/politica-de-privacidad\/","title":{"rendered":"Pol\u00edtica de privacidad"},"content":{"rendered":"\n<h4 class=\"wp-block-heading\" id=\"h-grundlegendes\"><strong>Fundamentos<\/strong><\/h4>\n\n<p>Esta pol\u00edtica de privacidad pretende informar a los usuarios de este sitio web y del software\/app sobre el tipo, alcance y finalidad de la recogida y uso de datos personales por parte del operador del sitio web Indoor Training UG.<\/p>\n\n<p>El operador del sitio web\/aplicaci\u00f3n\/software se toma muy en serio tu protecci\u00f3n de datos y trata tus datos personales confidencialmente y de acuerdo con las disposiciones legales. Dado que las nuevas tecnolog\u00edas y el constante desarrollo de este sitio web pueden dar lugar a cambios en esta declaraci\u00f3n de protecci\u00f3n de datos, te recomendamos que vuelvas a leer la declaraci\u00f3n de protecci\u00f3n de datos a intervalos regulares. <\/p>\n\n<p>Las definiciones de los t\u00e9rminos utilizados (por ejemplo, \u00abdatos personales\u00bb o \u00abtratamiento\u00bb) se encuentran en el Art. 4 del GDPR.<\/p>\n\n<h4 class=\"wp-block-heading\" id=\"h-zugriffsdaten\"><br\/><strong>Datos de acceso<\/strong><\/h4>\n\n<p>Nosotros, el operador del sitio web\/aplicaci\u00f3n\/software o proveedor de la p\u00e1gina, recopilamos datos sobre el acceso al sitio web sobre la base de nuestro inter\u00e9s leg\u00edtimo (v\u00e9ase el Art. 6 p\u00e1rr. 1 lit. f. GDPR) y los almacenamos como \u00abarchivos de registro del servidor\u00bb en el servidor del sitio web. Utilizamos el formato est\u00e1ndar del sector \u00abApache Combined Log Format\u00bb. Los siguientes datos se registran de esta forma:  <\/p>\n\n<ul class=\"wp-block-list\">\n<li>Sitio web visitado<\/li>\n\n\n\n<li>L\u00ednea de solicitud<\/li>\n\n\n\n<li>C\u00f3digo de estado<\/li>\n\n\n\n<li>Hora en el momento del acceso<\/li>\n\n\n\n<li>Cantidad de datos enviados en bytes<\/li>\n\n\n\n<li>Fuente\/referencia desde la que llegaste a la p\u00e1gina<\/li>\n\n\n\n<li>Navegador utilizado<\/li>\n\n\n\n<li>Sistema operativo utilizado<\/li>\n\n\n\n<li>Direcci\u00f3n IP utilizada (anonimizada)<\/li>\n\n\n\n<li>Informaci\u00f3n de usuario remoto si has iniciado sesi\u00f3n en nuestro sitio web mediante autenticaci\u00f3n b\u00e1sica http<\/li>\n<\/ul>\n\n<p>Los datos se almacenan por motivos de seguridad, por ejemplo, para poder aclarar casos de uso indebido. Si los datos tienen que ser cancelados por razones de prueba, se excluye su eliminaci\u00f3n hasta que se haya aclarado definitivamente el incidente. <\/p>\n\n<h4 class=\"wp-block-heading\" id=\"h-cookie-banner\"><strong>Cookie Banner<\/strong><\/h4>\n\n<p>Utilizamos la herramienta de consentimiento \u00abReal Cookie Banner\u00bb para gestionar las cookies y tecnolog\u00edas similares utilizadas (p\u00edxeles de seguimiento, balizas web, etc.) y los consentimientos relacionados. Puedes encontrar informaci\u00f3n detallada sobre el funcionamiento de \u00abReal Cookie Banner\u00bb en <a href=\"https:\/\/devowl.io\/de\/rcb\/datenverarbeitung\/\" rel=\"noreferrer noopener\" target=\"_blank\">https:\/\/devowl.io\/de\/rcb\/datenverarbeitung\/.<\/a> <\/p>\n\n<p>La base jur\u00eddica para el tratamiento de datos personales en este contexto es el Art. 6 p\u00e1rr. 1 lit. c GDPR y el Art. 6 p\u00e1rr. 1 lit. f GDPR. Nuestro inter\u00e9s leg\u00edtimo es la gesti\u00f3n de las cookies y tecnolog\u00edas similares utilizadas y los consentimientos relacionados.     <\/p>\n\n<p>El suministro de datos personales no es contractualmente obligatorio ni necesario para la celebraci\u00f3n de un contrato. No est\u00e1s obligado a facilitar los datos personales. Si no facilitas los datos personales, no podremos gestionar tus consentimientos.  <\/p>\n\n<h4 class=\"wp-block-heading\" id=\"h-reichweitenmessung-amp-cookies\"><br\/><strong>Medici\u00f3n del alcance y cookies<\/strong><\/h4>\n\n<p>El sitio web \/ software \/ app utiliza cookies para la medici\u00f3n del alcance seudonimizado, que se transmiten al navegador del usuario desde nuestro servidor o desde el servidor de un tercero. Las cookies son peque\u00f1os archivos que se almacenan en tu dispositivo final. Tu navegador accede a estos archivos. El uso de cookies aumenta la facilidad de uso y la seguridad de este sitio web \/ software \/ app.   <\/p>\n\n<p>Si no quieres que se almacenen cookies en tu dispositivo para medir el alcance, puedes oponerte al uso de estos archivos aqu\u00ed:<\/p>\n\n<ul class=\"wp-block-list\">\n<li>P\u00e1gina de desactivaci\u00f3n de cookies de la iniciativa de publicidad en red: <a href=\"http:\/\/optout.networkadvertising.org\/?c=1#!\/\">http:\/\/optout.networkadvertising.org\/?c=1#!\/<\/a><\/li>\n\n\n\n<li>P\u00e1gina de desactivaci\u00f3n de cookies del sitio web de EE.UU.: <a href=\"http:\/\/optout.aboutads.info\/?c=2#!\/\">http:\/\/optout.aboutads.info\/?c=2#!\/<\/a><\/li>\n\n\n\n<li>P\u00e1gina de desactivaci\u00f3n de cookies del sitio web europeo: <a href=\"http:\/\/optout.networkadvertising.org\/?c=1#!\/\">http:\/\/optout.networkadvertising.org\/?c=1#!\/<\/a><\/li>\n<\/ul>\n\n<p>Los navegadores comunes ofrecen la opci\u00f3n de configuraci\u00f3n de no permitir cookies. Nota: No se garantiza que puedas acceder a todas las funciones de este sitio web sin restricciones si realizas los ajustes adecuados. <\/p>\n\n<h4 class=\"wp-block-heading\" id=\"h-erfassung-und-verarbeitung-personenbezogener-daten\"><br\/><strong>Recogida y tratamiento de datos personales<\/strong><\/h4>\n\n<p>El operador del sitio web\/aplicaci\u00f3n\/software s\u00f3lo recopila, utiliza y transmite tus datos personales si lo permite la ley o si das tu consentimiento a la recopilaci\u00f3n de datos.<\/p>\n\n<p>Los datos personales son toda la informaci\u00f3n que se puede utilizar para identificarte personalmente y que se puede rastrear hasta ti; por ejemplo, tu nombre, direcci\u00f3n de correo electr\u00f3nico y n\u00famero de tel\u00e9fono.<\/p>\n\n<p>Tambi\u00e9n puedes visitar este sitio web sin proporcionar ning\u00fan dato personal. Sin embargo, para mejorar nuestros servicios en l\u00ednea, almacenamos tus datos de acceso a este sitio web (sin referencia personal). Estos datos de acceso incluyen, por ejemplo, el archivo que has solicitado o el nombre de tu proveedor de Internet. Al anonimizar los datos, no es posible sacar conclusiones sobre tu persona.   <\/p>\n\n<ul class=\"wp-block-list\">\n<li><em>Tratamos datos personales como nombre, apellidos, direcci\u00f3n IP, direcci\u00f3n de correo electr\u00f3nico, lugar de residencia, c\u00f3digo postal y detalles de contenido del formulario de contacto.<\/em><\/li>\n\n\n\n<li><em>S\u00f3lo procesamos datos personales con el permiso expreso de los usuarios afectados y de conformidad con la normativa aplicable sobre protecci\u00f3n de datos.<\/em><\/li>\n\n\n\n<li><em>  Los datos personales se procesan sobre la base de nuestro inter\u00e9s leg\u00edtimo en el cumplimiento de nuestros servicios acordados contractualmente y en la optimizaci\u00f3n de nuestra oferta en l\u00ednea.<\/em><\/li>\n<\/ul>\n\n<h4 class=\"wp-block-heading\" id=\"h-umgang-mit-kontaktdaten\"><br\/><strong>Tratamiento de los datos de contacto<\/strong><\/h4>\n\n<p>Si te pones en contacto con nosotros como operador del sitio web\/aplicaci\u00f3n\/software a trav\u00e9s de las opciones de contacto ofrecidas, tus datos se almacenar\u00e1n para que puedan ser utilizados para procesar y responder a tu consulta. Estos datos no se transmitir\u00e1n a terceros sin tu consentimiento. <\/p>\n\n<h4 class=\"wp-block-heading\" id=\"h-umgang-mit-kommentaren-und-beitragen\"><br\/><strong>Tratamiento de comentarios y aportaciones<\/strong><\/h4>\n\n<p>Si dejas una entrada o un comentario en este sitio web, se guardar\u00e1 tu direcci\u00f3n IP. Esto se hace sobre la base de nuestros intereses leg\u00edtimos en el sentido del Art. 6 p\u00e1rr. 1 lit. f. GDPR. GDPR y sirve a nuestra seguridad como operador del sitio web: porque si tu comentario infringe la legislaci\u00f3n aplicable, podemos ser procesados por ello, raz\u00f3n por la cual tenemos inter\u00e9s en conocer la identidad del autor del comentario o aportaci\u00f3n.   <\/p>\n\n<h4 class=\"wp-block-heading\" id=\"h-google-analytics\"><br\/><strong>Google Analytics<\/strong><\/h4>\n\n<p>Debido a nuestros intereses leg\u00edtimos en optimizar y analizar nuestra oferta online en el sentido del Art. 6 p\u00e1rr. 1 lit. f. GDPR, este sitio web utiliza el servicio \u00abGoogle Analytics\u00bb ofrecido por Google Inc. GDPR el servicio \u00abGoogle Analytics\u00bb, que ofrece Google Inc. (1600 Amphitheatre Parkway Mountain View, CA 94043, EE.UU.). El servicio (Google Analytics) utiliza \u00abcookies\u00bb, archivos de texto que se almacenan en tu dispositivo final. La informaci\u00f3n recogida por las cookies se env\u00eda normalmente a un servidor de Google en EE.UU. y se almacena all\u00ed.     <\/p>\n\n<p>Google LLC cumple la legislaci\u00f3n europea sobre protecci\u00f3n de datos y est\u00e1 certificada por el Acuerdo del Escudo de la Privacidad: <a href=\"https:\/\/www.privacyshield.gov\/participant?id=a2zt000000001L5AAI&amp;status=Active\">https:\/\/www.privacyshield.gov\/participant?id=a2zt000000001L5AAI&amp;status=Active<\/a><\/p>\n\n<p>En este sitio web se utiliza la anonimizaci\u00f3n de IP. La direcci\u00f3n IP de los usuarios se trunca dentro de los Estados miembros de la UE y del Espacio Econ\u00f3mico Europeo y en otros Estados signatarios del Acuerdo. S\u00f3lo en casos individuales se transmite inicialmente la direcci\u00f3n IP completa a un servidor de Google en EE.UU. y se trunca all\u00ed. Este truncamiento elimina la referencia personal de tu direcci\u00f3n IP. La direcci\u00f3n IP del usuario transmitida por el navegador no se combina con otros datos almacenados por Google.    <\/p>\n\n<p>Como parte del acuerdo de datos contractuales que nosotros, como operador del sitio web\/aplicaci\u00f3n\/software, hemos concluido con Google Inc., Google Inc. utiliza la informaci\u00f3n recopilada para analizar el uso del sitio web y la actividad del sitio web y presta servicios relacionados con el uso de Internet. <\/p>\n\n<p>Los datos recopilados por Google en nuestro nombre se utilizan para analizar el uso de nuestra oferta en l\u00ednea por parte de usuarios individuales, por ejemplo, para crear informes sobre la actividad en el sitio web\/software\/aplicaci\u00f3n con el fin de mejorar nuestra oferta en l\u00ednea.<\/p>\n\n<p>Tienes la opci\u00f3n de impedir el almacenamiento de cookies en tu dispositivo realizando los ajustes adecuados en tu navegador. No se garantiza que puedas acceder a todas las funciones de este sitio web sin restricciones si tu navegador no permite las cookies. <\/p>\n\n<p>Tambi\u00e9n puedes utilizar un complemento del navegador para evitar que la informaci\u00f3n recopilada por las cookies (incluida tu direcci\u00f3n IP) se env\u00ede a Google Inc. y sea utilizada por Google Inc. El siguiente enlace te llevar\u00e1 al plugin correspondiente: <a href=\"https:\/\/tools.google.com\/dlpage\/gaoptout?hl=de\">https:\/\/tools.google.com\/dlpage\/gaoptout?hl=de<\/a>   <\/p>\n\n<p>Tambi\u00e9n hemos activado Google Signals en Google Analytics. Esto nos permite recibir datos resumidos y an\u00f3nimos, siempre que hayas permitido los anuncios personalizados en tu cuenta de Google. <\/p>\n\n<p>Aqu\u00ed encontrar\u00e1s m\u00e1s informaci\u00f3n sobre el uso de datos por parte de Google Inc:<\/p>\n\n<ul class=\"wp-block-list\">\n<li><a href=\"https:\/\/policies.google.com\/privacy\/partners?hl=de\">https:\/\/policies.google.com\/privacy\/partners?hl=de<\/a> (datos recogidos por socios de Google)<\/li>\n\n\n\n<li><a href=\"https:\/\/adssettings.google.de\/authenticated\">https:\/\/adssettings.google.de\/authenticated<\/a> (configuraci\u00f3n de los anuncios que se te muestran)<\/li>\n\n\n\n<li><a href=\"https:\/\/policies.google.com\/technologies\/ads?hl=de\">https:\/\/policies.google.com\/technologies\/ads?hl=de<\/a> (uso de cookies en anuncios)<\/li>\n<\/ul>\n\n<h4 class=\"wp-block-heading\" id=\"h-rechte-des-nutzers\"><br\/><strong>Derechos del usuario<\/strong><\/h4>\n\n<p>Como usuario, tienes derecho a solicitar informaci\u00f3n gratuita sobre qu\u00e9 datos personales se han almacenado sobre ti. Tambi\u00e9n tienes derecho a que se corrijan los datos incorrectos y a que se restrinja o elimine el tratamiento de tus datos personales. Si procede, tambi\u00e9n puedes hacer valer tu derecho a la portabilidad de los datos. Si crees que tus datos han sido tratados ilegalmente, puedes presentar una reclamaci\u00f3n ante la autoridad de control competente.   <\/p>\n\n<h4 class=\"wp-block-heading\" id=\"h-loschung-von-daten\"><br\/><strong>Eliminaci\u00f3n de datos<\/strong><\/h4>\n\n<p>A menos que tu solicitud entre en conflicto con una obligaci\u00f3n legal de conservar datos (por ejemplo, la retenci\u00f3n de datos), tienes derecho a que se eliminen tus datos. Los datos almacenados por nosotros se eliminar\u00e1n si ya no son necesarios para los fines previstos y no existen periodos de conservaci\u00f3n legales. Si no puede llevarse a cabo la supresi\u00f3n porque los datos son necesarios para fines legales autorizados, se restringir\u00e1 el tratamiento de los datos. En este caso, los datos se bloquear\u00e1n y no se procesar\u00e1n para otros fines.   <\/p>\n\n<h4 class=\"wp-block-heading\" id=\"h-widerspruchsrecht-nbsp\"><br\/><strong>Derecho de oposici\u00f3n  <\/strong><\/h4>\n\n<p>Los usuarios de este sitio web pueden ejercer su derecho de oposici\u00f3n y oponerse al tratamiento de sus datos personales en cualquier momento.<\/p>\n\n<p>Si deseas una correcci\u00f3n, bloqueo, eliminaci\u00f3n o informaci\u00f3n sobre los datos personales almacenados sobre ti, o si tienes preguntas sobre la recopilaci\u00f3n, procesamiento o uso de tus datos personales o deseas revocar tu consentimiento, ponte en contacto con la siguiente direcci\u00f3n de correo electr\u00f3nico: <a href=\"mailto:objection@ictrainer.com\">objection@ictrainer.com.<\/a><\/p>\n","protected":false},"excerpt":{"rendered":"<p>Fundamentos Esta pol\u00edtica de privacidad pretende informar a los usuarios de este sitio web y del software\/app sobre el tipo, alcance y finalidad de la recogida y uso de datos personales por parte del operador del sitio web Indoor Training UG. El operador del sitio web\/aplicaci\u00f3n\/software se toma muy en serio tu protecci\u00f3n de datos [&hellip;]<\/p>\n","protected":false},"author":1,"featured_media":0,"parent":0,"menu_order":0,"comment_status":"closed","ping_status":"closed","template":"","meta":{"_uag_custom_page_level_css":"","site-sidebar-layout":"default","site-content-layout":"","ast-site-content-layout":"default","site-content-style":"default","site-sidebar-style":"default","ast-global-header-display":"","ast-banner-title-visibility":"","ast-main-header-display":"","ast-hfb-above-header-display":"","ast-hfb-below-header-display":"","ast-hfb-mobile-header-display":"","site-post-title":"","ast-breadcrumbs-content":"","ast-featured-img":"","footer-sml-layout":"","ast-disable-related-posts":"","theme-transparent-header-meta":"","adv-header-id-meta":"","stick-header-meta":"","header-above-stick-meta":"","header-main-stick-meta":"","header-below-stick-meta":"","astra-migrate-meta-layouts":"default","ast-page-background-enabled":"default","ast-page-background-meta":{"desktop":{"background-color":"var(--ast-global-color-4)","background-image":"","background-repeat":"repeat","background-position":"center center","background-size":"auto","background-attachment":"scroll","background-type":"","background-media":"","overlay-type":"","overlay-color":"","overlay-opacity":"","overlay-gradient":""},"tablet":{"background-color":"","background-image":"","background-repeat":"repeat","background-position":"center center","background-size":"auto","background-attachment":"scroll","background-type":"","background-media":"","overlay-type":"","overlay-color":"","overlay-opacity":"","overlay-gradient":""},"mobile":{"background-color":"","background-image":"","background-repeat":"repeat","background-position":"center center","background-size":"auto","background-attachment":"scroll","background-type":"","background-media":"","overlay-type":"","overlay-color":"","overlay-opacity":"","overlay-gradient":""}},"ast-content-background-meta":{"desktop":{"background-color":"var(--ast-global-color-5)","background-image":"","background-repeat":"repeat","background-position":"center center","background-size":"auto","background-attachment":"scroll","background-type":"","background-media":"","overlay-type":"","overlay-color":"","overlay-opacity":"","overlay-gradient":""},"tablet":{"background-color":"var(--ast-global-color-5)","background-image":"","background-repeat":"repeat","background-position":"center center","background-size":"auto","background-attachment":"scroll","background-type":"","background-media":"","overlay-type":"","overlay-color":"","overlay-opacity":"","overlay-gradient":""},"mobile":{"background-color":"var(--ast-global-color-5)","background-image":"","background-repeat":"repeat","background-position":"center center","background-size":"auto","background-attachment":"scroll","background-type":"","background-media":"","overlay-type":"","overlay-color":"","overlay-opacity":"","overlay-gradient":""}},"footnotes":""},"class_list":["post-4573","page","type-page","status-publish","hentry"],"yoast_head":"<!-- This site is optimized with the Yoast SEO Premium plugin v27.3 (Yoast SEO v27.3) - https:\/\/yoast.com\/product\/yoast-seo-premium-wordpress\/ -->\n<title>Just Train - No Game<\/title>\n<meta name=\"robots\" content=\"index, follow, max-snippet:-1, max-image-preview:large, max-video-preview:-1\" \/>\n<link rel=\"canonical\" href=\"https:\/\/ictrainer.de\/es\/politica-de-privacidad\/\" \/>\n<meta property=\"og:locale\" content=\"es_ES\" \/>\n<meta property=\"og:type\" content=\"article\" \/>\n<meta property=\"og:title\" content=\"Pol\u00edtica de privacidad\" \/>\n<meta property=\"og:description\" content=\"Fundamentos Esta pol\u00edtica de privacidad pretende informar a los usuarios de este sitio web y del software\/app sobre el tipo, alcance y finalidad de la recogida y uso de datos personales por parte del operador del sitio web Indoor Training UG. El operador del sitio web\/aplicaci\u00f3n\/software se toma muy en serio tu protecci\u00f3n de datos [&hellip;]\" \/>\n<meta property=\"og:url\" content=\"https:\/\/ictrainer.de\/es\/politica-de-privacidad\/\" \/>\n<meta property=\"og:site_name\" content=\"icTrainer\" \/>\n<meta property=\"article:publisher\" content=\"https:\/\/www.facebook.com\/icTrainer-2225105191083880\" \/>\n<meta property=\"article:modified_time\" content=\"2025-10-30T12:36:28+00:00\" \/>\n<meta property=\"og:image\" content=\"https:\/\/ictrainer.de\/wp-content\/uploads\/2022\/01\/iStock-1220886096.jpg\" \/>\n\t<meta property=\"og:image:width\" content=\"1254\" \/>\n\t<meta property=\"og:image:height\" content=\"836\" \/>\n\t<meta property=\"og:image:type\" content=\"image\/jpeg\" \/>\n<meta name=\"twitter:card\" content=\"summary_large_image\" \/>\n<meta name=\"twitter:label1\" content=\"Tiempo de lectura\" \/>\n\t<meta name=\"twitter:data1\" content=\"9 minutos\" \/>\n<script type=\"application\/ld+json\" class=\"yoast-schema-graph\">{\"@context\":\"https:\\\/\\\/schema.org\",\"@graph\":[{\"@type\":\"WebPage\",\"@id\":\"https:\\\/\\\/ictrainer.de\\\/es\\\/politica-de-privacidad\\\/\",\"url\":\"https:\\\/\\\/ictrainer.de\\\/es\\\/politica-de-privacidad\\\/\",\"name\":\"Just Train - No Game\",\"isPartOf\":{\"@id\":\"https:\\\/\\\/ictrainer.de\\\/es\\\/#website\"},\"datePublished\":\"2025-10-30T12:36:26+00:00\",\"dateModified\":\"2025-10-30T12:36:28+00:00\",\"breadcrumb\":{\"@id\":\"https:\\\/\\\/ictrainer.de\\\/es\\\/politica-de-privacidad\\\/#breadcrumb\"},\"inLanguage\":\"es\",\"potentialAction\":[{\"@type\":\"ReadAction\",\"target\":[\"https:\\\/\\\/ictrainer.de\\\/es\\\/politica-de-privacidad\\\/\"]}]},{\"@type\":\"BreadcrumbList\",\"@id\":\"https:\\\/\\\/ictrainer.de\\\/es\\\/politica-de-privacidad\\\/#breadcrumb\",\"itemListElement\":[{\"@type\":\"ListItem\",\"position\":1,\"name\":\"Startseite\",\"item\":\"https:\\\/\\\/ictrainer.de\\\/es\\\/\"},{\"@type\":\"ListItem\",\"position\":2,\"name\":\"Pol\u00edtica de privacidad\"}]},{\"@type\":\"WebSite\",\"@id\":\"https:\\\/\\\/ictrainer.de\\\/es\\\/#website\",\"url\":\"https:\\\/\\\/ictrainer.de\\\/es\\\/\",\"name\":\"icTrainer\",\"description\":\"Just Train - No Game\",\"publisher\":{\"@id\":\"https:\\\/\\\/ictrainer.de\\\/es\\\/#organization\"},\"potentialAction\":[{\"@type\":\"SearchAction\",\"target\":{\"@type\":\"EntryPoint\",\"urlTemplate\":\"https:\\\/\\\/ictrainer.de\\\/es\\\/?s={search_term_string}\"},\"query-input\":{\"@type\":\"PropertyValueSpecification\",\"valueRequired\":true,\"valueName\":\"search_term_string\"}}],\"inLanguage\":\"es\"},{\"@type\":\"Organization\",\"@id\":\"https:\\\/\\\/ictrainer.de\\\/es\\\/#organization\",\"name\":\"icTrainer\",\"url\":\"https:\\\/\\\/ictrainer.de\\\/es\\\/\",\"logo\":{\"@type\":\"ImageObject\",\"inLanguage\":\"es\",\"@id\":\"https:\\\/\\\/ictrainer.de\\\/es\\\/#\\\/schema\\\/logo\\\/image\\\/\",\"url\":\"\",\"contentUrl\":\"\",\"caption\":\"icTrainer\"},\"image\":{\"@id\":\"https:\\\/\\\/ictrainer.de\\\/es\\\/#\\\/schema\\\/logo\\\/image\\\/\"},\"sameAs\":[\"https:\\\/\\\/www.facebook.com\\\/icTrainer-2225105191083880\",\"https:\\\/\\\/www.youtube.com\\\/channel\\\/UCA8JtIJrsuwIuYdXJupFuHQ\\\/videos\"]}]}<\/script>\n<!-- \/ Yoast SEO Premium plugin. -->","yoast_head_json":{"title":"Just Train - No Game","robots":{"index":"index","follow":"follow","max-snippet":"max-snippet:-1","max-image-preview":"max-image-preview:large","max-video-preview":"max-video-preview:-1"},"canonical":"https:\/\/ictrainer.de\/es\/politica-de-privacidad\/","og_locale":"es_ES","og_type":"article","og_title":"Pol\u00edtica de privacidad","og_description":"Fundamentos Esta pol\u00edtica de privacidad pretende informar a los usuarios de este sitio web y del software\/app sobre el tipo, alcance y finalidad de la recogida y uso de datos personales por parte del operador del sitio web Indoor Training UG. El operador del sitio web\/aplicaci\u00f3n\/software se toma muy en serio tu protecci\u00f3n de datos [&hellip;]","og_url":"https:\/\/ictrainer.de\/es\/politica-de-privacidad\/","og_site_name":"icTrainer","article_publisher":"https:\/\/www.facebook.com\/icTrainer-2225105191083880","article_modified_time":"2025-10-30T12:36:28+00:00","og_image":[{"width":1254,"height":836,"url":"https:\/\/ictrainer.de\/wp-content\/uploads\/2022\/01\/iStock-1220886096.jpg","type":"image\/jpeg"}],"twitter_card":"summary_large_image","twitter_misc":{"Tiempo de lectura":"9 minutos"},"schema":{"@context":"https:\/\/schema.org","@graph":[{"@type":"WebPage","@id":"https:\/\/ictrainer.de\/es\/politica-de-privacidad\/","url":"https:\/\/ictrainer.de\/es\/politica-de-privacidad\/","name":"Just Train - No Game","isPartOf":{"@id":"https:\/\/ictrainer.de\/es\/#website"},"datePublished":"2025-10-30T12:36:26+00:00","dateModified":"2025-10-30T12:36:28+00:00","breadcrumb":{"@id":"https:\/\/ictrainer.de\/es\/politica-de-privacidad\/#breadcrumb"},"inLanguage":"es","potentialAction":[{"@type":"ReadAction","target":["https:\/\/ictrainer.de\/es\/politica-de-privacidad\/"]}]},{"@type":"BreadcrumbList","@id":"https:\/\/ictrainer.de\/es\/politica-de-privacidad\/#breadcrumb","itemListElement":[{"@type":"ListItem","position":1,"name":"Startseite","item":"https:\/\/ictrainer.de\/es\/"},{"@type":"ListItem","position":2,"name":"Pol\u00edtica de privacidad"}]},{"@type":"WebSite","@id":"https:\/\/ictrainer.de\/es\/#website","url":"https:\/\/ictrainer.de\/es\/","name":"icTrainer","description":"Just Train - No Game","publisher":{"@id":"https:\/\/ictrainer.de\/es\/#organization"},"potentialAction":[{"@type":"SearchAction","target":{"@type":"EntryPoint","urlTemplate":"https:\/\/ictrainer.de\/es\/?s={search_term_string}"},"query-input":{"@type":"PropertyValueSpecification","valueRequired":true,"valueName":"search_term_string"}}],"inLanguage":"es"},{"@type":"Organization","@id":"https:\/\/ictrainer.de\/es\/#organization","name":"icTrainer","url":"https:\/\/ictrainer.de\/es\/","logo":{"@type":"ImageObject","inLanguage":"es","@id":"https:\/\/ictrainer.de\/es\/#\/schema\/logo\/image\/","url":"","contentUrl":"","caption":"icTrainer"},"image":{"@id":"https:\/\/ictrainer.de\/es\/#\/schema\/logo\/image\/"},"sameAs":["https:\/\/www.facebook.com\/icTrainer-2225105191083880","https:\/\/www.youtube.com\/channel\/UCA8JtIJrsuwIuYdXJupFuHQ\/videos"]}]}},"uagb_featured_image_src":{"full":false,"thumbnail":false,"medium":false,"medium_large":false,"large":false,"1536x1536":false,"2048x2048":false},"uagb_author_info":{"display_name":"Nicolas","author_link":"https:\/\/ictrainer.de\/es\/author\/admin\/"},"uagb_comment_info":0,"uagb_excerpt":"Fundamentos Esta pol\u00edtica de privacidad pretende informar a los usuarios de este sitio web y del software\/app sobre el tipo, alcance y finalidad de la recogida y uso de datos personales por parte del operador del sitio web Indoor Training UG. El operador del sitio web\/aplicaci\u00f3n\/software se toma muy en serio tu protecci\u00f3n de datos...","_links":{"self":[{"href":"https:\/\/ictrainer.de\/es\/wp-json\/wp\/v2\/pages\/4573","targetHints":{"allow":["GET"]}}],"collection":[{"href":"https:\/\/ictrainer.de\/es\/wp-json\/wp\/v2\/pages"}],"about":[{"href":"https:\/\/ictrainer.de\/es\/wp-json\/wp\/v2\/types\/page"}],"author":[{"embeddable":true,"href":"https:\/\/ictrainer.de\/es\/wp-json\/wp\/v2\/users\/1"}],"replies":[{"embeddable":true,"href":"https:\/\/ictrainer.de\/es\/wp-json\/wp\/v2\/comments?post=4573"}],"version-history":[{"count":1,"href":"https:\/\/ictrainer.de\/es\/wp-json\/wp\/v2\/pages\/4573\/revisions"}],"predecessor-version":[{"id":4574,"href":"https:\/\/ictrainer.de\/es\/wp-json\/wp\/v2\/pages\/4573\/revisions\/4574"}],"wp:attachment":[{"href":"https:\/\/ictrainer.de\/es\/wp-json\/wp\/v2\/media?parent=4573"}],"curies":[{"name":"wp","href":"https:\/\/api.w.org\/{rel}","templated":true}]}}