{"id":4571,"date":"2025-10-30T12:36:23","date_gmt":"2025-10-30T12:36:23","guid":{"rendered":"https:\/\/ictrainer.de\/gtc\/"},"modified":"2025-10-30T12:36:28","modified_gmt":"2025-10-30T12:36:28","slug":"gtc","status":"publish","type":"page","link":"https:\/\/ictrainer.de\/es\/gtc\/","title":{"rendered":"GTC"},"content":{"rendered":"\n<p><strong>\u00a71 Validez frente a empresarios y definiciones de t\u00e9rminos<\/strong><\/p>\n\n<p>(1) Las siguientes Condiciones Generales de Contrataci\u00f3n se aplican a todas las entregas entre nosotros y un consumidor en la versi\u00f3n v\u00e1lida en el momento del pedido.<\/p>\n\n<p>Un consumidor es toda persona f\u00edsica que celebra un negocio jur\u00eddico con fines predominantemente ajenos a su actividad comercial, empresarial o profesional (Art\u00edculo 13 del BGB).<\/p>\n\n<p><strong>\u00a72 Conclusi\u00f3n de un contrato, almacenamiento del texto del contrato<\/strong><\/p>\n\n<p>(1) Las siguientes disposiciones sobre la celebraci\u00f3n de contratos se aplican a los pedidos realizados a trav\u00e9s de la aplicaci\u00f3n icTrainer.<\/p>\n\n<p>(2) Si se celebra el contrato, el contrato se celebra con<\/p>\n\n<p>Indoor Training UG<br\/>Luhnenstr.12<br\/>D-30559 Hannover<\/p>\n\n<p>materializado.<\/p>\n\n<p>(3) La presentaci\u00f3n de descargas y claves de licencia en nuestra aplicaci\u00f3n icTrainer no constituye una oferta contractual legalmente vinculante por nuestra parte, sino que es simplemente una invitaci\u00f3n no vinculante al consumidor para que solicite descargas o la clave de licencia. Al pedir la descarga\/clave de licencia deseada, el consumidor hace una oferta vinculante para concluir un contrato de compra. <\/p>\n\n<p>(4) Al recibir un pedido en nuestra aplicaci\u00f3n icTrainer, se aplican las siguientes normas: El consumidor presenta una oferta contractual vinculante completando con \u00e9xito el procedimiento de pedido proporcionado en nuestra tienda online.<\/p>\n\n<p>El pedido se realiza en los siguientes pasos:<\/p>\n\n<p>1) Selecciona la clave de descarga\/licencia deseada haciendo clic en el bot\u00f3n con el precio mostrado<\/p>\n\n<p>2) Confirma el pago en los di\u00e1logos de PayPal\/AppStore<\/p>\n\n<p>El consumidor puede cancelar el proceso de pago y, por tanto, el pedido en los di\u00e1logos de PayPal\/AppStore en cualquier momento o cerrar la ventana de di\u00e1logo de PayPal\/AppStore para corregir errores de introducci\u00f3n o cancelar el proceso de pedido. Confirmaremos la recepci\u00f3n del pedido inmediatamente con un mensaje en la aplicaci\u00f3n, donde se activar\u00e1 la descarga o la clave de licencia. <\/p>\n\n<p>(5) Almacenamiento del texto del contrato para pedidos a trav\u00e9s de nuestra app icTrainer: Tambi\u00e9n puedes consultar las CGC en cualquier momento en<br\/>https:\/\/www.ictrainer.de\/pdf\/icTrainer_Geschaeftsbedingungen_DE.pdf<br\/>. Por motivos de seguridad, los detalles de tu pedido ya no son accesibles a trav\u00e9s de Internet. Sin embargo, puedes ver los detalles de tu pedido en tu cuenta PayPal\/AppStore (si est\u00e1 disponible).  <\/p>\n\n<p><strong>\u00a73 Precios, gastos de env\u00edo, pago, fecha de vencimiento<\/strong><\/p>\n\n<p>(1) Los precios indicados incluyen el IVA legal y otros componentes del precio. No incluyen gastos de env\u00edo. <\/p>\n\n<p>(2) El consumidor tiene la opci\u00f3n de pagar mediante domiciliaci\u00f3n bancaria, PayPal, tarjeta de cr\u00e9dito (Visa, Mastercard, American Express).<\/p>\n\n<p>(3) La aplicaci\u00f3n icTrainer es de uso gratuito, pero s\u00f3lo admite sesiones de entrenamiento de hasta 30 minutos. Si quieres realizar sesiones de entrenamiento m\u00e1s largas, tienes que pagar una cuota anual para activar esta funci\u00f3n. <\/p>\n\n<p>(4) La cuota anual para nuevos miembros es de s\u00f3lo 23,49 euros a partir de septiembre de 2022.<\/p>\n\n<p>(5) Puedes renovar la licencia en cualquier momento hasta que queden 365 d\u00edas y los d\u00edas restantes de la cuota anual anterior se deducir\u00e1n del precio. Por tanto, la aplicaci\u00f3n siempre muestra el precio actual de renovaci\u00f3n de la licencia para los pr\u00f3ximos 365 d\u00edas. <\/p>\n\n<p><strong>\u00a74 Entrega<\/strong><\/p>\n\n<p>(1) A menos que hayamos indicado claramente lo contrario en la descripci\u00f3n del producto, todos los art\u00edculos que ofrecemos se activan\/descargan inmediatamente en la aplicaci\u00f3n icTrainer.<\/p>\n\n<p>(2) El riesgo de p\u00e9rdida accidental y deterioro accidental de la cosa vendida no se transmitir\u00e1 al comprador hasta la entrega de la cosa al comprador, incluso en caso de venta por env\u00edo.<\/p>\n\n<p><strong>\u00a75 Conservaci\u00f3n del t\u00edtulo<\/strong><\/p>\n\n<p>Nos reservamos la propiedad de la mercanc\u00eda hasta el pago \u00edntegro del precio de compra.<\/p>\n\n<p><strong>\u00a76 Derecho de cancelaci\u00f3n del cliente como consumidor:<\/strong><\/p>\n\n<p>Derecho de cancelaci\u00f3n para los consumidores<\/p>\n\n<p>Los consumidores tienen derecho de cancelaci\u00f3n de acuerdo con las siguientes disposiciones, seg\u00fan las cuales un consumidor es toda persona f\u00edsica que celebra un negocio jur\u00eddico con fines que no pueden atribuirse predominantemente ni a su actividad comercial ni a su actividad profesional independiente:<\/p>\n\n<p>Tienes derecho a rescindir este contrato en un plazo de catorce d\u00edas sin indicar motivo alguno.<\/p>\n\n<p>El periodo de cancelaci\u00f3n es de catorce d\u00edas a partir del d\u00eda en que se activ\u00f3 la clave de descarga\/licencia en la aplicaci\u00f3n icTrainer, lo que ocurre directamente tras el pago correcto.<\/p>\n\n<p>Para ejercer tu derecho de cancelaci\u00f3n, debes enviarnos<\/p>\n\n<p>Indoor Training UG<br\/>Luhnenstr.12<br\/>D-30559 Hannover <br\/>E-Mail: objection@ictrainer.com<\/p>\n\n<p>mediante una declaraci\u00f3n clara (por ejemplo, una carta enviada por correo postal, fax o correo electr\u00f3nico) de tu decisi\u00f3n de cancelar este contrato. Puedes utilizar el modelo de formulario de cancelaci\u00f3n adjunto, pero no es obligatorio. <\/p>\n\n<p>Consecuencias de la cancelaci\u00f3n<\/p>\n\n<p>Si cancelas este contrato, debemos reembolsarte todos los pagos que hayamos recibido de ti inmediatamente y, a m\u00e1s tardar, en un plazo de catorce d\u00edas a partir del d\u00eda en que recibamos la notificaci\u00f3n de tu cancelaci\u00f3n de este contrato. Para este reembolso, utilizaremos el mismo medio de pago que utilizaste para la transacci\u00f3n original, a menos que se haya acordado expresamente otra cosa contigo; si el pago se realiz\u00f3 a trav\u00e9s de una tienda de aplicaciones externa, nos reservamos el derecho a deducir las tarifas externas del reembolso.   <\/p>\n\n<p>Podemos denegar el reembolso si no has confirmado la desactivaci\u00f3n de la clave de licencia\/descarga.<\/p>\n\n<p>Fin de la pol\u00edtica de cancelaci\u00f3n<\/p>\n\n<p><strong>\u00a77 Formulario de cancelaci\u00f3n<\/strong><\/p>\n\n<p>Modelo de formulario de cancelaci\u00f3n<\/p>\n\n<p>(Si deseas cancelar el contrato, rellena y devuelve este formulario).<\/p>\n\n<p>Para :<\/p>\n\n<p>Indoor Training UG<br\/>Luhnenstr.12<br\/>D-30559 Hannover <br\/>E-Mail: objection@ictrainer.com<\/p>\n\n<p>Yo\/nosotros (*) rescindimos el contrato celebrado por m\u00ed\/nosotros (*) para la compra de los siguientes bienes (*)\/la prestaci\u00f3n del siguiente servicio (*)<\/p>\n\n<p>_____________________________________________________<\/p>\n\n<p>Pedido el<\/p>\n\n<p>__________________<\/p>\n\n<p>Nombre del consumidor o consumidores<\/p>\n\n<p>_____________________________________________________<\/p>\n\n<p>Direcci\u00f3n del consumidor o consumidores<\/p>\n\n<p>_____________________________________________________<\/p>\n\n<p>Firma del consumidor o consumidores (s\u00f3lo para notificaciones en papel)<\/p>\n\n<p>__________________<\/p>\n\n<p>fecha<\/p>\n\n<p>__________________<\/p>\n\n<p>(*) T\u00e1chese lo que no proceda.<\/p>\n\n<p><strong>\u00a78 Garant\u00eda<\/strong><\/p>\n\n<p>Se aplican las normas legales de garant\u00eda.<\/p>\n\n<p><strong>\u00a79 Lenguaje contractual<\/strong><\/p>\n\n<p>El idioma del contrato es exclusivamente el alem\u00e1n.<\/p>\n\n<p>AGB gratuito creado por agb.de<\/p>\n","protected":false},"excerpt":{"rendered":"<p>\u00a71 Validez frente a empresarios y definiciones de t\u00e9rminos (1) Las siguientes Condiciones Generales de Contrataci\u00f3n se aplican a todas las entregas entre nosotros y un consumidor en la versi\u00f3n v\u00e1lida en el momento del pedido. Un consumidor es toda persona f\u00edsica que celebra un negocio jur\u00eddico con fines predominantemente ajenos a su actividad comercial, [&hellip;]<\/p>\n","protected":false},"author":1,"featured_media":0,"parent":0,"menu_order":0,"comment_status":"closed","ping_status":"closed","template":"","meta":{"_uag_custom_page_level_css":"","site-sidebar-layout":"default","site-content-layout":"","ast-site-content-layout":"default","site-content-style":"default","site-sidebar-style":"default","ast-global-header-display":"","ast-banner-title-visibility":"","ast-main-header-display":"","ast-hfb-above-header-display":"","ast-hfb-below-header-display":"","ast-hfb-mobile-header-display":"","site-post-title":"","ast-breadcrumbs-content":"","ast-featured-img":"","footer-sml-layout":"","ast-disable-related-posts":"","theme-transparent-header-meta":"","adv-header-id-meta":"","stick-header-meta":"","header-above-stick-meta":"","header-main-stick-meta":"","header-below-stick-meta":"","astra-migrate-meta-layouts":"default","ast-page-background-enabled":"default","ast-page-background-meta":{"desktop":{"background-color":"var(--ast-global-color-4)","background-image":"","background-repeat":"repeat","background-position":"center center","background-size":"auto","background-attachment":"scroll","background-type":"","background-media":"","overlay-type":"","overlay-color":"","overlay-opacity":"","overlay-gradient":""},"tablet":{"background-color":"","background-image":"","background-repeat":"repeat","background-position":"center center","background-size":"auto","background-attachment":"scroll","background-type":"","background-media":"","overlay-type":"","overlay-color":"","overlay-opacity":"","overlay-gradient":""},"mobile":{"background-color":"","background-image":"","background-repeat":"repeat","background-position":"center center","background-size":"auto","background-attachment":"scroll","background-type":"","background-media":"","overlay-type":"","overlay-color":"","overlay-opacity":"","overlay-gradient":""}},"ast-content-background-meta":{"desktop":{"background-color":"var(--ast-global-color-5)","background-image":"","background-repeat":"repeat","background-position":"center center","background-size":"auto","background-attachment":"scroll","background-type":"","background-media":"","overlay-type":"","overlay-color":"","overlay-opacity":"","overlay-gradient":""},"tablet":{"background-color":"var(--ast-global-color-5)","background-image":"","background-repeat":"repeat","background-position":"center center","background-size":"auto","background-attachment":"scroll","background-type":"","background-media":"","overlay-type":"","overlay-color":"","overlay-opacity":"","overlay-gradient":""},"mobile":{"background-color":"var(--ast-global-color-5)","background-image":"","background-repeat":"repeat","background-position":"center center","background-size":"auto","background-attachment":"scroll","background-type":"","background-media":"","overlay-type":"","overlay-color":"","overlay-opacity":"","overlay-gradient":""}},"footnotes":""},"class_list":["post-4571","page","type-page","status-publish","hentry"],"yoast_head":"<!-- This site is optimized with the Yoast SEO Premium plugin v27.4 (Yoast SEO v27.4) - https:\/\/yoast.com\/product\/yoast-seo-premium-wordpress\/ -->\n<title>Just Train - No Game<\/title>\n<meta name=\"robots\" content=\"index, follow, max-snippet:-1, max-image-preview:large, max-video-preview:-1\" \/>\n<link rel=\"canonical\" href=\"https:\/\/ictrainer.de\/es\/gtc\/\" \/>\n<meta property=\"og:locale\" content=\"es_ES\" \/>\n<meta property=\"og:type\" content=\"article\" \/>\n<meta property=\"og:title\" content=\"GTC\" \/>\n<meta property=\"og:description\" content=\"\u00a71 Validez frente a empresarios y definiciones de t\u00e9rminos (1) Las siguientes Condiciones Generales de Contrataci\u00f3n se aplican a todas las entregas entre nosotros y un consumidor en la versi\u00f3n v\u00e1lida en el momento del pedido. Un consumidor es toda persona f\u00edsica que celebra un negocio jur\u00eddico con fines predominantemente ajenos a su actividad comercial, [&hellip;]\" \/>\n<meta property=\"og:url\" content=\"https:\/\/ictrainer.de\/es\/gtc\/\" \/>\n<meta property=\"og:site_name\" content=\"icTrainer\" \/>\n<meta property=\"article:publisher\" content=\"https:\/\/www.facebook.com\/icTrainer-2225105191083880\" \/>\n<meta property=\"article:modified_time\" content=\"2025-10-30T12:36:28+00:00\" \/>\n<meta property=\"og:image\" content=\"https:\/\/ictrainer.de\/wp-content\/uploads\/2022\/01\/iStock-1220886096.jpg\" \/>\n\t<meta property=\"og:image:width\" content=\"1254\" \/>\n\t<meta property=\"og:image:height\" content=\"836\" \/>\n\t<meta property=\"og:image:type\" content=\"image\/jpeg\" \/>\n<meta name=\"twitter:card\" content=\"summary_large_image\" \/>\n<meta name=\"twitter:label1\" content=\"Tiempo de lectura\" \/>\n\t<meta name=\"twitter:data1\" content=\"5 minutos\" \/>\n<script type=\"application\/ld+json\" class=\"yoast-schema-graph\">{\"@context\":\"https:\\\/\\\/schema.org\",\"@graph\":[{\"@type\":\"WebPage\",\"@id\":\"https:\\\/\\\/ictrainer.de\\\/es\\\/gtc\\\/\",\"url\":\"https:\\\/\\\/ictrainer.de\\\/es\\\/gtc\\\/\",\"name\":\"Just Train - No Game\",\"isPartOf\":{\"@id\":\"https:\\\/\\\/ictrainer.de\\\/es\\\/#website\"},\"datePublished\":\"2025-10-30T12:36:23+00:00\",\"dateModified\":\"2025-10-30T12:36:28+00:00\",\"breadcrumb\":{\"@id\":\"https:\\\/\\\/ictrainer.de\\\/es\\\/gtc\\\/#breadcrumb\"},\"inLanguage\":\"es\",\"potentialAction\":[{\"@type\":\"ReadAction\",\"target\":[\"https:\\\/\\\/ictrainer.de\\\/es\\\/gtc\\\/\"]}]},{\"@type\":\"BreadcrumbList\",\"@id\":\"https:\\\/\\\/ictrainer.de\\\/es\\\/gtc\\\/#breadcrumb\",\"itemListElement\":[{\"@type\":\"ListItem\",\"position\":1,\"name\":\"Startseite\",\"item\":\"https:\\\/\\\/ictrainer.de\\\/es\\\/\"},{\"@type\":\"ListItem\",\"position\":2,\"name\":\"GTC\"}]},{\"@type\":\"WebSite\",\"@id\":\"https:\\\/\\\/ictrainer.de\\\/es\\\/#website\",\"url\":\"https:\\\/\\\/ictrainer.de\\\/es\\\/\",\"name\":\"icTrainer\",\"description\":\"Just Train - No Game\",\"publisher\":{\"@id\":\"https:\\\/\\\/ictrainer.de\\\/es\\\/#organization\"},\"potentialAction\":[{\"@type\":\"SearchAction\",\"target\":{\"@type\":\"EntryPoint\",\"urlTemplate\":\"https:\\\/\\\/ictrainer.de\\\/es\\\/?s={search_term_string}\"},\"query-input\":{\"@type\":\"PropertyValueSpecification\",\"valueRequired\":true,\"valueName\":\"search_term_string\"}}],\"inLanguage\":\"es\"},{\"@type\":\"Organization\",\"@id\":\"https:\\\/\\\/ictrainer.de\\\/es\\\/#organization\",\"name\":\"icTrainer\",\"url\":\"https:\\\/\\\/ictrainer.de\\\/es\\\/\",\"logo\":{\"@type\":\"ImageObject\",\"inLanguage\":\"es\",\"@id\":\"https:\\\/\\\/ictrainer.de\\\/es\\\/#\\\/schema\\\/logo\\\/image\\\/\",\"url\":\"\",\"contentUrl\":\"\",\"caption\":\"icTrainer\"},\"image\":{\"@id\":\"https:\\\/\\\/ictrainer.de\\\/es\\\/#\\\/schema\\\/logo\\\/image\\\/\"},\"sameAs\":[\"https:\\\/\\\/www.facebook.com\\\/icTrainer-2225105191083880\",\"https:\\\/\\\/www.youtube.com\\\/channel\\\/UCA8JtIJrsuwIuYdXJupFuHQ\\\/videos\"]}]}<\/script>\n<!-- \/ Yoast SEO Premium plugin. -->","yoast_head_json":{"title":"Just Train - No Game","robots":{"index":"index","follow":"follow","max-snippet":"max-snippet:-1","max-image-preview":"max-image-preview:large","max-video-preview":"max-video-preview:-1"},"canonical":"https:\/\/ictrainer.de\/es\/gtc\/","og_locale":"es_ES","og_type":"article","og_title":"GTC","og_description":"\u00a71 Validez frente a empresarios y definiciones de t\u00e9rminos (1) Las siguientes Condiciones Generales de Contrataci\u00f3n se aplican a todas las entregas entre nosotros y un consumidor en la versi\u00f3n v\u00e1lida en el momento del pedido. Un consumidor es toda persona f\u00edsica que celebra un negocio jur\u00eddico con fines predominantemente ajenos a su actividad comercial, [&hellip;]","og_url":"https:\/\/ictrainer.de\/es\/gtc\/","og_site_name":"icTrainer","article_publisher":"https:\/\/www.facebook.com\/icTrainer-2225105191083880","article_modified_time":"2025-10-30T12:36:28+00:00","og_image":[{"width":1254,"height":836,"url":"https:\/\/ictrainer.de\/wp-content\/uploads\/2022\/01\/iStock-1220886096.jpg","type":"image\/jpeg"}],"twitter_card":"summary_large_image","twitter_misc":{"Tiempo de lectura":"5 minutos"},"schema":{"@context":"https:\/\/schema.org","@graph":[{"@type":"WebPage","@id":"https:\/\/ictrainer.de\/es\/gtc\/","url":"https:\/\/ictrainer.de\/es\/gtc\/","name":"Just Train - No Game","isPartOf":{"@id":"https:\/\/ictrainer.de\/es\/#website"},"datePublished":"2025-10-30T12:36:23+00:00","dateModified":"2025-10-30T12:36:28+00:00","breadcrumb":{"@id":"https:\/\/ictrainer.de\/es\/gtc\/#breadcrumb"},"inLanguage":"es","potentialAction":[{"@type":"ReadAction","target":["https:\/\/ictrainer.de\/es\/gtc\/"]}]},{"@type":"BreadcrumbList","@id":"https:\/\/ictrainer.de\/es\/gtc\/#breadcrumb","itemListElement":[{"@type":"ListItem","position":1,"name":"Startseite","item":"https:\/\/ictrainer.de\/es\/"},{"@type":"ListItem","position":2,"name":"GTC"}]},{"@type":"WebSite","@id":"https:\/\/ictrainer.de\/es\/#website","url":"https:\/\/ictrainer.de\/es\/","name":"icTrainer","description":"Just Train - No Game","publisher":{"@id":"https:\/\/ictrainer.de\/es\/#organization"},"potentialAction":[{"@type":"SearchAction","target":{"@type":"EntryPoint","urlTemplate":"https:\/\/ictrainer.de\/es\/?s={search_term_string}"},"query-input":{"@type":"PropertyValueSpecification","valueRequired":true,"valueName":"search_term_string"}}],"inLanguage":"es"},{"@type":"Organization","@id":"https:\/\/ictrainer.de\/es\/#organization","name":"icTrainer","url":"https:\/\/ictrainer.de\/es\/","logo":{"@type":"ImageObject","inLanguage":"es","@id":"https:\/\/ictrainer.de\/es\/#\/schema\/logo\/image\/","url":"","contentUrl":"","caption":"icTrainer"},"image":{"@id":"https:\/\/ictrainer.de\/es\/#\/schema\/logo\/image\/"},"sameAs":["https:\/\/www.facebook.com\/icTrainer-2225105191083880","https:\/\/www.youtube.com\/channel\/UCA8JtIJrsuwIuYdXJupFuHQ\/videos"]}]}},"uagb_featured_image_src":{"full":false,"thumbnail":false,"medium":false,"medium_large":false,"large":false,"1536x1536":false,"2048x2048":false},"uagb_author_info":{"display_name":"Nicolas","author_link":"https:\/\/ictrainer.de\/es\/author\/admin\/"},"uagb_comment_info":0,"uagb_excerpt":"\u00a71 Validez frente a empresarios y definiciones de t\u00e9rminos (1) Las siguientes Condiciones Generales de Contrataci\u00f3n se aplican a todas las entregas entre nosotros y un consumidor en la versi\u00f3n v\u00e1lida en el momento del pedido. Un consumidor es toda persona f\u00edsica que celebra un negocio jur\u00eddico con fines predominantemente ajenos a su actividad comercial,...","_links":{"self":[{"href":"https:\/\/ictrainer.de\/es\/wp-json\/wp\/v2\/pages\/4571","targetHints":{"allow":["GET"]}}],"collection":[{"href":"https:\/\/ictrainer.de\/es\/wp-json\/wp\/v2\/pages"}],"about":[{"href":"https:\/\/ictrainer.de\/es\/wp-json\/wp\/v2\/types\/page"}],"author":[{"embeddable":true,"href":"https:\/\/ictrainer.de\/es\/wp-json\/wp\/v2\/users\/1"}],"replies":[{"embeddable":true,"href":"https:\/\/ictrainer.de\/es\/wp-json\/wp\/v2\/comments?post=4571"}],"version-history":[{"count":1,"href":"https:\/\/ictrainer.de\/es\/wp-json\/wp\/v2\/pages\/4571\/revisions"}],"predecessor-version":[{"id":4572,"href":"https:\/\/ictrainer.de\/es\/wp-json\/wp\/v2\/pages\/4571\/revisions\/4572"}],"wp:attachment":[{"href":"https:\/\/ictrainer.de\/es\/wp-json\/wp\/v2\/media?parent=4571"}],"curies":[{"name":"wp","href":"https:\/\/api.w.org\/{rel}","templated":true}]}}