{"id":4526,"date":"2025-10-30T12:36:00","date_gmt":"2025-10-30T12:36:00","guid":{"rendered":"https:\/\/ictrainer.de\/vision-general\/"},"modified":"2025-12-03T15:54:59","modified_gmt":"2025-12-03T15:54:59","slug":"vision-general","status":"publish","type":"page","link":"https:\/\/ictrainer.de\/es\/vision-general\/","title":{"rendered":"Visi\u00f3n general"},"content":{"rendered":"\n<p>Nuestra app de ciclismo indoor te ofrece toda la gama de funciones para un entrenamiento estructurado, al precio m\u00e1s favorable con diferencia.<br>Si quieres entrenar en serio y no necesitas gamificaci\u00f3n. Escucha m\u00fasica o podcasts, ve v\u00eddeos de YouTube, Netflix o Amazon Prime al mismo tiempo.<br>La aplicaci\u00f3n de ciclismo indoor puede utilizarse incluso sin conexi\u00f3n y, si lo deseas, dos personas pueden entrenar al mismo tiempo con una sola cuenta. <\/p>\n\n\n\n<div style=\"height:20px\" aria-hidden=\"true\" class=\"wp-block-spacer\"><\/div>\n\n\n\n<div class=\"wp-block-columns alignwide are-vertically-aligned-center is-layout-flex wp-container-core-columns-is-layout-28f84493 wp-block-columns-is-layout-flex\">\n<div class=\"wp-block-column is-vertically-aligned-center is-layout-flow wp-block-column-is-layout-flow\">\n<figure class=\"wp-block-image aligncenter size-full wp-duotone-8c00b7-rgb255255255-2\"><img decoding=\"async\" width=\"150\" height=\"150\" src=\"https:\/\/ictrainer.de\/wp-content\/uploads\/2022\/01\/Besonderheiten.png\" alt=\"Ventajas\" class=\"wp-image-207\"\/><\/figure>\n\n\n\n<h3 class=\"wp-block-heading has-text-align-center\" id=\"h-ventajas\">Ventajas  <\/h3>\n\n\n\n<p class=\"has-text-align-center\">  Nuestro software ofrece todo lo que necesitas para un entrenamiento serio en interior.  <br>Compru\u00e9balo&#8230;  <\/p>\n\n\n\n<div class=\"wp-block-buttons is-layout-flex wp-block-buttons-is-layout-flex\">\n<div class=\"wp-block-button has-custom-width wp-block-button__width-100\"><a class=\"wp-block-button__link has-background wp-element-button\" href=\"https:\/\/ictrainer.de\/es\/funciones\/\" style=\"background:linear-gradient(135deg,rgb(74,234,220) 0%,rgb(151,120,209) 0%,rgb(207,42,186) 32%,rgb(238,44,130) 65%,rgb(251,105,98) 75%,rgb(254,248,76) 100%)\">detalles<\/a><\/div>\n<\/div>\n<\/div>\n\n\n\n<div class=\"wp-block-column is-vertically-aligned-center is-layout-flow wp-block-column-is-layout-flow\">\n<figure class=\"wp-block-image aligncenter size-full wp-duotone-8c00b7-rgb255255255-3\"><img decoding=\"async\" width=\"150\" height=\"150\" src=\"https:\/\/ictrainer.de\/wp-content\/uploads\/2022\/01\/Training-1.png\" alt=\"\" class=\"wp-image-230\"\/><\/figure>\n\n\n\n<h3 class=\"wp-block-heading has-text-align-center\" id=\"h-oportunidades-de-formacion\">  Oportunidades de formaci\u00f3n<\/h3>\n\n\n\n<p class=\"has-text-align-center\">  Nuestra app de ciclismo indoor ofrece innumerables opciones de entrenamiento.<br>No s\u00f3lo queremos jugar&#8230;  <\/p>\n\n\n\n<div class=\"wp-block-buttons is-layout-flex wp-block-buttons-is-layout-flex\">\n<div class=\"wp-block-button has-custom-width wp-block-button__width-100\"><a class=\"wp-block-button__link has-background wp-element-button\" href=\"https:\/\/ictrainer.de\/es\/oportunidades-de-formacion\/\" style=\"background:linear-gradient(135deg,rgb(74,234,220) 0%,rgb(151,120,209) 0%,rgb(207,42,186) 33%,rgb(238,44,130) 41%,rgb(251,105,98) 80%,rgb(254,248,76) 100%)\">detalles<\/a><\/div>\n<\/div>\n<\/div>\n\n\n\n<div class=\"wp-block-column is-vertically-aligned-center is-layout-flow wp-block-column-is-layout-flow\">\n<figure class=\"wp-block-image aligncenter size-full wp-duotone-8c00b7-rgb255255255-4\"><img decoding=\"async\" width=\"150\" height=\"150\" src=\"https:\/\/ictrainer.de\/wp-content\/uploads\/2022\/01\/Equipment.png\" alt=\"Compatibilidad\" class=\"wp-image-209\"\/><\/figure>\n\n\n\n<h3 class=\"wp-block-heading has-text-align-center\" id=\"h-hardware-software\">  Hardware \/ Software<\/h3>\n\n\n\n<p class=\"has-text-align-center\">icTrainer es compatible con casi todas las plataformas de entrenamiento y entrenadores de rodillos. Compru\u00e9balo enseguida&#8230;<\/p>\n\n\n\n<div class=\"wp-block-buttons is-layout-flex wp-block-buttons-is-layout-flex\">\n<div class=\"wp-block-button has-custom-width wp-block-button__width-100\"><a class=\"wp-block-button__link has-background wp-element-button\" href=\"https:\/\/ictrainer.de\/es\/compatibilidad\/\" style=\"background:linear-gradient(135deg,rgb(74,234,220) 0%,rgb(151,120,209) 0%,rgb(207,42,186) 31%,rgb(238,44,130) 52%,rgb(251,105,98) 71%,rgb(254,248,76) 100%)\">detalles<\/a><\/div>\n<\/div>\n<\/div>\n<\/div>\n\n\n\n<div style=\"height:25px\" aria-hidden=\"true\" class=\"wp-block-spacer\"><\/div>\n\n\n\n<div class=\"wp-block-columns alignwide are-vertically-aligned-center is-layout-flex wp-container-core-columns-is-layout-28f84493 wp-block-columns-is-layout-flex\">\n<div class=\"wp-block-column is-vertically-aligned-center is-layout-flow wp-block-column-is-layout-flow\">\n<figure class=\"wp-block-image aligncenter size-full wp-duotone-8c00b7-rgb255255255-5\"><img decoding=\"async\" width=\"145\" height=\"148\" src=\"https:\/\/ictrainer.de\/wp-content\/uploads\/2022\/01\/Test.png\" alt=\"Prueba de rendimiento\" class=\"wp-image-212\"\/><\/figure>\n\n\n\n<h3 class=\"wp-block-heading has-text-align-center\" id=\"h-pruebas-de-rendimiento-ftp\">  Pruebas de rendimiento \/ FTP  <\/h3>\n\n\n\n<p class=\"has-text-align-center\">  Nuestro software te permite completar varias pruebas. Lo mejor es empezar enseguida&#8230;   <\/p>\n\n\n\n<div class=\"wp-block-buttons is-layout-flex wp-block-buttons-is-layout-flex\">\n<div class=\"wp-block-button has-custom-width wp-block-button__width-100\"><a class=\"wp-block-button__link has-background wp-element-button\" href=\"https:\/\/ictrainer.de\/es\/medicion-de-potencia\/\" style=\"background:linear-gradient(135deg,rgb(74,234,220) 0%,rgb(151,120,209) 0%,rgb(207,42,186) 32%,rgb(238,44,130) 47%,rgb(251,105,98) 80%,rgb(254,248,76) 100%)\">detalles<\/a><\/div>\n<\/div>\n<\/div>\n\n\n\n<div class=\"wp-block-column is-vertically-aligned-center is-layout-flow wp-block-column-is-layout-flow\">\n<figure class=\"wp-block-image aligncenter size-full wp-duotone-8c00b7-rgb255255255-6\"><img decoding=\"async\" width=\"150\" height=\"150\" src=\"https:\/\/ictrainer.de\/wp-content\/uploads\/2022\/01\/Preise.png\" alt=\"Precios\" class=\"wp-image-211\"\/><\/figure>\n\n\n\n<h3 class=\"wp-block-heading has-text-align-center\" id=\"h-precios\">  Precios  <\/h3>\n\n\n\n<p class=\"has-text-align-center\">  Nuestro software es muchas veces m\u00e1s barato que otros del mercado. Compru\u00e9balo t\u00fa mismo&#8230; <\/p>\n\n\n\n<div class=\"wp-block-buttons is-layout-flex wp-block-buttons-is-layout-flex\">\n<div class=\"wp-block-button has-custom-width wp-block-button__width-100\"><a class=\"wp-block-button__link has-background wp-element-button\" href=\"https:\/\/ictrainer.de\/es\/precios\/\" style=\"background:linear-gradient(135deg,rgb(74,234,220) 0%,rgb(151,120,209) 0%,rgb(207,42,186) 40%,rgb(238,44,130) 60%,rgb(251,105,98) 80%,rgb(254,248,76) 100%)\">detalles<\/a><\/div>\n<\/div>\n<\/div>\n\n\n\n<div class=\"wp-block-column is-vertically-aligned-center is-layout-flow wp-block-column-is-layout-flow\">\n<figure class=\"wp-block-image aligncenter size-full wp-duotone-8c00b7-rgb255255255-7\"><img decoding=\"async\" width=\"150\" height=\"150\" src=\"https:\/\/ictrainer.de\/wp-content\/uploads\/2022\/01\/Download.png\" alt=\"descargar\" class=\"wp-image-208\"\/><\/figure>\n\n\n\n<h3 class=\"wp-block-heading has-text-align-center\" id=\"h-descargar\">  descargar  <\/h3>\n\n\n\n<p class=\"has-text-align-center\">  Nuestro software funciona en casi todos los dispositivos. Desc\u00e1rgatelo ahora mismo&#8230;   <\/p>\n\n\n\n<div class=\"wp-block-buttons is-layout-flex wp-block-buttons-is-layout-flex\">\n<div class=\"wp-block-button has-custom-width wp-block-button__width-100\"><a class=\"wp-block-button__link has-background wp-element-button\" href=\"https:\/\/ictrainer.de\/es\/descargar\/\" style=\"background:linear-gradient(135deg,rgb(74,234,220) 0%,rgb(151,120,209) 0%,rgb(207,42,186) 28%,rgb(238,44,130) 58%,rgb(251,105,98) 69%,rgb(254,248,76) 100%)\">detalles<\/a><\/div>\n<\/div>\n<\/div>\n<\/div>\n\n\n\n<div style=\"height:50px\" aria-hidden=\"true\" class=\"wp-block-spacer\"><\/div>\n","protected":false},"excerpt":{"rendered":"<p>Nuestra app de ciclismo indoor te ofrece toda la gama de funciones para un entrenamiento estructurado, al precio m\u00e1s favorable con diferencia.Si quieres entrenar en serio y no necesitas gamificaci\u00f3n. Escucha m\u00fasica o podcasts, ve v\u00eddeos de YouTube, Netflix o Amazon Prime al mismo tiempo.La aplicaci\u00f3n de ciclismo indoor puede utilizarse incluso sin conexi\u00f3n y, [&hellip;]<\/p>\n","protected":false},"author":1,"featured_media":0,"parent":0,"menu_order":0,"comment_status":"closed","ping_status":"closed","template":"","meta":{"_uag_custom_page_level_css":"","site-sidebar-layout":"default","site-content-layout":"","ast-site-content-layout":"default","site-content-style":"default","site-sidebar-style":"default","ast-global-header-display":"","ast-banner-title-visibility":"","ast-main-header-display":"","ast-hfb-above-header-display":"","ast-hfb-below-header-display":"","ast-hfb-mobile-header-display":"","site-post-title":"","ast-breadcrumbs-content":"","ast-featured-img":"","footer-sml-layout":"","ast-disable-related-posts":"","theme-transparent-header-meta":"","adv-header-id-meta":"","stick-header-meta":"","header-above-stick-meta":"","header-main-stick-meta":"","header-below-stick-meta":"","astra-migrate-meta-layouts":"set","ast-page-background-enabled":"default","ast-page-background-meta":{"desktop":{"background-color":"var(--ast-global-color-4)","background-image":"","background-repeat":"repeat","background-position":"center center","background-size":"auto","background-attachment":"scroll","background-type":"","background-media":"","overlay-type":"","overlay-color":"","overlay-opacity":"","overlay-gradient":""},"tablet":{"background-color":"","background-image":"","background-repeat":"repeat","background-position":"center center","background-size":"auto","background-attachment":"scroll","background-type":"","background-media":"","overlay-type":"","overlay-color":"","overlay-opacity":"","overlay-gradient":""},"mobile":{"background-color":"","background-image":"","background-repeat":"repeat","background-position":"center center","background-size":"auto","background-attachment":"scroll","background-type":"","background-media":"","overlay-type":"","overlay-color":"","overlay-opacity":"","overlay-gradient":""}},"ast-content-background-meta":{"desktop":{"background-color":"var(--ast-global-color-5)","background-image":"","background-repeat":"repeat","background-position":"center center","background-size":"auto","background-attachment":"scroll","background-type":"","background-media":"","overlay-type":"","overlay-color":"","overlay-opacity":"","overlay-gradient":""},"tablet":{"background-color":"var(--ast-global-color-5)","background-image":"","background-repeat":"repeat","background-position":"center center","background-size":"auto","background-attachment":"scroll","background-type":"","background-media":"","overlay-type":"","overlay-color":"","overlay-opacity":"","overlay-gradient":""},"mobile":{"background-color":"var(--ast-global-color-5)","background-image":"","background-repeat":"repeat","background-position":"center center","background-size":"auto","background-attachment":"scroll","background-type":"","background-media":"","overlay-type":"","overlay-color":"","overlay-opacity":"","overlay-gradient":""}},"footnotes":""},"class_list":["post-4526","page","type-page","status-publish","hentry"],"yoast_head":"<!-- This site is optimized with the Yoast SEO Premium plugin v27.4 (Yoast SEO v27.5) - https:\/\/yoast.com\/product\/yoast-seo-premium-wordpress\/ -->\n<title>Just Train - No Game<\/title>\n<meta name=\"robots\" content=\"index, follow, max-snippet:-1, max-image-preview:large, max-video-preview:-1\" \/>\n<link rel=\"canonical\" href=\"https:\/\/ictrainer.de\/es\/vision-general\/\" \/>\n<meta property=\"og:locale\" content=\"es_ES\" \/>\n<meta property=\"og:type\" content=\"article\" \/>\n<meta property=\"og:title\" content=\"Visi\u00f3n general\" \/>\n<meta property=\"og:description\" content=\"Nuestra app de ciclismo indoor te ofrece toda la gama de funciones para un entrenamiento estructurado, al precio m\u00e1s favorable con diferencia.Si quieres entrenar en serio y no necesitas gamificaci\u00f3n. Escucha m\u00fasica o podcasts, ve v\u00eddeos de YouTube, Netflix o Amazon Prime al mismo tiempo.La aplicaci\u00f3n de ciclismo indoor puede utilizarse incluso sin conexi\u00f3n y, [&hellip;]\" \/>\n<meta property=\"og:url\" content=\"https:\/\/ictrainer.de\/es\/vision-general\/\" \/>\n<meta property=\"og:site_name\" content=\"icTrainer\" \/>\n<meta property=\"article:publisher\" content=\"https:\/\/www.facebook.com\/icTrainer-2225105191083880\" \/>\n<meta property=\"article:modified_time\" content=\"2025-12-03T15:54:59+00:00\" \/>\n<meta property=\"og:image\" content=\"https:\/\/ictrainer.de\/wp-content\/uploads\/2022\/01\/Besonderheiten.png\" \/>\n\t<meta property=\"og:image:width\" content=\"150\" \/>\n\t<meta property=\"og:image:height\" content=\"150\" \/>\n\t<meta property=\"og:image:type\" content=\"image\/png\" \/>\n<meta name=\"twitter:card\" content=\"summary_large_image\" \/>\n<meta name=\"twitter:label1\" content=\"Tiempo de lectura\" \/>\n\t<meta name=\"twitter:data1\" content=\"3 minutos\" \/>\n<script type=\"application\/ld+json\" class=\"yoast-schema-graph\">{\"@context\":\"https:\\\/\\\/schema.org\",\"@graph\":[{\"@type\":\"WebPage\",\"@id\":\"https:\\\/\\\/ictrainer.de\\\/es\\\/vision-general\\\/\",\"url\":\"https:\\\/\\\/ictrainer.de\\\/es\\\/vision-general\\\/\",\"name\":\"Just Train - No Game\",\"isPartOf\":{\"@id\":\"https:\\\/\\\/ictrainer.de\\\/es\\\/#website\"},\"primaryImageOfPage\":{\"@id\":\"https:\\\/\\\/ictrainer.de\\\/es\\\/vision-general\\\/#primaryimage\"},\"image\":{\"@id\":\"https:\\\/\\\/ictrainer.de\\\/es\\\/vision-general\\\/#primaryimage\"},\"thumbnailUrl\":\"https:\\\/\\\/ictrainer.de\\\/wp-content\\\/uploads\\\/2022\\\/01\\\/Besonderheiten.png\",\"datePublished\":\"2025-10-30T12:36:00+00:00\",\"dateModified\":\"2025-12-03T15:54:59+00:00\",\"breadcrumb\":{\"@id\":\"https:\\\/\\\/ictrainer.de\\\/es\\\/vision-general\\\/#breadcrumb\"},\"inLanguage\":\"es\",\"potentialAction\":[{\"@type\":\"ReadAction\",\"target\":[\"https:\\\/\\\/ictrainer.de\\\/es\\\/vision-general\\\/\"]}]},{\"@type\":\"ImageObject\",\"inLanguage\":\"es\",\"@id\":\"https:\\\/\\\/ictrainer.de\\\/es\\\/vision-general\\\/#primaryimage\",\"url\":\"https:\\\/\\\/ictrainer.de\\\/wp-content\\\/uploads\\\/2022\\\/01\\\/Besonderheiten.png\",\"contentUrl\":\"https:\\\/\\\/ictrainer.de\\\/wp-content\\\/uploads\\\/2022\\\/01\\\/Besonderheiten.png\"},{\"@type\":\"BreadcrumbList\",\"@id\":\"https:\\\/\\\/ictrainer.de\\\/es\\\/vision-general\\\/#breadcrumb\",\"itemListElement\":[{\"@type\":\"ListItem\",\"position\":1,\"name\":\"Startseite\",\"item\":\"https:\\\/\\\/ictrainer.de\\\/es\\\/\"},{\"@type\":\"ListItem\",\"position\":2,\"name\":\"Visi\u00f3n general\"}]},{\"@type\":\"WebSite\",\"@id\":\"https:\\\/\\\/ictrainer.de\\\/es\\\/#website\",\"url\":\"https:\\\/\\\/ictrainer.de\\\/es\\\/\",\"name\":\"icTrainer\",\"description\":\"Just Train - No Game\",\"publisher\":{\"@id\":\"https:\\\/\\\/ictrainer.de\\\/es\\\/#organization\"},\"potentialAction\":[{\"@type\":\"SearchAction\",\"target\":{\"@type\":\"EntryPoint\",\"urlTemplate\":\"https:\\\/\\\/ictrainer.de\\\/es\\\/?s={search_term_string}\"},\"query-input\":{\"@type\":\"PropertyValueSpecification\",\"valueRequired\":true,\"valueName\":\"search_term_string\"}}],\"inLanguage\":\"es\"},{\"@type\":\"Organization\",\"@id\":\"https:\\\/\\\/ictrainer.de\\\/es\\\/#organization\",\"name\":\"icTrainer\",\"url\":\"https:\\\/\\\/ictrainer.de\\\/es\\\/\",\"logo\":{\"@type\":\"ImageObject\",\"inLanguage\":\"es\",\"@id\":\"https:\\\/\\\/ictrainer.de\\\/es\\\/#\\\/schema\\\/logo\\\/image\\\/\",\"url\":\"\",\"contentUrl\":\"\",\"caption\":\"icTrainer\"},\"image\":{\"@id\":\"https:\\\/\\\/ictrainer.de\\\/es\\\/#\\\/schema\\\/logo\\\/image\\\/\"},\"sameAs\":[\"https:\\\/\\\/www.facebook.com\\\/icTrainer-2225105191083880\",\"https:\\\/\\\/www.youtube.com\\\/channel\\\/UCA8JtIJrsuwIuYdXJupFuHQ\\\/videos\"]}]}<\/script>\n<!-- \/ Yoast SEO Premium plugin. -->","yoast_head_json":{"title":"Just Train - No Game","robots":{"index":"index","follow":"follow","max-snippet":"max-snippet:-1","max-image-preview":"max-image-preview:large","max-video-preview":"max-video-preview:-1"},"canonical":"https:\/\/ictrainer.de\/es\/vision-general\/","og_locale":"es_ES","og_type":"article","og_title":"Visi\u00f3n general","og_description":"Nuestra app de ciclismo indoor te ofrece toda la gama de funciones para un entrenamiento estructurado, al precio m\u00e1s favorable con diferencia.Si quieres entrenar en serio y no necesitas gamificaci\u00f3n. Escucha m\u00fasica o podcasts, ve v\u00eddeos de YouTube, Netflix o Amazon Prime al mismo tiempo.La aplicaci\u00f3n de ciclismo indoor puede utilizarse incluso sin conexi\u00f3n y, [&hellip;]","og_url":"https:\/\/ictrainer.de\/es\/vision-general\/","og_site_name":"icTrainer","article_publisher":"https:\/\/www.facebook.com\/icTrainer-2225105191083880","article_modified_time":"2025-12-03T15:54:59+00:00","og_image":[{"width":150,"height":150,"url":"https:\/\/ictrainer.de\/wp-content\/uploads\/2022\/01\/Besonderheiten.png","type":"image\/png"}],"twitter_card":"summary_large_image","twitter_misc":{"Tiempo de lectura":"3 minutos"},"schema":{"@context":"https:\/\/schema.org","@graph":[{"@type":"WebPage","@id":"https:\/\/ictrainer.de\/es\/vision-general\/","url":"https:\/\/ictrainer.de\/es\/vision-general\/","name":"Just Train - No Game","isPartOf":{"@id":"https:\/\/ictrainer.de\/es\/#website"},"primaryImageOfPage":{"@id":"https:\/\/ictrainer.de\/es\/vision-general\/#primaryimage"},"image":{"@id":"https:\/\/ictrainer.de\/es\/vision-general\/#primaryimage"},"thumbnailUrl":"https:\/\/ictrainer.de\/wp-content\/uploads\/2022\/01\/Besonderheiten.png","datePublished":"2025-10-30T12:36:00+00:00","dateModified":"2025-12-03T15:54:59+00:00","breadcrumb":{"@id":"https:\/\/ictrainer.de\/es\/vision-general\/#breadcrumb"},"inLanguage":"es","potentialAction":[{"@type":"ReadAction","target":["https:\/\/ictrainer.de\/es\/vision-general\/"]}]},{"@type":"ImageObject","inLanguage":"es","@id":"https:\/\/ictrainer.de\/es\/vision-general\/#primaryimage","url":"https:\/\/ictrainer.de\/wp-content\/uploads\/2022\/01\/Besonderheiten.png","contentUrl":"https:\/\/ictrainer.de\/wp-content\/uploads\/2022\/01\/Besonderheiten.png"},{"@type":"BreadcrumbList","@id":"https:\/\/ictrainer.de\/es\/vision-general\/#breadcrumb","itemListElement":[{"@type":"ListItem","position":1,"name":"Startseite","item":"https:\/\/ictrainer.de\/es\/"},{"@type":"ListItem","position":2,"name":"Visi\u00f3n general"}]},{"@type":"WebSite","@id":"https:\/\/ictrainer.de\/es\/#website","url":"https:\/\/ictrainer.de\/es\/","name":"icTrainer","description":"Just Train - No Game","publisher":{"@id":"https:\/\/ictrainer.de\/es\/#organization"},"potentialAction":[{"@type":"SearchAction","target":{"@type":"EntryPoint","urlTemplate":"https:\/\/ictrainer.de\/es\/?s={search_term_string}"},"query-input":{"@type":"PropertyValueSpecification","valueRequired":true,"valueName":"search_term_string"}}],"inLanguage":"es"},{"@type":"Organization","@id":"https:\/\/ictrainer.de\/es\/#organization","name":"icTrainer","url":"https:\/\/ictrainer.de\/es\/","logo":{"@type":"ImageObject","inLanguage":"es","@id":"https:\/\/ictrainer.de\/es\/#\/schema\/logo\/image\/","url":"","contentUrl":"","caption":"icTrainer"},"image":{"@id":"https:\/\/ictrainer.de\/es\/#\/schema\/logo\/image\/"},"sameAs":["https:\/\/www.facebook.com\/icTrainer-2225105191083880","https:\/\/www.youtube.com\/channel\/UCA8JtIJrsuwIuYdXJupFuHQ\/videos"]}]}},"uagb_featured_image_src":{"full":false,"thumbnail":false,"medium":false,"medium_large":false,"large":false,"1536x1536":false,"2048x2048":false},"uagb_author_info":{"display_name":"Nicolas","author_link":"https:\/\/ictrainer.de\/es\/author\/admin\/"},"uagb_comment_info":0,"uagb_excerpt":"Nuestra app de ciclismo indoor te ofrece toda la gama de funciones para un entrenamiento estructurado, al precio m\u00e1s favorable con diferencia.Si quieres entrenar en serio y no necesitas gamificaci\u00f3n. Escucha m\u00fasica o podcasts, ve v\u00eddeos de YouTube, Netflix o Amazon Prime al mismo tiempo.La aplicaci\u00f3n de ciclismo indoor puede utilizarse incluso sin conexi\u00f3n y,...","_links":{"self":[{"href":"https:\/\/ictrainer.de\/es\/wp-json\/wp\/v2\/pages\/4526","targetHints":{"allow":["GET"]}}],"collection":[{"href":"https:\/\/ictrainer.de\/es\/wp-json\/wp\/v2\/pages"}],"about":[{"href":"https:\/\/ictrainer.de\/es\/wp-json\/wp\/v2\/types\/page"}],"author":[{"embeddable":true,"href":"https:\/\/ictrainer.de\/es\/wp-json\/wp\/v2\/users\/1"}],"replies":[{"embeddable":true,"href":"https:\/\/ictrainer.de\/es\/wp-json\/wp\/v2\/comments?post=4526"}],"version-history":[{"count":3,"href":"https:\/\/ictrainer.de\/es\/wp-json\/wp\/v2\/pages\/4526\/revisions"}],"predecessor-version":[{"id":5172,"href":"https:\/\/ictrainer.de\/es\/wp-json\/wp\/v2\/pages\/4526\/revisions\/5172"}],"wp:attachment":[{"href":"https:\/\/ictrainer.de\/es\/wp-json\/wp\/v2\/media?parent=4526"}],"curies":[{"name":"wp","href":"https:\/\/api.w.org\/{rel}","templated":true}]}}