{"id":4468,"date":"2025-10-30T12:30:17","date_gmt":"2025-10-30T12:30:17","guid":{"rendered":"https:\/\/ictrainer.de\/suscribete-al-boletin\/"},"modified":"2025-10-30T12:30:17","modified_gmt":"2025-10-30T12:30:17","slug":"suscribete-al-boletin","status":"publish","type":"page","link":"https:\/\/ictrainer.de\/es\/suscribete-al-boletin\/","title":{"rendered":"Suscr\u00edbete al bolet\u00edn"},"content":{"rendered":"\n<p class=\"has-text-align-right\"><a href=\"https:\/\/ictrainer.de\/datenschutzerklaerung\/\" target=\"_blank\" rel=\"noreferrer noopener\">Pol\u00edtica de privacidad<\/a> \/ <a href=\"https:\/\/ictrainer.de\/newsletter-abmelden\/\">Darse de baja del bolet\u00edn<\/a> <\/p>\n\n<p>Puedes hacer clic en \u00abMe gusta\u00bb en nuestra <a aria-label=\"Facebook-Seite (&#xF6;ffnet in neuem Tab)\" href=\"https:\/\/www.facebook.com\/icTrainer-2225105191083880\/\" target=\"_blank\" rel=\"noreferrer noopener\">p\u00e1gina de Facebook<\/a> o inscribirte aqu\u00ed con tu direcci\u00f3n de correo electr\u00f3nico y, por motivos de seguridad, recibir\u00e1s un correo electr\u00f3nico para confirmar tu deseo de recibir el bolet\u00edn:  <\/p>\n\n<form class=\"layout_form cr_form cr_font\" action=\"https:\/\/eu2.cleverreach.com\/f\/214747-209999\/wcs\/\" method=\"post\" target=\"_blank\">\n\n\t<div class=\"cr_body cr_page cr_font formbox\">\n\n\t\t<div class=\"non_sortable\">\n\n\t\t<\/div>\n\n\t\t<div class=\"editable_content\">\n\n\t\t<div class=\"cr_ipe_item ui-sortable musthave\" id=\"4492557\" rel=\"email\">\n\n<label class=\"itemname\" for=\"text4492557\">Correo electr\u00f3nico<\/label> <input name=\"email\" id=\"text4492557\" type=\"text\" value=\"\"\/>\n\n<\/div><div class=\"cr_ipe_item ui-sortable musthave\" id=\"4492561\" rel=\"recaptcha\">\n\n\t<script src=\"https:\/\/www.google.com\/recaptcha\/api.js\" defer=\"defer\" async=\"\"><\/script>\n\n\t<br\/>\n\t<div class=\"g-recaptcha\" id=\"recaptcha_v2_widget\" data-sitekey=\"6Lfhcd0SAAAAAOBEHmAVEHJeRnrH8T7wPvvNzEPD\" data-size=\"normal\" data-theme=\"light\"><\/div>\n\n\t<br\/>\n<\/div><div class=\"cr_ipe_item ui-sortable submit_container\" id=\"4492559\" rel=\"button\">\n\n<button class=\"cr_button\" type=\"submit\">Iniciar sesi\u00f3n<\/button>\n\n<\/div>\n\n\t<\/div>\n\n\t<noscript><a href=\"http:\/\/www.cleverreach.de\">www.CleverReach.de<\/a><\/noscript>\n\n<\/div>\n\n<\/form>\n\n<div style=\"height:50px\" aria-hidden=\"true\" class=\"wp-block-spacer\"><\/div>\n\n<p><\/p>\n","protected":false},"excerpt":{"rendered":"<p>Pol\u00edtica de privacidad \/ Darse de baja del bolet\u00edn Puedes hacer clic en \u00abMe gusta\u00bb en nuestra p\u00e1gina de Facebook o inscribirte aqu\u00ed con tu direcci\u00f3n de correo electr\u00f3nico y, por motivos de seguridad, recibir\u00e1s un correo electr\u00f3nico para confirmar tu deseo de recibir el bolet\u00edn: Correo electr\u00f3nico Iniciar sesi\u00f3n www.CleverReach.de<\/p>\n","protected":false},"author":1,"featured_media":0,"parent":0,"menu_order":0,"comment_status":"closed","ping_status":"closed","template":"","meta":{"_uag_custom_page_level_css":"","site-sidebar-layout":"default","site-content-layout":"","ast-site-content-layout":"default","site-content-style":"default","site-sidebar-style":"default","ast-global-header-display":"","ast-banner-title-visibility":"","ast-main-header-display":"","ast-hfb-above-header-display":"","ast-hfb-below-header-display":"","ast-hfb-mobile-header-display":"","site-post-title":"","ast-breadcrumbs-content":"","ast-featured-img":"","footer-sml-layout":"","ast-disable-related-posts":"","theme-transparent-header-meta":"","adv-header-id-meta":"","stick-header-meta":"","header-above-stick-meta":"","header-main-stick-meta":"","header-below-stick-meta":"","astra-migrate-meta-layouts":"default","ast-page-background-enabled":"default","ast-page-background-meta":{"desktop":{"background-color":"var(--ast-global-color-4)","background-image":"","background-repeat":"repeat","background-position":"center center","background-size":"auto","background-attachment":"scroll","background-type":"","background-media":"","overlay-type":"","overlay-color":"","overlay-opacity":"","overlay-gradient":""},"tablet":{"background-color":"","background-image":"","background-repeat":"repeat","background-position":"center center","background-size":"auto","background-attachment":"scroll","background-type":"","background-media":"","overlay-type":"","overlay-color":"","overlay-opacity":"","overlay-gradient":""},"mobile":{"background-color":"","background-image":"","background-repeat":"repeat","background-position":"center center","background-size":"auto","background-attachment":"scroll","background-type":"","background-media":"","overlay-type":"","overlay-color":"","overlay-opacity":"","overlay-gradient":""}},"ast-content-background-meta":{"desktop":{"background-color":"var(--ast-global-color-5)","background-image":"","background-repeat":"repeat","background-position":"center center","background-size":"auto","background-attachment":"scroll","background-type":"","background-media":"","overlay-type":"","overlay-color":"","overlay-opacity":"","overlay-gradient":""},"tablet":{"background-color":"var(--ast-global-color-5)","background-image":"","background-repeat":"repeat","background-position":"center center","background-size":"auto","background-attachment":"scroll","background-type":"","background-media":"","overlay-type":"","overlay-color":"","overlay-opacity":"","overlay-gradient":""},"mobile":{"background-color":"var(--ast-global-color-5)","background-image":"","background-repeat":"repeat","background-position":"center center","background-size":"auto","background-attachment":"scroll","background-type":"","background-media":"","overlay-type":"","overlay-color":"","overlay-opacity":"","overlay-gradient":""}},"footnotes":""},"class_list":["post-4468","page","type-page","status-publish","hentry"],"yoast_head":"<!-- This site is optimized with the Yoast SEO Premium plugin v27.3 (Yoast SEO v27.3) - https:\/\/yoast.com\/product\/yoast-seo-premium-wordpress\/ -->\n<title>Just Train - No Game<\/title>\n<meta name=\"robots\" content=\"index, follow, max-snippet:-1, max-image-preview:large, max-video-preview:-1\" \/>\n<link rel=\"canonical\" href=\"https:\/\/ictrainer.de\/es\/suscribete-al-boletin\/\" \/>\n<meta property=\"og:locale\" content=\"es_ES\" \/>\n<meta property=\"og:type\" content=\"article\" \/>\n<meta property=\"og:title\" content=\"Suscr\u00edbete al bolet\u00edn\" \/>\n<meta property=\"og:description\" content=\"Pol\u00edtica de privacidad \/ Darse de baja del bolet\u00edn Puedes hacer clic en \u00abMe gusta\u00bb en nuestra p\u00e1gina de Facebook o inscribirte aqu\u00ed con tu direcci\u00f3n de correo electr\u00f3nico y, por motivos de seguridad, recibir\u00e1s un correo electr\u00f3nico para confirmar tu deseo de recibir el bolet\u00edn: Correo electr\u00f3nico Iniciar sesi\u00f3n www.CleverReach.de\" \/>\n<meta property=\"og:url\" content=\"https:\/\/ictrainer.de\/es\/suscribete-al-boletin\/\" \/>\n<meta property=\"og:site_name\" content=\"icTrainer\" \/>\n<meta property=\"article:publisher\" content=\"https:\/\/www.facebook.com\/icTrainer-2225105191083880\" \/>\n<meta property=\"og:image\" content=\"https:\/\/ictrainer.de\/wp-content\/uploads\/2022\/01\/iStock-1220886096.jpg\" \/>\n\t<meta property=\"og:image:width\" content=\"1254\" \/>\n\t<meta property=\"og:image:height\" content=\"836\" \/>\n\t<meta property=\"og:image:type\" content=\"image\/jpeg\" \/>\n<meta name=\"twitter:card\" content=\"summary_large_image\" \/>\n<script type=\"application\/ld+json\" class=\"yoast-schema-graph\">{\"@context\":\"https:\\\/\\\/schema.org\",\"@graph\":[{\"@type\":\"WebPage\",\"@id\":\"https:\\\/\\\/ictrainer.de\\\/es\\\/suscribete-al-boletin\\\/\",\"url\":\"https:\\\/\\\/ictrainer.de\\\/es\\\/suscribete-al-boletin\\\/\",\"name\":\"Just Train - No Game\",\"isPartOf\":{\"@id\":\"https:\\\/\\\/ictrainer.de\\\/es\\\/#website\"},\"datePublished\":\"2025-10-30T12:30:17+00:00\",\"breadcrumb\":{\"@id\":\"https:\\\/\\\/ictrainer.de\\\/es\\\/suscribete-al-boletin\\\/#breadcrumb\"},\"inLanguage\":\"es\",\"potentialAction\":[{\"@type\":\"ReadAction\",\"target\":[\"https:\\\/\\\/ictrainer.de\\\/es\\\/suscribete-al-boletin\\\/\"]}]},{\"@type\":\"BreadcrumbList\",\"@id\":\"https:\\\/\\\/ictrainer.de\\\/es\\\/suscribete-al-boletin\\\/#breadcrumb\",\"itemListElement\":[{\"@type\":\"ListItem\",\"position\":1,\"name\":\"Startseite\",\"item\":\"https:\\\/\\\/ictrainer.de\\\/es\\\/\"},{\"@type\":\"ListItem\",\"position\":2,\"name\":\"Suscr\u00edbete al bolet\u00edn\"}]},{\"@type\":\"WebSite\",\"@id\":\"https:\\\/\\\/ictrainer.de\\\/es\\\/#website\",\"url\":\"https:\\\/\\\/ictrainer.de\\\/es\\\/\",\"name\":\"icTrainer\",\"description\":\"Just Train - No Game\",\"publisher\":{\"@id\":\"https:\\\/\\\/ictrainer.de\\\/es\\\/#organization\"},\"potentialAction\":[{\"@type\":\"SearchAction\",\"target\":{\"@type\":\"EntryPoint\",\"urlTemplate\":\"https:\\\/\\\/ictrainer.de\\\/es\\\/?s={search_term_string}\"},\"query-input\":{\"@type\":\"PropertyValueSpecification\",\"valueRequired\":true,\"valueName\":\"search_term_string\"}}],\"inLanguage\":\"es\"},{\"@type\":\"Organization\",\"@id\":\"https:\\\/\\\/ictrainer.de\\\/es\\\/#organization\",\"name\":\"icTrainer\",\"url\":\"https:\\\/\\\/ictrainer.de\\\/es\\\/\",\"logo\":{\"@type\":\"ImageObject\",\"inLanguage\":\"es\",\"@id\":\"https:\\\/\\\/ictrainer.de\\\/es\\\/#\\\/schema\\\/logo\\\/image\\\/\",\"url\":\"\",\"contentUrl\":\"\",\"caption\":\"icTrainer\"},\"image\":{\"@id\":\"https:\\\/\\\/ictrainer.de\\\/es\\\/#\\\/schema\\\/logo\\\/image\\\/\"},\"sameAs\":[\"https:\\\/\\\/www.facebook.com\\\/icTrainer-2225105191083880\",\"https:\\\/\\\/www.youtube.com\\\/channel\\\/UCA8JtIJrsuwIuYdXJupFuHQ\\\/videos\"]}]}<\/script>\n<!-- \/ Yoast SEO Premium plugin. -->","yoast_head_json":{"title":"Just Train - No Game","robots":{"index":"index","follow":"follow","max-snippet":"max-snippet:-1","max-image-preview":"max-image-preview:large","max-video-preview":"max-video-preview:-1"},"canonical":"https:\/\/ictrainer.de\/es\/suscribete-al-boletin\/","og_locale":"es_ES","og_type":"article","og_title":"Suscr\u00edbete al bolet\u00edn","og_description":"Pol\u00edtica de privacidad \/ Darse de baja del bolet\u00edn Puedes hacer clic en \u00abMe gusta\u00bb en nuestra p\u00e1gina de Facebook o inscribirte aqu\u00ed con tu direcci\u00f3n de correo electr\u00f3nico y, por motivos de seguridad, recibir\u00e1s un correo electr\u00f3nico para confirmar tu deseo de recibir el bolet\u00edn: Correo electr\u00f3nico Iniciar sesi\u00f3n www.CleverReach.de","og_url":"https:\/\/ictrainer.de\/es\/suscribete-al-boletin\/","og_site_name":"icTrainer","article_publisher":"https:\/\/www.facebook.com\/icTrainer-2225105191083880","og_image":[{"width":1254,"height":836,"url":"https:\/\/ictrainer.de\/wp-content\/uploads\/2022\/01\/iStock-1220886096.jpg","type":"image\/jpeg"}],"twitter_card":"summary_large_image","schema":{"@context":"https:\/\/schema.org","@graph":[{"@type":"WebPage","@id":"https:\/\/ictrainer.de\/es\/suscribete-al-boletin\/","url":"https:\/\/ictrainer.de\/es\/suscribete-al-boletin\/","name":"Just Train - No Game","isPartOf":{"@id":"https:\/\/ictrainer.de\/es\/#website"},"datePublished":"2025-10-30T12:30:17+00:00","breadcrumb":{"@id":"https:\/\/ictrainer.de\/es\/suscribete-al-boletin\/#breadcrumb"},"inLanguage":"es","potentialAction":[{"@type":"ReadAction","target":["https:\/\/ictrainer.de\/es\/suscribete-al-boletin\/"]}]},{"@type":"BreadcrumbList","@id":"https:\/\/ictrainer.de\/es\/suscribete-al-boletin\/#breadcrumb","itemListElement":[{"@type":"ListItem","position":1,"name":"Startseite","item":"https:\/\/ictrainer.de\/es\/"},{"@type":"ListItem","position":2,"name":"Suscr\u00edbete al bolet\u00edn"}]},{"@type":"WebSite","@id":"https:\/\/ictrainer.de\/es\/#website","url":"https:\/\/ictrainer.de\/es\/","name":"icTrainer","description":"Just Train - No Game","publisher":{"@id":"https:\/\/ictrainer.de\/es\/#organization"},"potentialAction":[{"@type":"SearchAction","target":{"@type":"EntryPoint","urlTemplate":"https:\/\/ictrainer.de\/es\/?s={search_term_string}"},"query-input":{"@type":"PropertyValueSpecification","valueRequired":true,"valueName":"search_term_string"}}],"inLanguage":"es"},{"@type":"Organization","@id":"https:\/\/ictrainer.de\/es\/#organization","name":"icTrainer","url":"https:\/\/ictrainer.de\/es\/","logo":{"@type":"ImageObject","inLanguage":"es","@id":"https:\/\/ictrainer.de\/es\/#\/schema\/logo\/image\/","url":"","contentUrl":"","caption":"icTrainer"},"image":{"@id":"https:\/\/ictrainer.de\/es\/#\/schema\/logo\/image\/"},"sameAs":["https:\/\/www.facebook.com\/icTrainer-2225105191083880","https:\/\/www.youtube.com\/channel\/UCA8JtIJrsuwIuYdXJupFuHQ\/videos"]}]}},"uagb_featured_image_src":{"full":false,"thumbnail":false,"medium":false,"medium_large":false,"large":false,"1536x1536":false,"2048x2048":false},"uagb_author_info":{"display_name":"Nicolas","author_link":"https:\/\/ictrainer.de\/es\/author\/admin\/"},"uagb_comment_info":0,"uagb_excerpt":"Pol\u00edtica de privacidad \/ Darse de baja del bolet\u00edn Puedes hacer clic en \u00abMe gusta\u00bb en nuestra p\u00e1gina de Facebook o inscribirte aqu\u00ed con tu direcci\u00f3n de correo electr\u00f3nico y, por motivos de seguridad, recibir\u00e1s un correo electr\u00f3nico para confirmar tu deseo de recibir el bolet\u00edn: Correo electr\u00f3nico Iniciar sesi\u00f3n www.CleverReach.de","_links":{"self":[{"href":"https:\/\/ictrainer.de\/es\/wp-json\/wp\/v2\/pages\/4468","targetHints":{"allow":["GET"]}}],"collection":[{"href":"https:\/\/ictrainer.de\/es\/wp-json\/wp\/v2\/pages"}],"about":[{"href":"https:\/\/ictrainer.de\/es\/wp-json\/wp\/v2\/types\/page"}],"author":[{"embeddable":true,"href":"https:\/\/ictrainer.de\/es\/wp-json\/wp\/v2\/users\/1"}],"replies":[{"embeddable":true,"href":"https:\/\/ictrainer.de\/es\/wp-json\/wp\/v2\/comments?post=4468"}],"version-history":[{"count":1,"href":"https:\/\/ictrainer.de\/es\/wp-json\/wp\/v2\/pages\/4468\/revisions"}],"predecessor-version":[{"id":4469,"href":"https:\/\/ictrainer.de\/es\/wp-json\/wp\/v2\/pages\/4468\/revisions\/4469"}],"wp:attachment":[{"href":"https:\/\/ictrainer.de\/es\/wp-json\/wp\/v2\/media?parent=4468"}],"curies":[{"name":"wp","href":"https:\/\/api.w.org\/{rel}","templated":true}]}}