{"id":4422,"date":"2025-10-30T12:29:07","date_gmt":"2025-10-30T12:29:07","guid":{"rendered":"https:\/\/ictrainer.de\/bienvenido-a-ictrainer\/"},"modified":"2026-02-12T15:28:02","modified_gmt":"2026-02-12T15:28:02","slug":"bienvenido-a-ictrainer","status":"publish","type":"page","link":"https:\/\/ictrainer.de\/es\/bienvenido-a-ictrainer\/","title":{"rendered":"Bienvenido a icTrainer"},"content":{"rendered":"\n<p class=\"has-text-align-left\">Hola,<br\/><br\/> En nuestra \u00e1rea de clientes puedes <a href=\"https:\/\/ictrainer.de\/es\/pago\/?plan=1\">comprar una licencia de icTrainer directamente<\/a> y administrar tu <a href=\"https:\/\/ictrainer.de\/account\/&#xBB;&gt;cuenta &lt;\/a&gt; desde el sitio web &lt;em&gt;(aqu&#xED; no se muestran los datos provenientes de la App Store ni del software)&lt;\/em&gt;.&lt;br\/&gt;&lt;br\/&gt; &#xA1;Comencemos! &lt;br\/&gt; &lt;strong&gt;Paso 1:&lt;\/strong&gt; &lt;a href=\" http:=\"\">Descarga el software aqu\u00ed<\/a> <em>(si a\u00fan no lo hiciste)<\/em>, inst\u00e1lalo y pru\u00e9balo gratis.<br\/> <strong>Paso 2:<\/strong> <a href=\"https:\/\/ictrainer.de\/es\/pago\/?plan=1\">Compra la licencia aqu\u00ed<\/a><br\/> <strong>Paso 3:<\/strong> Just train, no game \ud83d\ude09<br\/><br\/> \u00a1Disfruta tu entrenamiento! <br\/> <em>El equipo de icTrainer<\/em><\/p>\n\n<div class=\"wp-block-columns is-layout-flex wp-container-core-columns-is-layout-28f84493 wp-block-columns-is-layout-flex\">\n<div class=\"wp-block-column is-layout-flow wp-block-column-is-layout-flow\">\n<figure class=\"wp-block-image size-large\"><img decoding=\"async\" width=\"1024\" height=\"640\" src=\"https:\/\/ictrainer.de\/wp-content\/uploads\/2024\/09\/Startseite-1024x640.jpg\" alt=\"\" class=\"wp-image-2988\" srcset=\"https:\/\/ictrainer.de\/wp-content\/uploads\/2024\/09\/Startseite-1024x640.jpg 1024w, https:\/\/ictrainer.de\/wp-content\/uploads\/2024\/09\/Startseite-300x188.jpg 300w, https:\/\/ictrainer.de\/wp-content\/uploads\/2024\/09\/Startseite-768x480.jpg 768w, https:\/\/ictrainer.de\/wp-content\/uploads\/2024\/09\/Startseite-1536x960.jpg 1536w, https:\/\/ictrainer.de\/wp-content\/uploads\/2024\/09\/Startseite.jpg 1728w\" sizes=\"(max-width: 1024px) 100vw, 1024px\" \/><\/figure>\n<\/div>\n\n\n\n<div class=\"wp-block-column is-layout-flow wp-block-column-is-layout-flow\">\n<figure class=\"wp-block-image size-large is-resized\"><img decoding=\"async\" width=\"1024\" height=\"640\" src=\"https:\/\/ictrainer.de\/wp-content\/uploads\/2024\/09\/Strecken-1024x640.jpg\" alt=\"\" class=\"wp-image-2991\" style=\"width:443px;height:auto\" srcset=\"https:\/\/ictrainer.de\/wp-content\/uploads\/2024\/09\/Strecken-1024x640.jpg 1024w, https:\/\/ictrainer.de\/wp-content\/uploads\/2024\/09\/Strecken-300x188.jpg 300w, https:\/\/ictrainer.de\/wp-content\/uploads\/2024\/09\/Strecken-768x480.jpg 768w, https:\/\/ictrainer.de\/wp-content\/uploads\/2024\/09\/Strecken-1536x960.jpg 1536w, https:\/\/ictrainer.de\/wp-content\/uploads\/2024\/09\/Strecken.jpg 1728w\" sizes=\"(max-width: 1024px) 100vw, 1024px\" \/><\/figure>\n<\/div>\n<\/div>\n\n<div style=\"height:100px\" aria-hidden=\"true\" class=\"wp-block-spacer\"><\/div>\n","protected":false},"excerpt":{"rendered":"<p>Hola, En nuestra \u00e1rea de clientes puedes comprar una licencia de icTrainer directamente y administrar tu Descarga el software aqu\u00ed (si a\u00fan no lo hiciste), inst\u00e1lalo y pru\u00e9balo gratis. Paso 2: Compra la licencia aqu\u00ed Paso 3: Just train, no game \ud83d\ude09 \u00a1Disfruta tu entrenamiento! El equipo de icTrainer<\/p>\n","protected":false},"author":1,"featured_media":0,"parent":0,"menu_order":0,"comment_status":"closed","ping_status":"closed","template":"","meta":{"_uag_custom_page_level_css":"","site-sidebar-layout":"default","site-content-layout":"","ast-site-content-layout":"default","site-content-style":"default","site-sidebar-style":"default","ast-global-header-display":"","ast-banner-title-visibility":"","ast-main-header-display":"","ast-hfb-above-header-display":"","ast-hfb-below-header-display":"","ast-hfb-mobile-header-display":"","site-post-title":"","ast-breadcrumbs-content":"","ast-featured-img":"","footer-sml-layout":"","ast-disable-related-posts":"","theme-transparent-header-meta":"","adv-header-id-meta":"","stick-header-meta":"","header-above-stick-meta":"","header-main-stick-meta":"","header-below-stick-meta":"","astra-migrate-meta-layouts":"default","ast-page-background-enabled":"default","ast-page-background-meta":{"desktop":{"background-color":"var(--ast-global-color-4)","background-image":"","background-repeat":"repeat","background-position":"center center","background-size":"auto","background-attachment":"scroll","background-type":"","background-media":"","overlay-type":"","overlay-color":"","overlay-opacity":"","overlay-gradient":""},"tablet":{"background-color":"","background-image":"","background-repeat":"repeat","background-position":"center center","background-size":"auto","background-attachment":"scroll","background-type":"","background-media":"","overlay-type":"","overlay-color":"","overlay-opacity":"","overlay-gradient":""},"mobile":{"background-color":"","background-image":"","background-repeat":"repeat","background-position":"center center","background-size":"auto","background-attachment":"scroll","background-type":"","background-media":"","overlay-type":"","overlay-color":"","overlay-opacity":"","overlay-gradient":""}},"ast-content-background-meta":{"desktop":{"background-color":"var(--ast-global-color-5)","background-image":"","background-repeat":"repeat","background-position":"center center","background-size":"auto","background-attachment":"scroll","background-type":"","background-media":"","overlay-type":"","overlay-color":"","overlay-opacity":"","overlay-gradient":""},"tablet":{"background-color":"var(--ast-global-color-5)","background-image":"","background-repeat":"repeat","background-position":"center center","background-size":"auto","background-attachment":"scroll","background-type":"","background-media":"","overlay-type":"","overlay-color":"","overlay-opacity":"","overlay-gradient":""},"mobile":{"background-color":"var(--ast-global-color-5)","background-image":"","background-repeat":"repeat","background-position":"center center","background-size":"auto","background-attachment":"scroll","background-type":"","background-media":"","overlay-type":"","overlay-color":"","overlay-opacity":"","overlay-gradient":""}},"footnotes":""},"class_list":["post-4422","page","type-page","status-publish","hentry"],"yoast_head":"<!-- This site is optimized with the Yoast SEO Premium plugin v27.3 (Yoast SEO v27.3) - https:\/\/yoast.com\/product\/yoast-seo-premium-wordpress\/ -->\n<title>Just Train - No Game<\/title>\n<meta name=\"robots\" content=\"index, follow, max-snippet:-1, max-image-preview:large, max-video-preview:-1\" \/>\n<link rel=\"canonical\" href=\"https:\/\/ictrainer.de\/es\/bienvenido-a-ictrainer\/\" \/>\n<meta property=\"og:locale\" content=\"es_ES\" \/>\n<meta property=\"og:type\" content=\"article\" \/>\n<meta property=\"og:title\" content=\"Bienvenido a icTrainer\" \/>\n<meta property=\"og:description\" content=\"Hola, En nuestra \u00e1rea de clientes puedes comprar una licencia de icTrainer directamente y administrar tu Descarga el software aqu\u00ed (si a\u00fan no lo hiciste), inst\u00e1lalo y pru\u00e9balo gratis. Paso 2: Compra la licencia aqu\u00ed Paso 3: Just train, no game \ud83d\ude09 \u00a1Disfruta tu entrenamiento! El equipo de icTrainer\" \/>\n<meta property=\"og:url\" content=\"https:\/\/ictrainer.de\/es\/bienvenido-a-ictrainer\/\" \/>\n<meta property=\"og:site_name\" content=\"icTrainer\" \/>\n<meta property=\"article:publisher\" content=\"https:\/\/www.facebook.com\/icTrainer-2225105191083880\" \/>\n<meta property=\"article:modified_time\" content=\"2026-02-12T15:28:02+00:00\" \/>\n<meta property=\"og:image\" content=\"https:\/\/ictrainer.de\/wp-content\/uploads\/2024\/09\/Startseite.jpg\" \/>\n\t<meta property=\"og:image:width\" content=\"1728\" \/>\n\t<meta property=\"og:image:height\" content=\"1080\" \/>\n\t<meta property=\"og:image:type\" content=\"image\/jpeg\" \/>\n<meta name=\"twitter:card\" content=\"summary_large_image\" \/>\n<script type=\"application\/ld+json\" class=\"yoast-schema-graph\">{\"@context\":\"https:\\\/\\\/schema.org\",\"@graph\":[{\"@type\":\"WebPage\",\"@id\":\"https:\\\/\\\/ictrainer.de\\\/es\\\/bienvenido-a-ictrainer\\\/\",\"url\":\"https:\\\/\\\/ictrainer.de\\\/es\\\/bienvenido-a-ictrainer\\\/\",\"name\":\"Just Train - No Game\",\"isPartOf\":{\"@id\":\"https:\\\/\\\/ictrainer.de\\\/es\\\/#website\"},\"primaryImageOfPage\":{\"@id\":\"https:\\\/\\\/ictrainer.de\\\/es\\\/bienvenido-a-ictrainer\\\/#primaryimage\"},\"image\":{\"@id\":\"https:\\\/\\\/ictrainer.de\\\/es\\\/bienvenido-a-ictrainer\\\/#primaryimage\"},\"thumbnailUrl\":\"https:\\\/\\\/ictrainer.de\\\/wp-content\\\/uploads\\\/2024\\\/09\\\/Startseite-1024x640.jpg\",\"datePublished\":\"2025-10-30T12:29:07+00:00\",\"dateModified\":\"2026-02-12T15:28:02+00:00\",\"breadcrumb\":{\"@id\":\"https:\\\/\\\/ictrainer.de\\\/es\\\/bienvenido-a-ictrainer\\\/#breadcrumb\"},\"inLanguage\":\"es\",\"potentialAction\":[{\"@type\":\"ReadAction\",\"target\":[\"https:\\\/\\\/ictrainer.de\\\/es\\\/bienvenido-a-ictrainer\\\/\"]}]},{\"@type\":\"ImageObject\",\"inLanguage\":\"es\",\"@id\":\"https:\\\/\\\/ictrainer.de\\\/es\\\/bienvenido-a-ictrainer\\\/#primaryimage\",\"url\":\"https:\\\/\\\/ictrainer.de\\\/wp-content\\\/uploads\\\/2024\\\/09\\\/Startseite-1024x640.jpg\",\"contentUrl\":\"https:\\\/\\\/ictrainer.de\\\/wp-content\\\/uploads\\\/2024\\\/09\\\/Startseite-1024x640.jpg\"},{\"@type\":\"BreadcrumbList\",\"@id\":\"https:\\\/\\\/ictrainer.de\\\/es\\\/bienvenido-a-ictrainer\\\/#breadcrumb\",\"itemListElement\":[{\"@type\":\"ListItem\",\"position\":1,\"name\":\"Startseite\",\"item\":\"https:\\\/\\\/ictrainer.de\\\/es\\\/\"},{\"@type\":\"ListItem\",\"position\":2,\"name\":\"Bienvenido a icTrainer\"}]},{\"@type\":\"WebSite\",\"@id\":\"https:\\\/\\\/ictrainer.de\\\/es\\\/#website\",\"url\":\"https:\\\/\\\/ictrainer.de\\\/es\\\/\",\"name\":\"icTrainer\",\"description\":\"Just Train - No Game\",\"publisher\":{\"@id\":\"https:\\\/\\\/ictrainer.de\\\/es\\\/#organization\"},\"potentialAction\":[{\"@type\":\"SearchAction\",\"target\":{\"@type\":\"EntryPoint\",\"urlTemplate\":\"https:\\\/\\\/ictrainer.de\\\/es\\\/?s={search_term_string}\"},\"query-input\":{\"@type\":\"PropertyValueSpecification\",\"valueRequired\":true,\"valueName\":\"search_term_string\"}}],\"inLanguage\":\"es\"},{\"@type\":\"Organization\",\"@id\":\"https:\\\/\\\/ictrainer.de\\\/es\\\/#organization\",\"name\":\"icTrainer\",\"url\":\"https:\\\/\\\/ictrainer.de\\\/es\\\/\",\"logo\":{\"@type\":\"ImageObject\",\"inLanguage\":\"es\",\"@id\":\"https:\\\/\\\/ictrainer.de\\\/es\\\/#\\\/schema\\\/logo\\\/image\\\/\",\"url\":\"\",\"contentUrl\":\"\",\"caption\":\"icTrainer\"},\"image\":{\"@id\":\"https:\\\/\\\/ictrainer.de\\\/es\\\/#\\\/schema\\\/logo\\\/image\\\/\"},\"sameAs\":[\"https:\\\/\\\/www.facebook.com\\\/icTrainer-2225105191083880\",\"https:\\\/\\\/www.youtube.com\\\/channel\\\/UCA8JtIJrsuwIuYdXJupFuHQ\\\/videos\"]}]}<\/script>\n<!-- \/ Yoast SEO Premium plugin. -->","yoast_head_json":{"title":"Just Train - No Game","robots":{"index":"index","follow":"follow","max-snippet":"max-snippet:-1","max-image-preview":"max-image-preview:large","max-video-preview":"max-video-preview:-1"},"canonical":"https:\/\/ictrainer.de\/es\/bienvenido-a-ictrainer\/","og_locale":"es_ES","og_type":"article","og_title":"Bienvenido a icTrainer","og_description":"Hola, En nuestra \u00e1rea de clientes puedes comprar una licencia de icTrainer directamente y administrar tu Descarga el software aqu\u00ed (si a\u00fan no lo hiciste), inst\u00e1lalo y pru\u00e9balo gratis. Paso 2: Compra la licencia aqu\u00ed Paso 3: Just train, no game \ud83d\ude09 \u00a1Disfruta tu entrenamiento! El equipo de icTrainer","og_url":"https:\/\/ictrainer.de\/es\/bienvenido-a-ictrainer\/","og_site_name":"icTrainer","article_publisher":"https:\/\/www.facebook.com\/icTrainer-2225105191083880","article_modified_time":"2026-02-12T15:28:02+00:00","og_image":[{"width":1728,"height":1080,"url":"https:\/\/ictrainer.de\/wp-content\/uploads\/2024\/09\/Startseite.jpg","type":"image\/jpeg"}],"twitter_card":"summary_large_image","schema":{"@context":"https:\/\/schema.org","@graph":[{"@type":"WebPage","@id":"https:\/\/ictrainer.de\/es\/bienvenido-a-ictrainer\/","url":"https:\/\/ictrainer.de\/es\/bienvenido-a-ictrainer\/","name":"Just Train - No Game","isPartOf":{"@id":"https:\/\/ictrainer.de\/es\/#website"},"primaryImageOfPage":{"@id":"https:\/\/ictrainer.de\/es\/bienvenido-a-ictrainer\/#primaryimage"},"image":{"@id":"https:\/\/ictrainer.de\/es\/bienvenido-a-ictrainer\/#primaryimage"},"thumbnailUrl":"https:\/\/ictrainer.de\/wp-content\/uploads\/2024\/09\/Startseite-1024x640.jpg","datePublished":"2025-10-30T12:29:07+00:00","dateModified":"2026-02-12T15:28:02+00:00","breadcrumb":{"@id":"https:\/\/ictrainer.de\/es\/bienvenido-a-ictrainer\/#breadcrumb"},"inLanguage":"es","potentialAction":[{"@type":"ReadAction","target":["https:\/\/ictrainer.de\/es\/bienvenido-a-ictrainer\/"]}]},{"@type":"ImageObject","inLanguage":"es","@id":"https:\/\/ictrainer.de\/es\/bienvenido-a-ictrainer\/#primaryimage","url":"https:\/\/ictrainer.de\/wp-content\/uploads\/2024\/09\/Startseite-1024x640.jpg","contentUrl":"https:\/\/ictrainer.de\/wp-content\/uploads\/2024\/09\/Startseite-1024x640.jpg"},{"@type":"BreadcrumbList","@id":"https:\/\/ictrainer.de\/es\/bienvenido-a-ictrainer\/#breadcrumb","itemListElement":[{"@type":"ListItem","position":1,"name":"Startseite","item":"https:\/\/ictrainer.de\/es\/"},{"@type":"ListItem","position":2,"name":"Bienvenido a icTrainer"}]},{"@type":"WebSite","@id":"https:\/\/ictrainer.de\/es\/#website","url":"https:\/\/ictrainer.de\/es\/","name":"icTrainer","description":"Just Train - No Game","publisher":{"@id":"https:\/\/ictrainer.de\/es\/#organization"},"potentialAction":[{"@type":"SearchAction","target":{"@type":"EntryPoint","urlTemplate":"https:\/\/ictrainer.de\/es\/?s={search_term_string}"},"query-input":{"@type":"PropertyValueSpecification","valueRequired":true,"valueName":"search_term_string"}}],"inLanguage":"es"},{"@type":"Organization","@id":"https:\/\/ictrainer.de\/es\/#organization","name":"icTrainer","url":"https:\/\/ictrainer.de\/es\/","logo":{"@type":"ImageObject","inLanguage":"es","@id":"https:\/\/ictrainer.de\/es\/#\/schema\/logo\/image\/","url":"","contentUrl":"","caption":"icTrainer"},"image":{"@id":"https:\/\/ictrainer.de\/es\/#\/schema\/logo\/image\/"},"sameAs":["https:\/\/www.facebook.com\/icTrainer-2225105191083880","https:\/\/www.youtube.com\/channel\/UCA8JtIJrsuwIuYdXJupFuHQ\/videos"]}]}},"uagb_featured_image_src":{"full":false,"thumbnail":false,"medium":false,"medium_large":false,"large":false,"1536x1536":false,"2048x2048":false},"uagb_author_info":{"display_name":"Nicolas","author_link":"https:\/\/ictrainer.de\/es\/author\/admin\/"},"uagb_comment_info":0,"uagb_excerpt":"Hola, En nuestra \u00e1rea de clientes puedes comprar una licencia de icTrainer directamente y administrar tu Descarga el software aqu\u00ed (si a\u00fan no lo hiciste), inst\u00e1lalo y pru\u00e9balo gratis. Paso 2: Compra la licencia aqu\u00ed Paso 3: Just train, no game \ud83d\ude09 \u00a1Disfruta tu entrenamiento! El equipo de icTrainer","_links":{"self":[{"href":"https:\/\/ictrainer.de\/es\/wp-json\/wp\/v2\/pages\/4422","targetHints":{"allow":["GET"]}}],"collection":[{"href":"https:\/\/ictrainer.de\/es\/wp-json\/wp\/v2\/pages"}],"about":[{"href":"https:\/\/ictrainer.de\/es\/wp-json\/wp\/v2\/types\/page"}],"author":[{"embeddable":true,"href":"https:\/\/ictrainer.de\/es\/wp-json\/wp\/v2\/users\/1"}],"replies":[{"embeddable":true,"href":"https:\/\/ictrainer.de\/es\/wp-json\/wp\/v2\/comments?post=4422"}],"version-history":[{"count":3,"href":"https:\/\/ictrainer.de\/es\/wp-json\/wp\/v2\/pages\/4422\/revisions"}],"predecessor-version":[{"id":5529,"href":"https:\/\/ictrainer.de\/es\/wp-json\/wp\/v2\/pages\/4422\/revisions\/5529"}],"wp:attachment":[{"href":"https:\/\/ictrainer.de\/es\/wp-json\/wp\/v2\/media?parent=4422"}],"curies":[{"name":"wp","href":"https:\/\/api.w.org\/{rel}","templated":true}]}}